{"id":636,"date":"2020-08-24T20:31:41","date_gmt":"2020-08-24T20:31:41","guid":{"rendered":"https:\/\/wir-lernen-weiter.ch\/?page_id=636"},"modified":"2026-05-12T07:38:52","modified_gmt":"2026-05-12T06:38:52","slug":"unser-verein","status":"publish","type":"page","link":"https:\/\/wir-lernen-weiter.ch\/it\/unser-verein\/","title":{"rendered":"La nostra associazione"},"content":{"rendered":"<div class=\"wp-block-media-text alignwide is-stacked-on-mobile is-style-tw-shadow\"><figure class=\"wp-block-media-text__media\"><img decoding=\"async\" width=\"1024\" height=\"683\" src=\"https:\/\/wir-lernen-weiter.ch\/wp-content\/uploads\/2025\/05\/FINAL-ZF200400-1024x683.jpg\" alt=\"\" class=\"wp-image-5663 size-full\" srcset=\"https:\/\/wir-lernen-weiter.ch\/wp-content\/uploads\/2025\/05\/FINAL-ZF200400-1024x683.jpg 1024w, https:\/\/wir-lernen-weiter.ch\/wp-content\/uploads\/2025\/05\/FINAL-ZF200400-300x200.jpg 300w, https:\/\/wir-lernen-weiter.ch\/wp-content\/uploads\/2025\/05\/FINAL-ZF200400-768x512.jpg 768w, https:\/\/wir-lernen-weiter.ch\/wp-content\/uploads\/2025\/05\/FINAL-ZF200400-50x33.jpg 50w, https:\/\/wir-lernen-weiter.ch\/wp-content\/uploads\/2025\/05\/FINAL-ZF200400-1536x1024.jpg 1536w, https:\/\/wir-lernen-weiter.ch\/wp-content\/uploads\/2025\/05\/FINAL-ZF200400-2048x1366.jpg 2048w, https:\/\/wir-lernen-weiter.ch\/wp-content\/uploads\/2025\/05\/FINAL-ZF200400-18x12.jpg 18w, https:\/\/wir-lernen-weiter.ch\/wp-content\/uploads\/2025\/05\/FINAL-ZF200400-1200x800.jpg 1200w, https:\/\/wir-lernen-weiter.ch\/wp-content\/uploads\/2025\/05\/FINAL-ZF200400-1980x1320.jpg 1980w\" sizes=\"(max-width: 1024px) 100vw, 1024px\" \/><\/figure><div class=\"wp-block-media-text__content\">\n<p class=\"has-large-font-size\"><strong>Tanta volont\u00e0 per un unico obiettivo<\/strong>!<\/p>\n\n\n\n<p>Ogni membro dell'associazione sostiene il nostro importante lavoro.<\/p>\n\n\n\n<p>Ma per cambiare qualcosa \u00e8 necessario passare all'azione invece che alle parole. Qui potete scoprire come lo facciamo.<\/p>\n<\/div><\/div>\n\n\n\n<h2 class=\"wp-block-heading has-text-align-center\">Come funziona la nostra organizzazione<\/h2>\n\n\n\n<p class=\"wp-block-ht-blocks-messages wp-block-hb-message wp-block-hb-message--withicon\">Di seguito sono illustrati i singoli elementi che compongono la nostra associazione. Cliccate su un punto per saperne di pi\u00f9.<\/p>\n\n\n\n<div class=\"wp-block-ht-blocks-accordion wp-block-hb-accordion\"><div class=\"wp-block-hb-accordion__section\" data-ht-blocks-accordion-block-state=\"closed\"><div class=\"wp-block-hb-accordion__title\"><span>Membri<\/span><\/div><div class=\"wp-block-hb-accordion__content\"><div class=\"wp-block-hb-accordion__contentwrap\">Qualsiasi persona fisica in Svizzera pu\u00f2 diventare membro dell'associazione. L'ammissione di nuovi membri avviene in occasione dell'assemblea generale annuale (GM).<\/div><\/div><\/div><div class=\"wp-block-hb-accordion__section\" data-ht-blocks-accordion-block-state=\"closed\"><div class=\"wp-block-hb-accordion__title\"><span>Assemblea generale<\/span><\/div><div class=\"wp-block-hb-accordion__content\"><div class=\"wp-block-hb-accordion__contentwrap\">\u00c8 l'organo supremo dell'organizzazione. Una volta all'anno, decide sui conti, sui bilanci e molto altro ancora. Tutti i membri hanno diritto di voto<\/div><\/div><\/div><div class=\"wp-block-hb-accordion__section\" data-ht-blocks-accordion-block-state=\"closed\"><div class=\"wp-block-hb-accordion__title\"><span>Consiglio di amministrazione<\/span><\/div><div class=\"wp-block-hb-accordion__content\"><div class=\"wp-block-hb-accordion__contentwrap\">I membri del Consiglio direttivo vengono eletti per un anno in occasione dell'Assemblea generale. Ogni membro dell'Associazione pu\u00f2 diventare membro del Consiglio direttivo.<br><br>Il nostro Consiglio di amministrazione \u00e8 composto da Beat Habegger, Dalia Sch\u00e4r e Daniel Rotzetter.<br><br><\/div><\/div><\/div><div class=\"wp-block-hb-accordion__section\" data-ht-blocks-accordion-block-state=\"closed\"><div class=\"wp-block-hb-accordion__title\"><span>(Co)Presidio<\/span><\/div><div class=\"wp-block-hb-accordion__content\"><div class=\"wp-block-hb-accordion__contentwrap\">Il Comitato esecutivo \u00e8 un organo interno al Consiglio direttivo che costituisce il massimo organo di gestione dell'associazione. Qualsiasi membro del Consiglio direttivo pu\u00f2 essere eletto nel Comitato esecutivo. Dal 2021, la presidenza \u00e8 gestita come co-presidenza. <br><br>La co-presidenza \u00e8 composta da Beat Habegger e Dalia Sch\u00e4r.<\/div><\/div><\/div><div class=\"wp-block-hb-accordion__section\" data-ht-blocks-accordion-block-state=\"closed\"><div class=\"wp-block-hb-accordion__title\"><span>Gestione<\/span><\/div><div class=\"wp-block-hb-accordion__content\"><div class=\"wp-block-hb-accordion__contentwrap\">Rappresenta le preoccupazioni del team operativo al Comitato esecutivo e traduce gli obiettivi strategici in attivit\u00e0 operative. Esiste un solo Direttore generale.<br><br>Il team di gestione allargato comprende membri del team operativo che sono responsabili di una o pi\u00f9 aree critiche del team operativo.<br><\/div><\/div><\/div><div class=\"wp-block-hb-accordion__section\" data-ht-blocks-accordion-block-state=\"closed\"><div class=\"wp-block-hb-accordion__title\"><span>Squadra operativa<\/span><\/div><div class=\"wp-block-hb-accordion__content\"><div class=\"wp-block-hb-accordion__contentwrap\">Il team operativo \u00e8 composto da tutti i dipendenti dell'associazione ed \u00e8 guidato dalla direzione. Qui si fa molto, ogni giorno, nelle varie aree di responsabilit\u00e0, per garantire che la nostra organizzazione possa funzionare in modo efficace.<br><br>Il lavoro dell'associazione non sarebbe pi\u00f9 possibile su base puramente volontaria. Investiamo molto nella trasparenza di questo lavoro, ad esempio con un'ampia <a href=\"https:\/\/wir-lernen-weiter.ch\/it\/knowledge-base\/arbeitsverhaeltnisse\/\" data-type=\"ht_kb\" data-id=\"2906\">Trasparenza salariale<\/a>.<\/div><\/div><\/div><\/div>\n\n\n\n<p class=\"wp-block-ht-blocks-messages wp-block-hb-message wp-block-hb-message--withicon\"><strong>\ud83d\ude4b\ud83c\udffc Volete saperne di pi\u00f9? <\/strong><br><br>Nell'area wiki \u00ab<a href=\"https:\/\/wir-lernen-weiter.ch\/it\/unsere-arbeit\/\" data-type=\"page\" data-id=\"5154\"><strong>Il nostro lavoro<\/strong><\/a>\u00bb troverete molte informazioni su come il nostro team operativo lavora quotidianamente e su come facciamo la differenza in tutta la Svizzera.<\/p>\n\n\n\n<div style=\"height:35px\" aria-hidden=\"true\" class=\"wp-block-spacer\"><\/div>\n\n\n\n<h2 class=\"wp-block-heading has-text-align-center\">La storia dell'organizzazione<\/h2>\n\n\n\n<figure class=\"wp-block-embed is-type-video is-provider-youtube wp-block-embed-youtube wp-embed-aspect-16-9 wp-has-aspect-ratio\"><div class=\"wp-block-embed__wrapper\">\n<iframe title=\"La storia di Wir lernen weiter \ud83e\udd70\" width=\"800\" height=\"450\" src=\"https:\/\/www.youtube.com\/embed\/Io3BLK3l-uM?feature=oembed\" frameborder=\"0\" allow=\"accelerometer; autoplay; clipboard-write; encrypted-media; gyroscope; picture-in-picture; web-share\" referrerpolicy=\"strict-origin-when-cross-origin\" allowfullscreen><\/iframe>\n<\/div><\/figure>\n\n\n\n<div style=\"height:35px\" aria-hidden=\"true\" class=\"wp-block-spacer\"><\/div>\n\n\n\n<h2 class=\"wp-block-heading has-text-align-center\">Documenti<\/h2>\n\n\n\n<div class=\"wp-block-file\"><a id=\"wp-block-file--media-64a77136-61bd-44c0-8c48-f97ecef4187a\" href=\"https:\/\/wir-lernen-weiter.ch\/wp-content\/uploads\/2023\/04\/Vereinsstatuten-WLW_Stand-01.04.2023.pdf\">Statuto dell'associazione wLw_status 01.04.2023<\/a><a href=\"https:\/\/wir-lernen-weiter.ch\/wp-content\/uploads\/2023\/04\/Vereinsstatuten-WLW_Stand-01.04.2023.pdf\" class=\"wp-block-file__button wp-element-button\" download aria-describedby=\"wp-block-file--media-64a77136-61bd-44c0-8c48-f97ecef4187a\">Scaricare<\/a><\/div>\n\n\n\n<div class=\"wp-block-file\"><a id=\"wp-block-file--media-e535883a-9a08-41ff-a94e-06fad97375b9\" href=\"https:\/\/wir-lernen-weiter.ch\/wp-content\/uploads\/2025\/05\/231117_Verfuegung-Steuerbefreiung.pdf\">Esenzione fiscale attualmente in vigore Kt AG<\/a><a href=\"https:\/\/wir-lernen-weiter.ch\/wp-content\/uploads\/2025\/05\/231117_Verfuegung-Steuerbefreiung.pdf\" class=\"wp-block-file__button wp-element-button\" download aria-describedby=\"wp-block-file--media-e535883a-9a08-41ff-a94e-06fad97375b9\">Scaricare<\/a><\/div>","protected":false},"excerpt":{"rendered":"<p>Viel Wille f\u00fcr ein Ziel! Jedes Vereinsmitglied steht hinter unserer wichtigen Arbeit. Doch um was zu \u00e4ndern, ben\u00f6tigt es Taten statt Worte. Wie wir das machen, findest Du hier heraus. So funktioniert unser Verein Die Geschichte des Vereins Dokumente<\/p>","protected":false},"author":6,"featured_media":0,"parent":0,"menu_order":0,"comment_status":"closed","ping_status":"closed","template":"","meta":{"iawp_total_views":162,"footnotes":""},"class_list":["post-636","page","type-page","status-publish","hentry"],"_links":{"self":[{"href":"https:\/\/wir-lernen-weiter.ch\/it\/wp-json\/wp\/v2\/pages\/636","targetHints":{"allow":["GET"]}}],"collection":[{"href":"https:\/\/wir-lernen-weiter.ch\/it\/wp-json\/wp\/v2\/pages"}],"about":[{"href":"https:\/\/wir-lernen-weiter.ch\/it\/wp-json\/wp\/v2\/types\/page"}],"author":[{"embeddable":true,"href":"https:\/\/wir-lernen-weiter.ch\/it\/wp-json\/wp\/v2\/users\/6"}],"replies":[{"embeddable":true,"href":"https:\/\/wir-lernen-weiter.ch\/it\/wp-json\/wp\/v2\/comments?post=636"}],"version-history":[{"count":2,"href":"https:\/\/wir-lernen-weiter.ch\/it\/wp-json\/wp\/v2\/pages\/636\/revisions"}],"predecessor-version":[{"id":6860,"href":"https:\/\/wir-lernen-weiter.ch\/it\/wp-json\/wp\/v2\/pages\/636\/revisions\/6860"}],"wp:attachment":[{"href":"https:\/\/wir-lernen-weiter.ch\/it\/wp-json\/wp\/v2\/media?parent=636"}],"curies":[{"name":"wp","href":"https:\/\/api.w.org\/{rel}","templated":true}]}}