{"id":6,"date":"2020-03-27T21:23:40","date_gmt":"2020-03-27T21:23:40","guid":{"rendered":"http:\/\/localhost:180\/wordpress__WLW\/?page_id=6"},"modified":"2026-04-16T15:27:59","modified_gmt":"2026-04-16T14:27:59","slug":"das-neue-museum-oeffnet-seine-tueren-2","status":"publish","type":"page","link":"https:\/\/wir-lernen-weiter.ch\/it\/","title":{"rendered":"Wir lernen weiter"},"content":{"rendered":"<div class=\"wp-block-cover alignfull is-style-default\" style=\"min-height:750px;aspect-ratio:unset;\"><img decoding=\"async\" width=\"1114\" height=\"625\" sizes=\"(max-width: 799px) 200vw, (max-width: 1114px) 100vw, 1114px\" class=\"wp-block-cover__image-background wp-image-6149\" alt=\"\" src=\"https:\/\/wir-lernen-weiter.ch\/wp-content\/uploads\/2026\/04\/2026-04-10_23-47.png\" style=\"object-position:0% 0%\" data-object-fit=\"cover\" data-object-position=\"0% 0%\" srcset=\"https:\/\/wir-lernen-weiter.ch\/wp-content\/uploads\/2026\/04\/2026-04-10_23-47.png 1114w, https:\/\/wir-lernen-weiter.ch\/wp-content\/uploads\/2026\/04\/2026-04-10_23-47-300x168.png 300w, https:\/\/wir-lernen-weiter.ch\/wp-content\/uploads\/2026\/04\/2026-04-10_23-47-1024x575.png 1024w, https:\/\/wir-lernen-weiter.ch\/wp-content\/uploads\/2026\/04\/2026-04-10_23-47-768x431.png 768w, https:\/\/wir-lernen-weiter.ch\/wp-content\/uploads\/2026\/04\/2026-04-10_23-47-50x28.png 50w, https:\/\/wir-lernen-weiter.ch\/wp-content\/uploads\/2026\/04\/2026-04-10_23-47-18x10.png 18w\" \/><span aria-hidden=\"true\" class=\"wp-block-cover__background has-primary-background-color has-background-dim-80 has-background-dim\"><\/span><div class=\"wp-block-cover__inner-container is-layout-constrained wp-block-cover-is-layout-constrained\">\n<h1 class=\"wp-block-heading has-text-align-center\" style=\"border-style:none;border-width:0px;border-radius:0px;font-size:75px;line-height:1.5\"><strong>Creare <\/strong><br>PROSPETTIVE<strong> <\/strong><br><strong>con i computer<\/strong>.<\/h1>\n\n\n\n<div class=\"wp-block-buttons is-content-justification-center is-layout-flex wp-container-core-buttons-is-layout-a89b3969 wp-block-buttons-is-layout-flex\">\n<div class=\"wp-block-button has-custom-width wp-block-button__width-50\"><a class=\"wp-block-button__link has-medium-font-size has-custom-font-size wp-element-button\" href=\"https:\/\/wir-lernen-weiter.ch\/it\/jetzt-helfen\/\" style=\"padding-top:var(--wp--preset--spacing--60);padding-bottom:var(--wp--preset--spacing--60)\">AIUTO ora<\/a><\/div>\n<\/div>\n<\/div><\/div>\n\n\n\n<h2 class=\"wp-block-heading has-text-align-center\">Donate i vostri vecchi laptop!<\/h2>\n\n\n\n<p class=\"wp-block-ht-blocks-messages wp-block-hb-message wp-block-hb-message--withicon\">\ud83e\uddd1\ud83c\udffc\u200d\ud83e\udd1d\u200d\ud83e\uddd1\ud83c\udffd <strong>Per la nostra azienda<\/strong><br><br>Senza un computer portatile, oggi si \u00e8 esclusi. Chi non pu\u00f2 permettersi un dispositivo \u00e8 particolarmente colpito. In Svizzera regaliamo dispositivi funzionanti alle persone che vivono in condizioni di povert\u00e0.<br><\/p>\n\n\n\n<p class=\"wp-block-ht-blocks-messages wp-block-hb-message wp-block-hb-message--withicon\">\ud83c\udf42 <strong>Per il nostro ambiente<\/strong><br><br>Un computer portatile in e-waste non \u00e8 un rifiuto, ma un potenziale sprecato. La sua produzione richiede enormi quantit\u00e0 di energia. Noi ripariamo, rimettiamo a nuovo e reintroduciamo i dispositivi nel ciclo.<br><\/p>\n\n\n\n<p class=\"wp-block-ht-blocks-messages wp-block-hb-message wp-block-hb-message--withicon\">\ud83e\udd11 <strong>Per il vostro registratore di cassa<\/strong><br><br>Le donazioni non costano nulla. Al contrario: si risparmia addirittura senza compromettere la protezione dei dati. Se gli altri argomenti non vi convincono, forse lo far\u00e0 questo.<br><\/p>\n\n\n\n<div class=\"wp-block-buttons is-content-justification-center is-layout-flex wp-container-core-buttons-is-layout-a89b3969 wp-block-buttons-is-layout-flex\">\n<div class=\"wp-block-button\"><a class=\"wp-block-button__link wp-element-button\" href=\"https:\/\/wir-lernen-weiter.ch\/it\/jetzt-helfen\/\">Contribuire a creare prospettive!<\/a><\/div>\n<\/div>\n\n\n\n<hr class=\"wp-block-separator has-alpha-channel-opacity\"\/>\n\n\n\n<h2 class=\"wp-block-heading has-text-align-center\">Per saperne di pi\u00f9<\/h2>\n\n\n\n<p class=\"wp-block-ht-blocks-messages wp-block-hb-message wp-block-hb-message--withicon is-style-danger\"><strong>\ud83d\udcaa Piccolo club, grande impatto<\/strong><br><br>Non vendiamo la sofferenza umana, ma agiamo con i fatti invece che con le parole. In pochi anni sono stati raggiunti molti risultati per le persone colpite dalla povert\u00e0 nel nostro Paese.<br><\/p>\n\n\n\n<div class=\"wp-block-columns is-layout-flex wp-container-core-columns-is-layout-d0b3c9c8 wp-block-columns-is-layout-flex\">\n<div class=\"wp-block-column is-layout-flow wp-block-column-is-layout-flow\">\n<p class=\"has-text-align-center has-secondary-color has-text-color has-background has-link-color has-h-2-font-size wp-elements-718368e8af1aab0ddd86346c8f94e048\" style=\"background-color:#ffffff\"><strong>&gt; 20\u2019000<\/strong><\/p>\n\n\n\n<p class=\"has-text-align-center has-primary-color has-text-color has-background has-link-color has-h-3-font-size wp-elements-65009ff062279fe4addcd8ccbc118c48\" style=\"background-color:#ffffff\"><strong>laptops<br>distribuito<\/strong><\/p>\n<\/div>\n\n\n\n<div class=\"wp-block-column is-layout-flow wp-block-column-is-layout-flow\">\n<p class=\"has-text-align-center has-secondary-color has-text-color has-background has-link-color has-h-2-font-size wp-elements-47022961c1775372360fea7c21211f8e\" style=\"background-color:#ffffff\"><strong>&gt; 1\u2019100<\/strong><\/p>\n\n\n\n<p class=\"has-text-align-center has-background has-h-3-font-size\" style=\"background-color:#fefefe\"><strong>attivo <br>Partner<\/strong><\/p>\n<\/div>\n\n\n\n<div class=\"wp-block-column is-layout-flow wp-block-column-is-layout-flow\">\n<p class=\"has-text-align-center has-secondary-color has-text-color has-background has-link-color has-h-2-font-size wp-elements-0d264bf176d3517eb52b67028832adda\" style=\"background-color:#ffffff\"><strong>in 26<\/strong><\/p>\n\n\n\n<p class=\"has-text-align-center has-background has-h-3-font-size\" style=\"background-color:#ffffff\"><strong>Cantoni<\/strong><\/p>\n<\/div>\n<\/div>\n\n\n\n<hr class=\"wp-block-separator has-alpha-channel-opacity\"\/>\n\n\n\n<h2 class=\"wp-block-heading has-text-align-center\">Ulteriori aree tematiche<\/h2>\n\n\n\n<div class=\"wp-block-columns is-layout-flex wp-container-core-columns-is-layout-d0b3c9c8 wp-block-columns-is-layout-flex\">\n<div class=\"wp-block-column is-layout-flow wp-block-column-is-layout-flow\">\n<p class=\"wp-block-ht-blocks-messages wp-block-hb-message wp-block-hb-message--withicon\"> <strong>\ud83d\udcbb<\/strong> <strong><a href=\"https:\/\/wir-lernen-weiter.ch\/it\/jetzt-helfen\/\" data-type=\"page\" data-id=\"4226\">Aiuto ora<\/a><\/strong><br><br>Scoprite qui come potete sostenerci.<\/p>\n\n\n\n<p class=\"wp-block-ht-blocks-messages wp-block-hb-message wp-block-hb-message--withicon\">\ud83d\ude0e <strong><a href=\"https:\/\/wir-lernen-weiter.ch\/it\/unser-verein\/\" data-type=\"page\" data-id=\"636\">La nostra associazione<\/a><\/strong><br><br>Per saperne di pi\u00f9 su come funzioniamo e lavoriamo.<\/p>\n<\/div>\n\n\n\n<div class=\"wp-block-column is-layout-flow wp-block-column-is-layout-flow\">\n<p class=\"wp-block-ht-blocks-messages wp-block-hb-message wp-block-hb-message--withicon\">\ud83e\uddd1\ud83c\udffc\u200d\ud83d\udd27 <strong><a href=\"https:\/\/wir-lernen-weiter.ch\/it\/unsere-arbeit\/\" data-type=\"page\" data-id=\"5154\">Il nostro lavoro<\/a><\/strong><br><br>Condividiamo le informazioni sulla nostra vita quotidiana all'interno dell'associazione.<\/p>\n\n\n\n<p class=\"wp-block-ht-blocks-messages wp-block-hb-message wp-block-hb-message--withicon\">\ud83e\udd1d <strong><a href=\"https:\/\/wir-lernen-weiter.ch\/it\/partnerschaften\/\" data-type=\"page\" data-id=\"2339\">Diventa un socio<\/a><\/strong><br><br>Ottenere computer portatili per le persone che vivono in povert\u00e0.<\/p>\n<\/div>\n<\/div>","protected":false},"excerpt":{"rendered":"<p>Spendet Eure alten Laptops! Mehr zu uns &gt; 20&#8217;000 verteilteLaptops &gt; 1&#8217;100 aktive Partner in 26 Kantonen Weitere Themenbereiche<\/p>","protected":false},"author":6,"featured_media":4868,"parent":0,"menu_order":0,"comment_status":"closed","ping_status":"closed","template":"","meta":{"iawp_total_views":952,"footnotes":""},"class_list":["post-6","page","type-page","status-publish","has-post-thumbnail","hentry"],"_links":{"self":[{"href":"https:\/\/wir-lernen-weiter.ch\/it\/wp-json\/wp\/v2\/pages\/6","targetHints":{"allow":["GET"]}}],"collection":[{"href":"https:\/\/wir-lernen-weiter.ch\/it\/wp-json\/wp\/v2\/pages"}],"about":[{"href":"https:\/\/wir-lernen-weiter.ch\/it\/wp-json\/wp\/v2\/types\/page"}],"author":[{"embeddable":true,"href":"https:\/\/wir-lernen-weiter.ch\/it\/wp-json\/wp\/v2\/users\/6"}],"replies":[{"embeddable":true,"href":"https:\/\/wir-lernen-weiter.ch\/it\/wp-json\/wp\/v2\/comments?post=6"}],"version-history":[{"count":7,"href":"https:\/\/wir-lernen-weiter.ch\/it\/wp-json\/wp\/v2\/pages\/6\/revisions"}],"predecessor-version":[{"id":6799,"href":"https:\/\/wir-lernen-weiter.ch\/it\/wp-json\/wp\/v2\/pages\/6\/revisions\/6799"}],"wp:featuredmedia":[{"embeddable":true,"href":"https:\/\/wir-lernen-weiter.ch\/it\/wp-json\/wp\/v2\/media\/4868"}],"wp:attachment":[{"href":"https:\/\/wir-lernen-weiter.ch\/it\/wp-json\/wp\/v2\/media?parent=6"}],"curies":[{"name":"wp","href":"https:\/\/api.w.org\/{rel}","templated":true}]}}