{"id":5154,"date":"2024-04-16T07:55:25","date_gmt":"2024-04-16T06:55:25","guid":{"rendered":"https:\/\/wir-lernen-weiter.ch\/?page_id=5154"},"modified":"2024-11-01T14:27:32","modified_gmt":"2024-11-01T13:27:32","slug":"unsere-arbeit","status":"publish","type":"page","link":"https:\/\/wir-lernen-weiter.ch\/it\/unsere-arbeit\/","title":{"rendered":"Il nostro lavoro"},"content":{"rendered":"<p><\/p>\n\n\n\n<div class=\"wp-block-media-text is-stacked-on-mobile is-style-tw-shadow\"><figure class=\"wp-block-media-text__media\"><img loading=\"lazy\" decoding=\"async\" width=\"1024\" height=\"683\" src=\"https:\/\/wir-lernen-weiter.ch\/wp-content\/uploads\/2024\/04\/DSC_9340-1024x683.jpg\" alt=\"\" class=\"wp-image-5155 size-full\" srcset=\"https:\/\/wir-lernen-weiter.ch\/wp-content\/uploads\/2024\/04\/DSC_9340-1024x683.jpg 1024w, https:\/\/wir-lernen-weiter.ch\/wp-content\/uploads\/2024\/04\/DSC_9340-300x200.jpg 300w, https:\/\/wir-lernen-weiter.ch\/wp-content\/uploads\/2024\/04\/DSC_9340-768x512.jpg 768w, https:\/\/wir-lernen-weiter.ch\/wp-content\/uploads\/2024\/04\/DSC_9340-50x33.jpg 50w, https:\/\/wir-lernen-weiter.ch\/wp-content\/uploads\/2024\/04\/DSC_9340-1536x1024.jpg 1536w, https:\/\/wir-lernen-weiter.ch\/wp-content\/uploads\/2024\/04\/DSC_9340-2048x1365.jpg 2048w, https:\/\/wir-lernen-weiter.ch\/wp-content\/uploads\/2024\/04\/DSC_9340-18x12.jpg 18w, https:\/\/wir-lernen-weiter.ch\/wp-content\/uploads\/2024\/04\/DSC_9340-1200x800.jpg 1200w, https:\/\/wir-lernen-weiter.ch\/wp-content\/uploads\/2024\/04\/DSC_9340-1980x1320.jpg 1980w\" sizes=\"auto, (max-width: 1024px) 100vw, 1024px\" \/><\/figure><div class=\"wp-block-media-text__content\">\n<p class=\"has-h-4-font-size\"><strong>Computer portatili per tutti<\/strong><\/p>\n\n\n\n<p>La nostra organizzazione raccoglie computer portatili in tutta la Svizzera, li rimette a nuovo in modo professionale e poi li consegna a persone che vivono in povert\u00e0 in Svizzera. Questa \u00e8 la versione breve \ud83d\ude0a<\/p>\n<\/div><\/div>\n\n\n\n<p class=\"wp-block-ht-blocks-messages wp-block-hb-message wp-block-hb-message--withicon\">Dalla sua fondazione nell'aprile 2020, la nostra associazione \u00e8 gi\u00e0 riuscita a fornire computer portatili a oltre 10.000 persone che vivono in povert\u00e0 in Svizzera. <\/p>\n\n\n\n<h4 class=\"wp-block-heading has-text-align-center\">Cosa rende possibile il nostro lavoro<\/h4>\n\n\n\n<figure class=\"wp-block-embed is-type-video is-provider-youtube wp-block-embed-youtube wp-embed-aspect-16-9 wp-has-aspect-ratio\"><div class=\"wp-block-embed__wrapper\">\n<iframe loading=\"lazy\" title=\"Questo \u00e8 &quot;Wir lernen weiter&quot; \u2764\" width=\"800\" height=\"450\" src=\"https:\/\/www.youtube.com\/embed\/kX-S5pFDEM0?feature=oembed\" frameborder=\"0\" allow=\"accelerometer; autoplay; clipboard-write; encrypted-media; gyroscope; picture-in-picture; web-share\" referrerpolicy=\"strict-origin-when-cross-origin\" allowfullscreen><\/iframe>\n<\/div><\/figure>\n\n\n\n<h4 class=\"wp-block-heading has-text-align-center\">Volete partecipare?<\/h4>\n\n\n\n<p class=\"has-text-align-center\">Clicca qui per le offerte di lavoro \ud83d\ude0e<\/p>\n\n\n\n<div class=\"wp-block-essential-blocks-button  root-eb-button-c60n8\"><div class=\"eb-parent-wrapper eb-parent-eb-button-c60n8\"><div class=\"eb-button-wrapper eb-button-alignment eb-button-c60n8\"><div class=\"eb-button\"><div class=\"eb-button-inner-wrapper\"><a class=\"eb-button-anchor\" href=\"https:\/\/wir-lernen-weiter.ch\/it\/article-categories\/offene-stellen\/\" rel=\"noopener\">Alla panoramica<\/a><\/div><\/div><\/div><\/div><\/div>","protected":false},"excerpt":{"rendered":"<p>Computer portatili per tutti La nostra organizzazione raccoglie computer portatili in tutta la Svizzera, li rimette a nuovo in modo professionale e poi li consegna alle persone che vivono in povert\u00e0 in Svizzera. Questa \u00e8 la versione breve \ud83d\ude0a Cosa rende possibile il nostro lavoro Volete partecipare? Clicca qui per le offerte di lavoro \ud83d\ude0e<\/p>","protected":false},"author":6,"featured_media":0,"parent":0,"menu_order":0,"comment_status":"closed","ping_status":"closed","template":"","meta":{"_eb_attr":"","footnotes":""},"class_list":["post-5154","page","type-page","status-publish","hentry"],"_links":{"self":[{"href":"https:\/\/wir-lernen-weiter.ch\/it\/wp-json\/wp\/v2\/pages\/5154","targetHints":{"allow":["GET"]}}],"collection":[{"href":"https:\/\/wir-lernen-weiter.ch\/it\/wp-json\/wp\/v2\/pages"}],"about":[{"href":"https:\/\/wir-lernen-weiter.ch\/it\/wp-json\/wp\/v2\/types\/page"}],"author":[{"embeddable":true,"href":"https:\/\/wir-lernen-weiter.ch\/it\/wp-json\/wp\/v2\/users\/6"}],"replies":[{"embeddable":true,"href":"https:\/\/wir-lernen-weiter.ch\/it\/wp-json\/wp\/v2\/comments?post=5154"}],"version-history":[{"count":3,"href":"https:\/\/wir-lernen-weiter.ch\/it\/wp-json\/wp\/v2\/pages\/5154\/revisions"}],"predecessor-version":[{"id":5343,"href":"https:\/\/wir-lernen-weiter.ch\/it\/wp-json\/wp\/v2\/pages\/5154\/revisions\/5343"}],"wp:attachment":[{"href":"https:\/\/wir-lernen-weiter.ch\/it\/wp-json\/wp\/v2\/media?parent=5154"}],"curies":[{"name":"wp","href":"https:\/\/api.w.org\/{rel}","templated":true}]}}