{"id":4251,"date":"2023-04-24T07:45:58","date_gmt":"2023-04-24T06:45:58","guid":{"rendered":"https:\/\/wir-lernen-weiter.ch\/?page_id=4251"},"modified":"2026-04-16T15:27:03","modified_gmt":"2026-04-16T14:27:03","slug":"laptops-spenden","status":"publish","type":"page","link":"https:\/\/wir-lernen-weiter.ch\/it\/laptops-spenden\/","title":{"rendered":"I laptop sono pronti"},"content":{"rendered":"<div class=\"wp-block-media-text alignwide is-stacked-on-mobile is-style-tw-shadow\"><figure class=\"wp-block-media-text__media\"><img decoding=\"async\" width=\"935\" height=\"623\" src=\"https:\/\/wir-lernen-weiter.ch\/wp-content\/uploads\/2026\/04\/2026-04-10_23-27.png\" alt=\"\" class=\"wp-image-6129 size-full\" srcset=\"https:\/\/wir-lernen-weiter.ch\/wp-content\/uploads\/2026\/04\/2026-04-10_23-27.png 935w, https:\/\/wir-lernen-weiter.ch\/wp-content\/uploads\/2026\/04\/2026-04-10_23-27-300x200.png 300w, https:\/\/wir-lernen-weiter.ch\/wp-content\/uploads\/2026\/04\/2026-04-10_23-27-768x512.png 768w, https:\/\/wir-lernen-weiter.ch\/wp-content\/uploads\/2026\/04\/2026-04-10_23-27-50x33.png 50w, https:\/\/wir-lernen-weiter.ch\/wp-content\/uploads\/2026\/04\/2026-04-10_23-27-18x12.png 18w\" sizes=\"(max-width: 935px) 100vw, 935px\" \/><\/figure><div class=\"wp-block-media-text__content\">\n<p class=\"has-large-font-size\"><strong>Sicuro e certificato<\/strong><br><br>Chi smaltisce i vecchi dispositivi deve anche essere in grado di garantire la protezione dei dati. <\/p>\n\n\n\n<p class=\"has-large-font-size\">Perch\u00e9 non fare qualcosa di buono per il nostro Paese e risparmiare allo stesso tempo? Siamo certi che anche questo potrebbe fare al caso vostro!<br><\/p>\n<\/div><\/div>\n\n\n\n<h2 class=\"wp-block-heading has-text-align-center\">Aiuto, ma in modo sicuro!<\/h2>\n\n\n\n<p><\/p>\n\n\n\n<p class=\"wp-block-ht-blocks-messages wp-block-hb-message wp-block-hb-message--withicon is-style-alert\"><strong>\ud83e\udd37 Lo sapevate?<\/strong><br><br>Solo poche organizzazioni utilizzano effettivamente processi di distruzione dei dati certificati secondo la norma ISO\/IEC 21964. <strong>Noi siamo uno di loro.<\/strong><br><br>Questi servizi professionali sono tutt'altro che gratuiti. Possiamo creare opportunit\u00e0 con il vecchio hardware. Una mano lava l'altra!<br><\/p>\n\n\n\n<div style=\"height:35px\" aria-hidden=\"true\" class=\"wp-block-spacer\"><\/div>\n\n\n\n<h2 class=\"wp-block-heading has-text-align-center\">Vantaggi dei nostri dispenser<\/h2>\n\n\n\n<p class=\"wp-block-ht-blocks-messages wp-block-hb-message wp-block-hb-message--withicon\"><strong>\ud83e\uddfc Cancellazione sicura e tracciabile dei dati<\/strong><br><br>La protezione dei dati \u00e8 una preoccupazione importante per noi. Ogni dispositivo donato \u00e8 <a href=\"https:\/\/wir-lernen-weiter.ch\/it\/knowledge-base\/datenloeschung\/\" data-type=\"ht_kb\" data-id=\"6280\">Professionale e certificato<\/a> preparati da noi. Per ogni donazione, forniamo una scheda completa <a href=\"https:\/\/wir-lernen-weiter.ch\/it\/knowledge-base\/audit-trail\/\" data-type=\"ht_kb\" data-id=\"5321\">Documentazione sulla cancellazione<\/a> consegnato.<\/p>\n\n\n\n<p class=\"wp-block-ht-blocks-messages wp-block-hb-message wp-block-hb-message--withicon\"><strong>\ud83d\udcb8 Gratuito e con effetto in Svizzera<\/strong><br><br>L'elaborazione da parte nostra non costa nulla. In cambio, potete fare molto per le persone del nostro Paese che non vivono in condizioni ottimali. <br><\/p>\n\n\n\n<p class=\"wp-block-ht-blocks-messages wp-block-hb-message wp-block-hb-message--withicon\"><strong>\ud83d\ude9b Poca preparazione e i processi di raccolta pi\u00f9 semplici<\/strong><br><br>Raccogliamo le donazioni di attrezzature presso la vostra sede o vi inviamo scatole di trasporto sicure. I processi di accompagnamento sono cos\u00ec semplici che ne siamo certi: Anche in questo caso risparmierete molto lavoro amministrativo.<\/p>\n\n\n\n<div style=\"height:35px\" aria-hidden=\"true\" class=\"wp-block-spacer\"><\/div>\n\n\n\n<h2 class=\"wp-block-heading has-text-align-center\">Ulteriori informazioni<\/h2>\n\n\n\n<p class=\"wp-block-ht-blocks-messages wp-block-hb-message wp-block-hb-message--withicon is-style-alert\"><strong>\ud83d\udd0e Per saperne di pi\u00f9 sul nostro lavoro<\/strong><br><br>Amiamo la trasparenza! Per questo ci piace rimandarvi alla nostra area wiki, che mostra il nostro lavoro in modo completo -&gt; <strong><a href=\"https:\/\/wir-lernen-weiter.ch\/it\/article-categories\/unsere-arbeit\/\" data-type=\"ht_kb_category\" data-id=\"51\">Il nostro lavoro<\/a><\/strong><\/p>\n\n\n\n<div style=\"height:35px\" aria-hidden=\"true\" class=\"wp-block-spacer\"><\/div>\n\n\n\n<h2 class=\"wp-block-heading has-text-align-center\">Registra ora la tua donazione<\/h2>\n\n\n\n<p class=\"wp-block-ht-blocks-messages wp-block-hb-message wp-block-hb-message--withicon\"><strong>\ud83d\udee0\ufe0f Contattateci oggi stesso! <\/strong><br><br>Il nostro lavoro non funziona senza le donazioni di attrezzature. Saremmo quindi lieti di potervi annoverare presto tra i nostri donatori. Unitevi a noi per fare la differenza e cambiare la Svizzera con i fatti invece che con le parole!<br><\/p>\n\n\n\n<div class=\"wp-block-buttons is-content-justification-center is-layout-flex wp-container-core-buttons-is-layout-a89b3969 wp-block-buttons-is-layout-flex\">\n<div class=\"wp-block-button\"><a class=\"wp-block-button__link has-secondary-background-color has-background wp-element-button\" href=\"mailto:kontakt@wir-lernen-weiter.ch?subject=Laptopspende\" style=\"border-radius:6px\">Segnala ora<\/a><\/div>\n<\/div>\n\n\n\n<p><\/p>","protected":false},"excerpt":{"rendered":"<p>Sicher und zertifiziert Wer alte Ger\u00e4te entsorgt, muss auch den Datenschutz sicherstellen k\u00f6nnen. Warum nicht zeitgleich was Gutes f\u00fcr unser Land tun und Kosten sparen? Wir sind sicher, dass das auch was f\u00fcr Euch w\u00e4re! Helfen, aber sicher! Vorteile unserer Spender Weitere Informationen Jetzt Spende anmelden<\/p>","protected":false},"author":6,"featured_media":0,"parent":0,"menu_order":0,"comment_status":"closed","ping_status":"closed","template":"","meta":{"iawp_total_views":92,"footnotes":""},"class_list":["post-4251","page","type-page","status-publish","hentry"],"_links":{"self":[{"href":"https:\/\/wir-lernen-weiter.ch\/it\/wp-json\/wp\/v2\/pages\/4251","targetHints":{"allow":["GET"]}}],"collection":[{"href":"https:\/\/wir-lernen-weiter.ch\/it\/wp-json\/wp\/v2\/pages"}],"about":[{"href":"https:\/\/wir-lernen-weiter.ch\/it\/wp-json\/wp\/v2\/types\/page"}],"author":[{"embeddable":true,"href":"https:\/\/wir-lernen-weiter.ch\/it\/wp-json\/wp\/v2\/users\/6"}],"replies":[{"embeddable":true,"href":"https:\/\/wir-lernen-weiter.ch\/it\/wp-json\/wp\/v2\/comments?post=4251"}],"version-history":[{"count":4,"href":"https:\/\/wir-lernen-weiter.ch\/it\/wp-json\/wp\/v2\/pages\/4251\/revisions"}],"predecessor-version":[{"id":6798,"href":"https:\/\/wir-lernen-weiter.ch\/it\/wp-json\/wp\/v2\/pages\/4251\/revisions\/6798"}],"wp:attachment":[{"href":"https:\/\/wir-lernen-weiter.ch\/it\/wp-json\/wp\/v2\/media?parent=4251"}],"curies":[{"name":"wp","href":"https:\/\/api.w.org\/{rel}","templated":true}]}}