{"id":4226,"date":"2023-04-24T06:45:14","date_gmt":"2023-04-24T05:45:14","guid":{"rendered":"https:\/\/wir-lernen-weiter.ch\/?page_id=4226"},"modified":"2026-04-16T15:29:34","modified_gmt":"2026-04-16T14:29:34","slug":"jetzt-helfen","status":"publish","type":"page","link":"https:\/\/wir-lernen-weiter.ch\/it\/jetzt-helfen\/","title":{"rendered":"Aiuto ora"},"content":{"rendered":"<div class=\"wp-block-media-text alignwide is-stacked-on-mobile is-style-tw-shadow has-white-background-color has-background\"><figure class=\"wp-block-media-text__media\"><img decoding=\"async\" width=\"1024\" height=\"681\" src=\"https:\/\/wir-lernen-weiter.ch\/wp-content\/uploads\/2023\/04\/DSC_2278-1024x681.jpg\" alt=\"\" class=\"wp-image-4227 size-full\" srcset=\"https:\/\/wir-lernen-weiter.ch\/wp-content\/uploads\/2023\/04\/DSC_2278-1024x681.jpg 1024w, https:\/\/wir-lernen-weiter.ch\/wp-content\/uploads\/2023\/04\/DSC_2278-300x200.jpg 300w, https:\/\/wir-lernen-weiter.ch\/wp-content\/uploads\/2023\/04\/DSC_2278-768x511.jpg 768w, https:\/\/wir-lernen-weiter.ch\/wp-content\/uploads\/2023\/04\/DSC_2278-50x33.jpg 50w, https:\/\/wir-lernen-weiter.ch\/wp-content\/uploads\/2023\/04\/DSC_2278-1536x1022.jpg 1536w, https:\/\/wir-lernen-weiter.ch\/wp-content\/uploads\/2023\/04\/DSC_2278-2048x1363.jpg 2048w, https:\/\/wir-lernen-weiter.ch\/wp-content\/uploads\/2023\/04\/DSC_2278-18x12.jpg 18w, https:\/\/wir-lernen-weiter.ch\/wp-content\/uploads\/2023\/04\/DSC_2278-1200x798.jpg 1200w, https:\/\/wir-lernen-weiter.ch\/wp-content\/uploads\/2023\/04\/DSC_2278-1980x1317.jpg 1980w, https:\/\/wir-lernen-weiter.ch\/wp-content\/uploads\/2023\/04\/DSC_2278-1320x878.jpg 1320w\" sizes=\"(max-width: 1024px) 100vw, 1024px\" \/><\/figure><div class=\"wp-block-media-text__content\">\n<p class=\"has-large-font-size\"><strong>Create un impatto!<\/strong><\/p>\n\n\n\n<p>Non possiamo lavorare senza computer portatili, ma possiamo essere aiutati in vari modi.<\/p>\n\n\n\n<p>Grazie per il vostro contributo a rendere la Svizzera pi\u00f9 digitale per tutti!<\/p>\n<\/div><\/div>\n\n\n\n<h2 class=\"wp-block-heading has-text-align-center\">Per le aziende<\/h2>\n\n\n\n<p class=\"wp-block-ht-blocks-messages wp-block-hb-message wp-block-hb-message--withicon\"><strong>\ud83d\udcbb Donare computer portatili<\/strong><br><br>Fate la differenza in Svizzera con il materiale che avete in giro, ma che deve essere lavorato in modo professionale: gratis, certificato e testato. <br><br>-&gt; <a href=\"https:\/\/wir-lernen-weiter.ch\/it\/laptops-spenden\/\" data-type=\"page\" data-id=\"4251\"><strong>I laptop sono pronti<\/strong><\/a><br><\/p>\n\n\n\n<p class=\"wp-block-ht-blocks-messages wp-block-hb-message wp-block-hb-message--withicon is-style-info\"><strong>\ud83d\udcb0 Sostegno finanziario<\/strong><br><br>Se non potete aiutarci con i computer portatili, potete ovviamente anche donare del denaro. Tuttavia, possiamo aiutare in modo pi\u00f9 diretto se riceviamo delle attrezzature. Per ogni donazione viene rilasciata una ricevuta.<br><br>-&gt; <a href=\"mailto:kontakt@wir-lernen-weiter.ch?subject=Geldspende\" data-type=\"mailto\" data-id=\"mailto:kontakt@wir-lernen-weiter.ch?subject=Geldespende\"><strong>Scrivere un messaggio<\/strong><\/a><\/p>\n\n\n\n<p class=\"wp-block-ht-blocks-messages wp-block-hb-message wp-block-hb-message--withicon is-style-info\"><strong>\ud83d\udde3\ufe0f Creare visibilit\u00e0<\/strong><br><br>La storia della nostra piccola organizzazione merita di essere raccontata. \u00c8 per questo che sempre pi\u00f9 spesso ci viene permesso di apparire agli eventi dei clienti e come partner sociale. Questo aiuta enormemente la nostra visibilit\u00e0.<br><br>-&gt; <a href=\"mailto:kontakt@wir-lernen-weiter.ch?subject=Event-Anfrage\" data-type=\"mailto\" data-id=\"mailto:kontakt@wir-lernen-weiter.ch?subject=Geldespende\"><strong>Scrivere un messaggio<\/strong><\/a><\/p>\n\n\n\n<div style=\"height:35px\" aria-hidden=\"true\" class=\"wp-block-spacer\"><\/div>\n\n\n\n<h2 class=\"wp-block-heading has-text-align-center\">Per i privati<\/h2>\n\n\n\n<p class=\"wp-block-ht-blocks-messages wp-block-hb-message wp-block-hb-message--withicon is-style-success\"><strong>\ud83d\udd0a Parlaci di noi <\/strong><br><br>Molte persone non conoscono ancora la nostra organizzazione. A volte la vostra sola parola pu\u00f2 ricordare a qualcuno di noi o dargli la spinta finale per mettersi in contatto con noi. <\/p>\n\n\n\n<p class=\"wp-block-ht-blocks-messages wp-block-hb-message wp-block-hb-message--withicon is-style-info\"><strong>\ud83d\udcb0 Sostegno finanziario<\/strong><br><br>Se desiderate inviarci una piccola donazione, potete utilizzare il modulo sottostante. Per ogni donazione riceverete una ricevuta.<\/p>\n\n\n\n<p class=\"wp-block-ht-blocks-messages wp-block-hb-message wp-block-hb-message--withicon is-style-alert\"><strong>\ud83e\udd37\ud83c\udffc Niente computer portatili? <\/strong><br><br>Purtroppo, al momento non accettiamo computer portatili individuali e privati. L'impegno richiesto \u00e8 troppo grande e il materiale di ricambio per i singoli dispositivi \u00e8 semplicemente troppo costoso. <br><br>Se avete una vecchia macchina, perch\u00e9 non chiedete ai vostri amici? Nella maggior parte dei casi, non c'\u00e8 nemmeno bisogno di cercare lontano per trovare un acquirente riconoscente.<br><\/p>\n\n\n\n<div style=\"height:35px\" aria-hidden=\"true\" class=\"wp-block-spacer\"><\/div>\n\n\n\n<h2 class=\"wp-block-heading has-text-align-center\">Donare ora<\/h2>\n\n\n\n<iframe id=\"tamaro-iframe\" allow=\"payment\" src=\"https:\/\/donate.raisenow.io\/ywkqv?analytics.channel=embed\" style=\"width: 100%; border:0\"><\/iframe>\n<script>\n  window.addEventListener(\n    'message',\n    e => {\n      const iframe = document.getElementById('tamaro-iframe')\n      if (iframe && e.origin === 'https:\/\/donate.raisenow.io') {\n        iframe.style.height = e.data.height + 'px'\n      }\n    }\n  )\n<\/script>","protected":false},"excerpt":{"rendered":"<p>Impact schaffen! Ohne Laptops k\u00f6nnen wir nicht wirken, doch man kann uns auf verschiedene Arten helfen. Danke f\u00fcr Deinen Beitrag dazu, dass die Schweiz f\u00fcr alle digitaler werden darf! F\u00fcr Unternehmen F\u00fcr Private Jetzt spenden<\/p>","protected":false},"author":6,"featured_media":0,"parent":0,"menu_order":0,"comment_status":"closed","ping_status":"closed","template":"","meta":{"iawp_total_views":160,"footnotes":""},"class_list":["post-4226","page","type-page","status-publish","hentry"],"_links":{"self":[{"href":"https:\/\/wir-lernen-weiter.ch\/it\/wp-json\/wp\/v2\/pages\/4226","targetHints":{"allow":["GET"]}}],"collection":[{"href":"https:\/\/wir-lernen-weiter.ch\/it\/wp-json\/wp\/v2\/pages"}],"about":[{"href":"https:\/\/wir-lernen-weiter.ch\/it\/wp-json\/wp\/v2\/types\/page"}],"author":[{"embeddable":true,"href":"https:\/\/wir-lernen-weiter.ch\/it\/wp-json\/wp\/v2\/users\/6"}],"replies":[{"embeddable":true,"href":"https:\/\/wir-lernen-weiter.ch\/it\/wp-json\/wp\/v2\/comments?post=4226"}],"version-history":[{"count":2,"href":"https:\/\/wir-lernen-weiter.ch\/it\/wp-json\/wp\/v2\/pages\/4226\/revisions"}],"predecessor-version":[{"id":6802,"href":"https:\/\/wir-lernen-weiter.ch\/it\/wp-json\/wp\/v2\/pages\/4226\/revisions\/6802"}],"wp:attachment":[{"href":"https:\/\/wir-lernen-weiter.ch\/it\/wp-json\/wp\/v2\/media?parent=4226"}],"curies":[{"name":"wp","href":"https:\/\/api.w.org\/{rel}","templated":true}]}}