{"id":3487,"date":"2022-10-11T14:29:52","date_gmt":"2022-10-11T13:29:52","guid":{"rendered":"https:\/\/wir-lernen-weiter.ch\/?page_id=3487"},"modified":"2022-11-21T11:20:38","modified_gmt":"2022-11-21T10:20:38","slug":"academy","status":"publish","type":"page","link":"https:\/\/wir-lernen-weiter.ch\/it\/academy\/","title":{"rendered":"Accademia"},"content":{"rendered":"<div class=\"wp-block-media-text alignwide is-stacked-on-mobile has-primary-color has-text-color\" style=\"grid-template-columns:30% auto\"><figure class=\"wp-block-media-text__media\"><img loading=\"lazy\" decoding=\"async\" width=\"1080\" height=\"1080\" src=\"https:\/\/wir-lernen-weiter.ch\/wp-content\/uploads\/2022\/11\/1.png\" alt=\"\" class=\"wp-image-3580 size-full\" srcset=\"https:\/\/wir-lernen-weiter.ch\/wp-content\/uploads\/2022\/11\/1.png 1080w, https:\/\/wir-lernen-weiter.ch\/wp-content\/uploads\/2022\/11\/1-300x300.png 300w, https:\/\/wir-lernen-weiter.ch\/wp-content\/uploads\/2022\/11\/1-1024x1024.png 1024w, https:\/\/wir-lernen-weiter.ch\/wp-content\/uploads\/2022\/11\/1-150x150.png 150w, https:\/\/wir-lernen-weiter.ch\/wp-content\/uploads\/2022\/11\/1-768x768.png 768w, https:\/\/wir-lernen-weiter.ch\/wp-content\/uploads\/2022\/11\/1-50x50.png 50w, https:\/\/wir-lernen-weiter.ch\/wp-content\/uploads\/2022\/11\/1-12x12.png 12w\" sizes=\"auto, (max-width: 1080px) 100vw, 1080px\" \/><\/figure><div class=\"wp-block-media-text__content\">\n<p><strong>Sovraccarico digitale<\/strong><\/p>\n\n\n\n<p class=\"has-secondary-background-color has-background\">Oggi le competenze digitali assumono sempre pi\u00f9 valore nel mondo del lavoro. Secondo il contributo di SRF <strong><a rel=\"noreferrer noopener\" href=\"https:\/\/www.srf.ch\/news\/schweiz\/digitalisierung-und-armut-ein-viertel-der-schweizer-bevoelkerung-ist-digital-ueberfordert\" target=\"_blank\">da ottobre 2022<\/a> <\/strong>Tuttavia, un quarto delle persone che vivono in Svizzera non ha le competenze necessarie per coprire queste competenze informatiche di base. <br><strong>Vogliamo cambiare questa situazione.<\/strong><\/p>\n<\/div><\/div>\n\n\n\n<div class=\"wp-block-media-text alignwide has-media-on-the-right is-stacked-on-mobile\" style=\"grid-template-columns:auto 30%\"><figure class=\"wp-block-media-text__media\"><img loading=\"lazy\" decoding=\"async\" width=\"1024\" height=\"1024\" src=\"https:\/\/wir-lernen-weiter.ch\/wp-content\/uploads\/2022\/11\/3-1024x1024.png\" alt=\"\" class=\"wp-image-3581 size-full\" srcset=\"https:\/\/wir-lernen-weiter.ch\/wp-content\/uploads\/2022\/11\/3-1024x1024.png 1024w, https:\/\/wir-lernen-weiter.ch\/wp-content\/uploads\/2022\/11\/3-300x300.png 300w, https:\/\/wir-lernen-weiter.ch\/wp-content\/uploads\/2022\/11\/3-150x150.png 150w, https:\/\/wir-lernen-weiter.ch\/wp-content\/uploads\/2022\/11\/3-768x768.png 768w, https:\/\/wir-lernen-weiter.ch\/wp-content\/uploads\/2022\/11\/3-50x50.png 50w, https:\/\/wir-lernen-weiter.ch\/wp-content\/uploads\/2022\/11\/3-12x12.png 12w, https:\/\/wir-lernen-weiter.ch\/wp-content\/uploads\/2022\/11\/3.png 1080w\" sizes=\"auto, (max-width: 1024px) 100vw, 1024px\" \/><\/figure><div class=\"wp-block-media-text__content\">\n<p class=\"has-text-align-right\"><strong>La nostra missione<\/strong><\/p>\n\n\n\n<p class=\"has-secondary-background-color has-background\">Con l'Academy stiamo creando una piattaforma di apprendimento che consente di completare corsi di e-learning gratuiti sulle competenze di base della digitalizzazione e di applicare e testare le nuove conoscenze acquisite in vari modi. Per noi \u00e8 importante che ogni persona che vive in Svizzera abbia accesso al mondo digitale e abbia la possibilit\u00e0 di orientarsi in esso.<\/p>\n<\/div><\/div>\n\n\n\n<hr class=\"wp-block-separator has-alpha-channel-opacity\"\/>\n\n\n\n<h2 class=\"alignwide has-text-align-center has-secondary-color has-text-color wp-block-heading\">Cosa rende unica la nostra Accademia?<\/h2>\n\n\n\n<div class=\"wp-block-ht-blocks-accordion wp-block-hb-accordion\"><div class=\"wp-block-hb-accordion__section\" data-ht-blocks-accordion-block-state=\"closed\"><div class=\"wp-block-hb-accordion__title\"><span>Indipendente dalla posizione<\/span><\/div><div class=\"wp-block-hb-accordion__content\"><div class=\"wp-block-hb-accordion__contentwrap\">Imparate dove vi sentite a vostro agio e avete tempo. Con la piattaforma eLearning, tutto ci\u00f2 che serve \u00e8 un dispositivo digitale e un accesso a Internet.<br>Potete accedere alla nostra piattaforma eLearning con il vostro laptop, cellulare, tablet o PC attraverso il browser e continuare da dove avete lasciato.<\/div><\/div><\/div><div class=\"wp-block-hb-accordion__section\" data-ht-blocks-accordion-block-state=\"closed\"><div class=\"wp-block-hb-accordion__title\"><span>Gratuito<\/span><\/div><div class=\"wp-block-hb-accordion__content\"><div class=\"wp-block-hb-accordion__contentwrap\">L'Accademia dovrebbe essere sempre gratuita per il discente. Per noi \u00e8 importante che la digitalizzazione non sia un privilegio, ma un diritto fondamentale per tutti.<\/div><\/div><\/div><div class=\"wp-block-hb-accordion__section\" data-ht-blocks-accordion-block-state=\"closed\"><div class=\"wp-block-hb-accordion__title\"><span>Indipendente dal tempo<\/span><\/div><div class=\"wp-block-hb-accordion__content\"><div class=\"wp-block-hb-accordion__contentwrap\">Oggi \u00e8 importante rimanere flessibili. Anche noi lo sappiamo e per questo offriamo contenuti didattici che possono essere iniziati, messi in pausa e terminati in qualsiasi momento. Inoltre, i contenuti didattici possono essere consultati nuovamente in un momento successivo.<\/div><\/div><\/div><div class=\"wp-block-hb-accordion__section\" data-ht-blocks-accordion-block-state=\"closed\"><div class=\"wp-block-hb-accordion__title\"><span>Interattivo<\/span><\/div><div class=\"wp-block-hb-accordion__content\"><div class=\"wp-block-hb-accordion__contentwrap\">Attraverso un contesto di apprendimento interattivo, gli studenti acquisiscono nuove conoscenze in modo vario e rimangono quindi motivati e attivi. Perch\u00e9 se l'apprendimento \u00e8 piacevole, le nuove conoscenze acquisite rimangono pi\u00f9 a lungo.<\/div><\/div><\/div><div class=\"wp-block-hb-accordion__section\" data-ht-blocks-accordion-block-state=\"closed\"><div class=\"wp-block-hb-accordion__title\"><span>Certificato<\/span><\/div><div class=\"wp-block-hb-accordion__content\"><div class=\"wp-block-hb-accordion__contentwrap\">Dopo aver completato le unit\u00e0, \u00e8 possibile sostenere un test per verificare quanto appreso. Una volta completato con successo, ogni allievo riceve un certificato per questa sezione dell'Accademia, che pu\u00f2 essere allegato alle domande di lavoro.<\/div><\/div><\/div><\/div>\n\n\n\n<h2 class=\"alignfull has-text-align-center has-white-color has-secondary-background-color has-text-color has-background wp-block-heading\">Breve panoramica sull'eLearning<\/h2>\n\n\n\n<figure class=\"wp-block-video\"><video controls src=\"https:\/\/wir-lernen-weiter.ch\/wp-content\/uploads\/2022\/11\/Unbenannt.mp4\"><\/video><\/figure>\n\n\n\n<p>Ma questa intuizione non \u00e8 tutto. L'offerta variegata di interazioni, giochi, video, file audio, puzzle, quiz, verifiche di apprendimento, animazioni, immagini e oggetti 3D offre all'allievo un ambiente motivante e divertente, che porta al successo di apprendimento desiderato. <br>Perch\u00e9 ne siamo certi: chi impara divertendosi, a lungo andare apprezzer\u00e0 il mondo digitale.<\/p>\n\n\n\n<h2 class=\"alignfull has-secondary-background-color has-background wp-block-heading\"> <\/h2>\n\n\n\n<div class=\"wp-block-media-text alignwide is-stacked-on-mobile is-style-default\" style=\"grid-template-columns:30% auto\"><figure class=\"wp-block-media-text__media\"><img loading=\"lazy\" decoding=\"async\" width=\"1024\" height=\"1024\" src=\"https:\/\/wir-lernen-weiter.ch\/wp-content\/uploads\/2022\/11\/2-1-1024x1024.png\" alt=\"\" class=\"wp-image-3591 size-full\" srcset=\"https:\/\/wir-lernen-weiter.ch\/wp-content\/uploads\/2022\/11\/2-1-1024x1024.png 1024w, https:\/\/wir-lernen-weiter.ch\/wp-content\/uploads\/2022\/11\/2-1-300x300.png 300w, https:\/\/wir-lernen-weiter.ch\/wp-content\/uploads\/2022\/11\/2-1-150x150.png 150w, https:\/\/wir-lernen-weiter.ch\/wp-content\/uploads\/2022\/11\/2-1-768x768.png 768w, https:\/\/wir-lernen-weiter.ch\/wp-content\/uploads\/2022\/11\/2-1-50x50.png 50w, https:\/\/wir-lernen-weiter.ch\/wp-content\/uploads\/2022\/11\/2-1-12x12.png 12w, https:\/\/wir-lernen-weiter.ch\/wp-content\/uploads\/2022\/11\/2-1.png 1080w\" sizes=\"auto, (max-width: 1024px) 100vw, 1024px\" \/><\/figure><div class=\"wp-block-media-text__content\">\n<p><strong>Le prossime tappe<\/strong><\/p>\n\n\n\n<p class=\"has-secondary-background-color has-background\">L'Accademia entrer\u00e0 nella fase di test all'inizio del 2023 e si prevede che i primi eLearning saranno disponibili al pubblico nel primo semestre del 2023.<br>Nel frattempo, siamo alla ricerca di punti di contatto idonei che siano disposti a testare il progetto pilota dell'Accademia e a fornire un feedback.<\/p>\n<\/div><\/div>\n\n\n\n<div class=\"wp-block-media-text alignwide has-media-on-the-right is-stacked-on-mobile\" style=\"grid-template-columns:auto 30%\"><figure class=\"wp-block-media-text__media\"><img loading=\"lazy\" decoding=\"async\" width=\"1024\" height=\"1024\" src=\"https:\/\/wir-lernen-weiter.ch\/wp-content\/uploads\/2022\/11\/Design-ohne-Titel-4-1024x1024.png\" alt=\"\" class=\"wp-image-3604 size-full\" srcset=\"https:\/\/wir-lernen-weiter.ch\/wp-content\/uploads\/2022\/11\/Design-ohne-Titel-4-1024x1024.png 1024w, https:\/\/wir-lernen-weiter.ch\/wp-content\/uploads\/2022\/11\/Design-ohne-Titel-4-300x300.png 300w, https:\/\/wir-lernen-weiter.ch\/wp-content\/uploads\/2022\/11\/Design-ohne-Titel-4-150x150.png 150w, https:\/\/wir-lernen-weiter.ch\/wp-content\/uploads\/2022\/11\/Design-ohne-Titel-4-768x768.png 768w, https:\/\/wir-lernen-weiter.ch\/wp-content\/uploads\/2022\/11\/Design-ohne-Titel-4-50x50.png 50w, https:\/\/wir-lernen-weiter.ch\/wp-content\/uploads\/2022\/11\/Design-ohne-Titel-4-12x12.png 12w, https:\/\/wir-lernen-weiter.ch\/wp-content\/uploads\/2022\/11\/Design-ohne-Titel-4.png 1080w\" sizes=\"auto, (max-width: 1024px) 100vw, 1024px\" \/><\/figure><div class=\"wp-block-media-text__content\">\n<p class=\"has-text-align-right\"><strong>Sostenere l'Accademia<\/strong><\/p>\n\n\n\n<p class=\"has-secondary-background-color has-background\">Per rendere possibile la realizzazione dell'Accademia, dipendiamo dagli aiuti. Con una donazione, contribuite a sostenere la Svizzera in modo digitale.<\/p>\n<\/div><\/div>\n\n\n\n<figure class=\"wp-block-image size-large\"><img loading=\"lazy\" decoding=\"async\" width=\"1024\" height=\"467\" src=\"https:\/\/wir-lernen-weiter.ch\/wp-content\/uploads\/2022\/11\/TWINT_Individueller-Betrag_DE-1024x467.png\" alt=\"\" class=\"wp-image-3606\" srcset=\"https:\/\/wir-lernen-weiter.ch\/wp-content\/uploads\/2022\/11\/TWINT_Individueller-Betrag_DE-1024x467.png 1024w, https:\/\/wir-lernen-weiter.ch\/wp-content\/uploads\/2022\/11\/TWINT_Individueller-Betrag_DE-300x137.png 300w, https:\/\/wir-lernen-weiter.ch\/wp-content\/uploads\/2022\/11\/TWINT_Individueller-Betrag_DE-768x350.png 768w, https:\/\/wir-lernen-weiter.ch\/wp-content\/uploads\/2022\/11\/TWINT_Individueller-Betrag_DE-50x23.png 50w, https:\/\/wir-lernen-weiter.ch\/wp-content\/uploads\/2022\/11\/TWINT_Individueller-Betrag_DE-18x8.png 18w, https:\/\/wir-lernen-weiter.ch\/wp-content\/uploads\/2022\/11\/TWINT_Individueller-Betrag_DE.png 1087w\" sizes=\"auto, (max-width: 1024px) 100vw, 1024px\" \/><\/figure>\n\n\n\n<h2 class=\"alignfull has-text-align-center has-white-color has-text-color has-background wp-block-heading\" style=\"background-color:#d98e9a\">Avete altre domande sull'Accademia o volete sostenerci nel progetto? Saremo lieti di ascoltarvi.<\/h2>\n\n\n\n<div class=\"wp-block-buttons is-content-justification-center is-layout-flex wp-container-core-buttons-is-layout-1 wp-block-buttons-is-layout-flex\">\n<div class=\"wp-block-button has-custom-width wp-block-button__width-75 is-style-fill\"><a class=\"wp-block-button__link has-secondary-background-color has-background\" href=\"mailto:academy@wir-lernen-weiter.ch\" style=\"border-radius:6px\" rel=\"\">Contatto<\/a><\/div>\n<\/div>","protected":false},"excerpt":{"rendered":"<p>Sovraccarico digitale Oggi le competenze digitali stanno diventando sempre pi\u00f9 importanti nel mondo del lavoro. Tuttavia, secondo il rapporto SRF dell'ottobre 2022, un quarto delle persone che vivono in Svizzera non ha le competenze necessarie per coprire queste competenze informatiche di base. Noi vogliamo cambiare questa situazione. La nostra missione Con l'Academy stiamo creando una piattaforma di apprendimento che...<\/p>","protected":false},"author":6,"featured_media":0,"parent":0,"menu_order":0,"comment_status":"closed","ping_status":"closed","template":"","meta":{"_eb_attr":"","footnotes":""},"class_list":["post-3487","page","type-page","status-publish","hentry"],"_links":{"self":[{"href":"https:\/\/wir-lernen-weiter.ch\/it\/wp-json\/wp\/v2\/pages\/3487","targetHints":{"allow":["GET"]}}],"collection":[{"href":"https:\/\/wir-lernen-weiter.ch\/it\/wp-json\/wp\/v2\/pages"}],"about":[{"href":"https:\/\/wir-lernen-weiter.ch\/it\/wp-json\/wp\/v2\/types\/page"}],"author":[{"embeddable":true,"href":"https:\/\/wir-lernen-weiter.ch\/it\/wp-json\/wp\/v2\/users\/6"}],"replies":[{"embeddable":true,"href":"https:\/\/wir-lernen-weiter.ch\/it\/wp-json\/wp\/v2\/comments?post=3487"}],"version-history":[{"count":47,"href":"https:\/\/wir-lernen-weiter.ch\/it\/wp-json\/wp\/v2\/pages\/3487\/revisions"}],"predecessor-version":[{"id":3639,"href":"https:\/\/wir-lernen-weiter.ch\/it\/wp-json\/wp\/v2\/pages\/3487\/revisions\/3639"}],"wp:attachment":[{"href":"https:\/\/wir-lernen-weiter.ch\/it\/wp-json\/wp\/v2\/media?parent=3487"}],"curies":[{"name":"wp","href":"https:\/\/api.w.org\/{rel}","templated":true}]}}