{"id":2339,"date":"2022-03-30T09:47:30","date_gmt":"2022-03-30T08:47:30","guid":{"rendered":"https:\/\/wir-lernen-weiter.ch\/?page_id=2339"},"modified":"2026-04-16T15:34:08","modified_gmt":"2026-04-16T14:34:08","slug":"partnerschaften","status":"publish","type":"page","link":"https:\/\/wir-lernen-weiter.ch\/it\/partnerschaften\/","title":{"rendered":"Collaborazioni"},"content":{"rendered":"<div class=\"wp-block-media-text alignwide is-stacked-on-mobile is-style-tw-shadow\"><figure class=\"wp-block-media-text__media\"><img decoding=\"async\" width=\"1024\" height=\"683\" src=\"https:\/\/wir-lernen-weiter.ch\/wp-content\/uploads\/2023\/04\/DSC_6443-1024x683.jpg\" alt=\"\" class=\"wp-image-4300 size-full\" srcset=\"https:\/\/wir-lernen-weiter.ch\/wp-content\/uploads\/2023\/04\/DSC_6443-1024x683.jpg 1024w, https:\/\/wir-lernen-weiter.ch\/wp-content\/uploads\/2023\/04\/DSC_6443-300x200.jpg 300w, https:\/\/wir-lernen-weiter.ch\/wp-content\/uploads\/2023\/04\/DSC_6443-768x512.jpg 768w, https:\/\/wir-lernen-weiter.ch\/wp-content\/uploads\/2023\/04\/DSC_6443-50x33.jpg 50w, https:\/\/wir-lernen-weiter.ch\/wp-content\/uploads\/2023\/04\/DSC_6443-1536x1024.jpg 1536w, https:\/\/wir-lernen-weiter.ch\/wp-content\/uploads\/2023\/04\/DSC_6443-2048x1365.jpg 2048w, https:\/\/wir-lernen-weiter.ch\/wp-content\/uploads\/2023\/04\/DSC_6443-18x12.jpg 18w, https:\/\/wir-lernen-weiter.ch\/wp-content\/uploads\/2023\/04\/DSC_6443-1200x800.jpg 1200w, https:\/\/wir-lernen-weiter.ch\/wp-content\/uploads\/2023\/04\/DSC_6443-1980x1320.jpg 1980w, https:\/\/wir-lernen-weiter.ch\/wp-content\/uploads\/2023\/04\/DSC_6443-1320x880.jpg 1320w\" sizes=\"(max-width: 1024px) 100vw, 1024px\" \/><\/figure><div class=\"wp-block-media-text__content\">\n<p class=\"has-large-font-size\"><strong>Aiutare insieme!<\/strong><\/p>\n\n\n\n<p>Voi avete bisogno di computer portatili e noi abbiamo bisogno di sapere chi \u00e8 effettivamente povero. La partnership con noi rende possibile proprio questo. <\/p>\n\n\n\n<p>Una partnership da cui entrambe le parti traggono enormi vantaggi. Perch\u00e9? Lo spieghiamo qui.<\/p>\n<\/div><\/div>\n\n\n\n<p class=\"wp-block-ht-blocks-messages wp-block-hb-message wp-block-hb-message--withicon is-style-success\"><strong> \ud83d\udcb5 Disponibile presso di noi a soli CHF 250:<\/strong><br><br>- Computer portatile pronto all'uso<br>- Programmi preinstallati<br>- Servizi di garanzia chiari<br>- Supporto gratuito<\/p>\n\n\n\n<div class=\"wp-block-buttons is-content-justification-center is-layout-flex wp-container-core-buttons-is-layout-a89b3969 wp-block-buttons-is-layout-flex\">\n<div class=\"wp-block-button\"><a class=\"wp-block-button__link wp-element-button\" href=\"https:\/\/wir-lernen-weiter.ch\/it\/partnerschaft-beantragen\/\">Diventate subito partner!<\/a><\/div>\n<\/div>\n\n\n\n<div style=\"height:35px\" aria-hidden=\"true\" class=\"wp-block-spacer\"><\/div>\n\n\n\n<h2 class=\"wp-block-heading has-text-align-center\">Tre chiari vantaggi<\/h2>\n\n\n\n<p class=\"wp-block-ht-blocks-messages wp-block-hb-message wp-block-hb-message--withicon is-style-success\"><strong>\ud83d\udcca Costi chiari<\/strong><br><br>Il nostro piccolo contributo ai costi \u00e8 imbattibilmente basso. E la cosa migliore \u00e8 che rimane sempre lo stesso, indipendentemente dai requisiti richiesti al dispositivo e dalla quantit\u00e0 di assistenza fornita. Questo rende molto pi\u00f9 semplice la stesura del budget.<br><\/p>\n\n\n\n<p class=\"wp-block-ht-blocks-messages wp-block-hb-message wp-block-hb-message--withicon is-style-success\"><strong>\ud83d\udd0e Nessuna ricerca prolungata di dispositivi<\/strong><br><br>Molte scuole oggi hanno requisiti specifici per i dispositivi. Tali documenti possono essere caricati sul Service Desk al momento dell'ordine. In questo modo vi consegneremo un dispositivo adatto, senza che dobbiate arrovellarvi su cosa potrebbe andare bene.<\/p>\n\n\n\n<p class=\"wp-block-ht-blocks-messages wp-block-hb-message wp-block-hb-message--withicon is-style-success\"><strong>\ud83d\udc69\ud83c\udffc\u200d\ud83d\udd27 Assistenza gratuita per i destinatari<\/strong><br><br>Con la nostra hotline di supporto WhatsApp, possiamo fornire un aiuto semplice e a bassa soglia, in dialogo diretto con il cliente. In questo modo, alleggeriamo la pressione del vostro partner e possiamo aiutare le persone in cerca di aiuto in modo estremamente rapido.<\/p>\n\n\n\n<div class=\"wp-block-buttons is-content-justification-center is-layout-flex wp-container-core-buttons-is-layout-a89b3969 wp-block-buttons-is-layout-flex\">\n<div class=\"wp-block-button\"><a class=\"wp-block-button__link wp-element-button\" href=\"https:\/\/wir-lernen-weiter.ch\/it\/partnerschaft-beantragen\/\">Diventate subito partner!<\/a><\/div>\n<\/div>\n\n\n\n<div style=\"height:35px\" aria-hidden=\"true\" class=\"wp-block-spacer\"><\/div>\n\n\n\n<h2 class=\"wp-block-heading has-text-align-center\">Ulteriori vantaggi<\/h2>\n\n\n\n<p class=\"wp-block-ht-blocks-messages wp-block-hb-message wp-block-hb-message--withicon is-style-info\"><strong>\ud83c\udde8\ud83c\udded Collaudato in tutta la Svizzera<\/strong><br><br>Oltre 1.100 comuni, cantoni e altre organizzazioni collaborano gi\u00e0 con noi. Cliccate qui per una panoramica:<br><br><strong><a href=\"https:\/\/wir-lernen-weiter.ch\/it\/partnergemeinden\/\" data-type=\"page\" data-id=\"2139\">Comunit\u00e0 partner <\/a>| <a href=\"https:\/\/wir-lernen-weiter.ch\/it\/partnerorganisationen\/\" data-type=\"page\" data-id=\"2132\">Organizzazioni partner<\/a><\/strong><br><\/p>\n\n\n\n<p class=\"wp-block-ht-blocks-messages wp-block-hb-message wp-block-hb-message--withicon is-style-info\"><strong>\ud83e\udd11 Ancora pi\u00f9 favorevole per i partner del ciclo<\/strong><br><br>Riceviamo dispositivi dalla vostra comunit\u00e0? Allora il contributo alle spese \u00e8 di soli CHF 150.- per dispositivo! <br><br>Ulteriori informazioni sono disponibili qui -&gt; <a href=\"https:\/\/wir-lernen-weiter.ch\/it\/kreislaufpartner\/\" data-type=\"page\" data-id=\"1891\"><strong>Partner di circolazione<\/strong><\/a><\/p>\n\n\n\n<div style=\"height:35px\" aria-hidden=\"true\" class=\"wp-block-spacer\"><\/div>\n\n\n\n<h2 class=\"wp-block-heading has-text-align-center has-primary-color has-text-color\">Le condizioni<\/h2>\n\n\n\n<div class=\"wp-block-ht-blocks-accordion wp-block-hb-accordion\"><div class=\"wp-block-hb-accordion__section\" data-ht-blocks-accordion-block-state=\"closed\"><div class=\"wp-block-hb-accordion__title\"><span><strong>\ud83c\udf81 I computer portatili vengono inviati solo alle persone che vivono in povert\u00e0.<\/strong><\/span><\/div><div class=\"wp-block-hb-accordion__content\"><div class=\"wp-block-hb-accordion__contentwrap\">In qualit\u00e0 di partner, avete la responsabilit\u00e0 di garantire che ci\u00f2 venga rispettato. Deve quindi esistere un processo che consenta di misurare la povert\u00e0 (ad esempio, il pagamento dell'assistenza sociale economica o il modulo di richiesta con autodichiarazione). Saremo lieti di aiutarvi a garantirlo.<br><br>\u00c8 quindi vietato, ad esempio, ordinare computer portatili per uso comune. In qualit\u00e0 di partner, avete a disposizione opzioni di budget che i privati non hanno. <\/div><\/div><\/div><div class=\"wp-block-hb-accordion__section\" data-ht-blocks-accordion-block-state=\"closed\"><div class=\"wp-block-hb-accordion__title\"><span><strong>\ud83d\udcdc I portatili appartengono ai destinatari dopo la consegna<\/strong><\/span><\/div><div class=\"wp-block-hb-accordion__content\"><div class=\"wp-block-hb-accordion__contentwrap\">Ci\u00f2 significa che i destinatari possono farne ci\u00f2 che vogliono. <br><br>Tuttavia, vi raccomandiamo chiaramente di sottoscrivere un accordo con i destinatari in qualit\u00e0 di partner se, ad esempio, sono previste chiare contropartite: Ad esempio, una gestione accurata e una clausola di sostituzione in caso di difetti.<\/div><\/div><\/div><div class=\"wp-block-hb-accordion__section\" data-ht-blocks-accordion-block-state=\"closed\"><div class=\"wp-block-hb-accordion__title\"><span><strong>\ud83d\udd10 La protezione dei dati deve essere garantita<\/strong><\/span><\/div><div class=\"wp-block-hb-accordion__content\"><div class=\"wp-block-hb-accordion__contentwrap\">Per l'elaborazione degli ordini, a volte abbiamo bisogno di ricevere dati relativi ai destinatari. Tutti i destinatari devono essere informati in anticipo del trasferimento dei dati. <br><br>In linea di massima, avrete gi\u00e0 predisposto dei processi in tal senso. In caso contrario, saremo lieti di aiutarvi.<br><br>wLw utilizza i dati ricevuti esclusivamente per scopi legati al processo e in nessun caso per scopi di marketing. I dati non verranno inoltre trasmessi.<\/div><\/div><\/div><\/div>\n\n\n\n<div style=\"height:35px\" aria-hidden=\"true\" class=\"wp-block-spacer\"><\/div>\n\n\n\n<h2 class=\"wp-block-heading has-text-align-center\">Video esplicativo<\/h2>\n\n\n\n<p class=\"wp-block-ht-blocks-messages wp-block-hb-message wp-block-hb-message--withicon is-style-alert\"><strong>\ud83e\udd37 Troppo testo e molto non ancora chiaro? <\/strong><br><br>Allora il seguente video esplicativo vi sar\u00e0 sicuramente d'aiuto.<\/p>\n\n\n\n<figure class=\"wp-block-embed is-type-video is-provider-youtube wp-block-embed-youtube wp-embed-aspect-16-9 wp-has-aspect-ratio\"><div class=\"wp-block-embed__wrapper\">\n<iframe title=\"Come funzionano le partnership in wLw!\" width=\"800\" height=\"450\" src=\"https:\/\/www.youtube.com\/embed\/PAcNjgpXQyc?feature=oembed\" frameborder=\"0\" allow=\"accelerometer; autoplay; clipboard-write; encrypted-media; gyroscope; picture-in-picture; web-share\" referrerpolicy=\"strict-origin-when-cross-origin\" allowfullscreen><\/iframe>\n<\/div><\/figure>\n\n\n\n<hr class=\"wp-block-separator has-alpha-channel-opacity\"\/>\n\n\n\n<p class=\"wp-block-ht-blocks-messages wp-block-hb-message wp-block-hb-message--withicon is-style-info\"><strong>\u2049\ufe0f Ci sono altre domande? <\/strong><br><br>Non esitate a inviarci un'e-mail!<br><br><a href=\"mailto:kontakt@wir-lernen-weiter.ch?subject=Partnerschaftsfragen\" data-type=\"mailto\" data-id=\"mailto:kontakt@wir-lernen-weiter.ch?subject=Partnerschaftsfragen\"><strong>Scrivere la posta<\/strong><\/a><\/p>","protected":false},"excerpt":{"rendered":"<p>Gemeinsam helfen! Ihr ben\u00f6tigt Laptops und wir m\u00fcssen wissen, wer effektiv arm ist. Die Partnerschaft mit uns erm\u00f6glicht genau dies. Eine Partnerschaft, von der beide Seiten massiv profitieren. Warum? Das erkl\u00e4ren wir hier. Drei klare Vorteile Zus\u00e4tzliche Vorteile Bedingungen Erkl\u00e4rvideo<\/p>","protected":false},"author":6,"featured_media":0,"parent":0,"menu_order":0,"comment_status":"closed","ping_status":"closed","template":"","meta":{"iawp_total_views":74,"footnotes":""},"class_list":["post-2339","page","type-page","status-publish","hentry"],"_links":{"self":[{"href":"https:\/\/wir-lernen-weiter.ch\/it\/wp-json\/wp\/v2\/pages\/2339","targetHints":{"allow":["GET"]}}],"collection":[{"href":"https:\/\/wir-lernen-weiter.ch\/it\/wp-json\/wp\/v2\/pages"}],"about":[{"href":"https:\/\/wir-lernen-weiter.ch\/it\/wp-json\/wp\/v2\/types\/page"}],"author":[{"embeddable":true,"href":"https:\/\/wir-lernen-weiter.ch\/it\/wp-json\/wp\/v2\/users\/6"}],"replies":[{"embeddable":true,"href":"https:\/\/wir-lernen-weiter.ch\/it\/wp-json\/wp\/v2\/comments?post=2339"}],"version-history":[{"count":1,"href":"https:\/\/wir-lernen-weiter.ch\/it\/wp-json\/wp\/v2\/pages\/2339\/revisions"}],"predecessor-version":[{"id":6806,"href":"https:\/\/wir-lernen-weiter.ch\/it\/wp-json\/wp\/v2\/pages\/2339\/revisions\/6806"}],"wp:attachment":[{"href":"https:\/\/wir-lernen-weiter.ch\/it\/wp-json\/wp\/v2\/media?parent=2339"}],"curies":[{"name":"wp","href":"https:\/\/api.w.org\/{rel}","templated":true}]}}