{"id":2336,"date":"2022-03-30T09:49:04","date_gmt":"2022-03-30T08:49:04","guid":{"rendered":"https:\/\/wir-lernen-weiter.ch\/?page_id=2336"},"modified":"2026-04-15T10:30:42","modified_gmt":"2026-04-15T09:30:42","slug":"laptops-beantragen","status":"publish","type":"page","link":"https:\/\/wir-lernen-weiter.ch\/it\/laptops-beantragen\/","title":{"rendered":"Richiedi i laptop"},"content":{"rendered":"<div class=\"wp-block-media-text alignwide is-stacked-on-mobile is-image-fill-element is-style-tw-shadow\" style=\"grid-template-columns:37% auto\"><figure class=\"wp-block-media-text__media\"><img decoding=\"async\" width=\"1024\" height=\"681\" src=\"https:\/\/wir-lernen-weiter.ch\/wp-content\/uploads\/2023\/01\/DSC_2189-1024x681.jpg\" alt=\"\" class=\"wp-image-3820 size-full\" style=\"object-position:100% 64%\" srcset=\"https:\/\/wir-lernen-weiter.ch\/wp-content\/uploads\/2023\/01\/DSC_2189-1024x681.jpg 1024w, https:\/\/wir-lernen-weiter.ch\/wp-content\/uploads\/2023\/01\/DSC_2189-300x200.jpg 300w, https:\/\/wir-lernen-weiter.ch\/wp-content\/uploads\/2023\/01\/DSC_2189-768x511.jpg 768w, https:\/\/wir-lernen-weiter.ch\/wp-content\/uploads\/2023\/01\/DSC_2189-50x33.jpg 50w, https:\/\/wir-lernen-weiter.ch\/wp-content\/uploads\/2023\/01\/DSC_2189-1536x1022.jpg 1536w, https:\/\/wir-lernen-weiter.ch\/wp-content\/uploads\/2023\/01\/DSC_2189-2048x1363.jpg 2048w, https:\/\/wir-lernen-weiter.ch\/wp-content\/uploads\/2023\/01\/DSC_2189-18x12.jpg 18w, https:\/\/wir-lernen-weiter.ch\/wp-content\/uploads\/2023\/01\/DSC_2189-1200x798.jpg 1200w, https:\/\/wir-lernen-weiter.ch\/wp-content\/uploads\/2023\/01\/DSC_2189-1980x1317.jpg 1980w, https:\/\/wir-lernen-weiter.ch\/wp-content\/uploads\/2023\/01\/DSC_2189-1320x878.jpg 1320w\" sizes=\"(max-width: 1024px) 100vw, 1024px\" \/><\/figure><div class=\"wp-block-media-text__content\">\n<h2 class=\"wp-block-heading\">Siamo felici di aiutarvi!<\/h2>\n\n\n\n<p>I computer portatili possono essere ordinati dalle nostre organizzazioni partner. Molti uffici di assistenza sociale, autorit\u00e0 cantonali e organizzazioni umanitarie sono gi\u00e0 tra questi.<\/p>\n\n\n\n<p>Cliccate sul pulsante che corrisponde alla vostra situazione di povert\u00e0 e ottenete maggiori informazioni sulla procedura.<\/p>\n<\/div><\/div>\n\n\n\n<p class=\"wp-block-ht-blocks-messages wp-block-hb-message wp-block-hb-message--withicon is-style-danger\"><strong>\u26a0\ufe0f Der Laptopbezug ist nur \u00fcber Partner m\u00f6glich!<\/strong><br><br>Attenetevi alle informazioni fornite. Se un partner esistente non vuole darvi un portatile, chiedete sempre una risposta scritta.<br><\/p>\n\n\n\n<h2 class=\"wp-block-heading has-text-align-center\">Trovare il giusto punto di contatto<\/h2>\n\n\n\n<div class=\"wp-block-ht-blocks-accordion wp-block-hb-accordion\"><div class=\"wp-block-hb-accordion__section\" data-ht-blocks-accordion-block-state=\"closed\"><div class=\"wp-block-hb-accordion__title\"><span>Ricevo l'assistenza sociale.<\/span><\/div><div class=\"wp-block-hb-accordion__content\"><div class=\"wp-block-hb-accordion__contentwrap\">In questo caso, il responsabile \u00e8 l'ufficio di assistenza sociale locale. Potete utilizzare la seguente mappa per cercare il vostro comune e ottenere le informazioni di contatto.<br><br><a href=\"https:\/\/wir-lernen-weiter.ch\/it\/partnergemeinden\/\" data-type=\"page\" data-id=\"2139\"><strong>Comunit\u00e0 partner<\/strong><\/a><\/div><\/div><\/div><div class=\"wp-block-hb-accordion__section\" data-ht-blocks-accordion-block-state=\"closed\"><div class=\"wp-block-hb-accordion__title\"><span>Sono in fase di migrazione o di asilo.<\/span><\/div><div class=\"wp-block-hb-accordion__content\"><div class=\"wp-block-hb-accordion__contentwrap\">Contattate direttamente la vostra organizzazione responsabile. Molti uffici cantonali e organizzazioni terze collaborano con noi. \u00c8 molto probabile che esista gi\u00e0 una collaborazione.<br><br>Poich\u00e9 i requisiti per l'ottenimento di un computer portatile sono molto diversi, purtroppo non possiamo fornire ulteriori informazioni in questa sede. Vi invitiamo a contattare direttamente l'ufficio competente.<\/div><\/div><\/div><div class=\"wp-block-hb-accordion__section\" data-ht-blocks-accordion-block-state=\"closed\"><div class=\"wp-block-hb-accordion__title\"><span>Neanche quello, ma non ho altri soldi.<\/span><\/div><div class=\"wp-block-hb-accordion__content\"><div class=\"wp-block-hb-accordion__contentwrap\">Saremo lieti di rimandarvi alla mappa generale delle nostre organizzazioni partner.<br><br>Si noti che le singole organizzazioni prevedono alcune condizioni, ad esempio possono aiutare solo in determinate situazioni o richiedono documenti aggiuntivi.<br><br><a href=\"https:\/\/wir-lernen-weiter.ch\/it\/partnerorganisationen\/\" data-type=\"page\" data-id=\"2132\"><strong>Organizzazioni partner<\/strong><\/a><\/div><\/div><\/div><\/div>\n\n\n\n<p class=\"wp-block-ht-blocks-messages wp-block-hb-message wp-block-hb-message--withicon is-style-alert\"><strong>\ud83e\udd37 Non riuscite a trovare nulla di adatto?<\/strong><br><br>La nostra piccola organizzazione non \u00e8 ancora conosciuta ovunque. Se, ad esempio, il vostro comune o una particolare organizzazione non \u00e8 ancora membro, vi preghiamo di segnalarcelo.<\/p>\n\n\n\n<p><\/p>","protected":false},"excerpt":{"rendered":"<p>Wir helfen gerne! Laptops k\u00f6nnen von unseren Partnerorganisationen bestellt werden. Viele Sozial\u00e4mter, Kantonale Stellen und auch Hilfswerke geh\u00f6ren schon dazu. Klicke auf die Schaltfl\u00e4che, die zu Deiner Armutssituation passt und erhalte weitere Infos zum Ablauf. Finde die richtige Anlaufstelle<\/p>","protected":false},"author":6,"featured_media":0,"parent":0,"menu_order":0,"comment_status":"closed","ping_status":"closed","template":"","meta":{"iawp_total_views":271,"footnotes":""},"class_list":["post-2336","page","type-page","status-publish","hentry"],"_links":{"self":[{"href":"https:\/\/wir-lernen-weiter.ch\/it\/wp-json\/wp\/v2\/pages\/2336","targetHints":{"allow":["GET"]}}],"collection":[{"href":"https:\/\/wir-lernen-weiter.ch\/it\/wp-json\/wp\/v2\/pages"}],"about":[{"href":"https:\/\/wir-lernen-weiter.ch\/it\/wp-json\/wp\/v2\/types\/page"}],"author":[{"embeddable":true,"href":"https:\/\/wir-lernen-weiter.ch\/it\/wp-json\/wp\/v2\/users\/6"}],"replies":[{"embeddable":true,"href":"https:\/\/wir-lernen-weiter.ch\/it\/wp-json\/wp\/v2\/comments?post=2336"}],"version-history":[{"count":1,"href":"https:\/\/wir-lernen-weiter.ch\/it\/wp-json\/wp\/v2\/pages\/2336\/revisions"}],"predecessor-version":[{"id":6685,"href":"https:\/\/wir-lernen-weiter.ch\/it\/wp-json\/wp\/v2\/pages\/2336\/revisions\/6685"}],"wp:attachment":[{"href":"https:\/\/wir-lernen-weiter.ch\/it\/wp-json\/wp\/v2\/media?parent=2336"}],"curies":[{"name":"wp","href":"https:\/\/api.w.org\/{rel}","templated":true}]}}