{"id":2302,"date":"2022-03-25T10:46:58","date_gmt":"2022-03-25T09:46:58","guid":{"rendered":"https:\/\/wir-lernen-weiter.ch\/?page_id=2302"},"modified":"2022-03-25T10:46:59","modified_gmt":"2022-03-25T09:46:59","slug":"digitec-gewinnspiel","status":"publish","type":"page","link":"https:\/\/wir-lernen-weiter.ch\/it\/digitec-gewinnspiel\/","title":{"rendered":"concorso digitec"},"content":{"rendered":"<p>Tra tutti coloro che doneranno un computer portatile utilizzabile sabato a Zurigo, parteciperanno come aiutanti o avranno donato un computer portatile a \"Wir lernen weiter\" entro il 31 marzo 2022, metteremo in palio un buono da 500 franchi. Inoltre, altri tre fortunati vincitori riceveranno ciascuno un dispositivo selezionato che abbiamo testato nella nostra redazione e di cui non abbiamo pi\u00f9 bisogno. Che cosa sia esattamente, \u00e8 poi una sorpresa.<\/p>\n\n\n\n<p>La partecipazione alla lotteria pu\u00f2 essere indicata nel modulo di donazione il giorno dell'evento. Tuttavia, la partecipazione non \u00e8 necessaria. Se parteciperete, condivideremo il vostro indirizzo e-mail con digitec \ud83d\ude42<\/p>","protected":false},"excerpt":{"rendered":"<p>Unter allen Personen, die entweder am Samstag in Z\u00fcrich einen verwendbaren Laptop spenden, sich als Helferin oder Helfer beteiligen oder einen Laptop bis zum 31. M\u00e4rz 2022 an \u00abWir lernen weiter\u00bb gespendet haben, verlosen wir einen 500-Franken-Gutschein. Zus\u00e4tzlich gibt es f\u00fcr drei weitere gl\u00fcckliche Gewinnerinnen oder Gewinner jeweils ein ausgew\u00e4hltes Ger\u00e4t, das wir in unserer&hellip;<\/p>","protected":false},"author":6,"featured_media":0,"parent":0,"menu_order":0,"comment_status":"closed","ping_status":"closed","template":"","meta":{"_eb_attr":"","footnotes":""},"class_list":["post-2302","page","type-page","status-publish","hentry"],"_links":{"self":[{"href":"https:\/\/wir-lernen-weiter.ch\/it\/wp-json\/wp\/v2\/pages\/2302","targetHints":{"allow":["GET"]}}],"collection":[{"href":"https:\/\/wir-lernen-weiter.ch\/it\/wp-json\/wp\/v2\/pages"}],"about":[{"href":"https:\/\/wir-lernen-weiter.ch\/it\/wp-json\/wp\/v2\/types\/page"}],"author":[{"embeddable":true,"href":"https:\/\/wir-lernen-weiter.ch\/it\/wp-json\/wp\/v2\/users\/6"}],"replies":[{"embeddable":true,"href":"https:\/\/wir-lernen-weiter.ch\/it\/wp-json\/wp\/v2\/comments?post=2302"}],"version-history":[{"count":1,"href":"https:\/\/wir-lernen-weiter.ch\/it\/wp-json\/wp\/v2\/pages\/2302\/revisions"}],"predecessor-version":[{"id":2303,"href":"https:\/\/wir-lernen-weiter.ch\/it\/wp-json\/wp\/v2\/pages\/2302\/revisions\/2303"}],"wp:attachment":[{"href":"https:\/\/wir-lernen-weiter.ch\/it\/wp-json\/wp\/v2\/media?parent=2302"}],"curies":[{"name":"wp","href":"https:\/\/api.w.org\/{rel}","templated":true}]}}