{"id":2139,"date":"2022-02-22T14:27:49","date_gmt":"2022-02-22T13:27:49","guid":{"rendered":"https:\/\/wir-lernen-weiter.ch\/?page_id=2139"},"modified":"2026-04-11T23:05:33","modified_gmt":"2026-04-11T22:05:33","slug":"partnergemeinden","status":"publish","type":"page","link":"https:\/\/wir-lernen-weiter.ch\/it\/partnergemeinden\/","title":{"rendered":"Comunit\u00e0 partner"},"content":{"rendered":"<p class=\"wp-block-ht-blocks-messages wp-block-hb-message wp-block-hb-message--withicon is-style-success\"><strong>\ud83d\uddb1\ufe0f Funzionamento<\/strong><br><br>Utilizzate la funzione di ricerca in alto a destra (Cerca comune) per verificare se il vostro comune \u00e8 incluso o meno. <br><br>Cliccate poi sul vostro comune per vedere quale ufficio \u00e8 responsabile.<\/p>\n\n\n\n<iframe src=\"https:\/\/partnergemeinden.wir-lernen-weiter.ch\/\" !important\"=\"\" height=\"700px\"><\/iframe>\n\n\n\n<p class=\"wp-block-ht-blocks-messages wp-block-hb-message wp-block-hb-message--withicon is-style-danger\"><strong>\ud83d\udcd6 Importante da sapere! <\/strong><br><br>Non spetta a noi decidere se l'autorit\u00e0 competente ordina o meno un computer portatile per voi. \u00c8 possibile che debbano essere soddisfatti determinati requisiti. <br><br>\u00c8 possibile ottenere ulteriori informazioni in merito presso l'ufficio competente.<\/p>\n\n\n\n<p><\/p>","protected":false},"excerpt":{"rendered":"","protected":false},"author":6,"featured_media":0,"parent":0,"menu_order":0,"comment_status":"closed","ping_status":"closed","template":"","meta":{"iawp_total_views":116,"footnotes":""},"class_list":["post-2139","page","type-page","status-publish","hentry"],"_links":{"self":[{"href":"https:\/\/wir-lernen-weiter.ch\/it\/wp-json\/wp\/v2\/pages\/2139","targetHints":{"allow":["GET"]}}],"collection":[{"href":"https:\/\/wir-lernen-weiter.ch\/it\/wp-json\/wp\/v2\/pages"}],"about":[{"href":"https:\/\/wir-lernen-weiter.ch\/it\/wp-json\/wp\/v2\/types\/page"}],"author":[{"embeddable":true,"href":"https:\/\/wir-lernen-weiter.ch\/it\/wp-json\/wp\/v2\/users\/6"}],"replies":[{"embeddable":true,"href":"https:\/\/wir-lernen-weiter.ch\/it\/wp-json\/wp\/v2\/comments?post=2139"}],"version-history":[{"count":0,"href":"https:\/\/wir-lernen-weiter.ch\/it\/wp-json\/wp\/v2\/pages\/2139\/revisions"}],"wp:attachment":[{"href":"https:\/\/wir-lernen-weiter.ch\/it\/wp-json\/wp\/v2\/media?parent=2139"}],"curies":[{"name":"wp","href":"https:\/\/api.w.org\/{rel}","templated":true}]}}