{"id":1891,"date":"2021-11-17T07:44:16","date_gmt":"2021-11-17T07:44:16","guid":{"rendered":"https:\/\/wir-lernen-weiter.ch\/?page_id=1891"},"modified":"2026-04-10T08:58:30","modified_gmt":"2026-04-10T07:58:30","slug":"kreislaufpartner","status":"publish","type":"page","link":"https:\/\/wir-lernen-weiter.ch\/it\/kreislaufpartner\/","title":{"rendered":"Partner di circolazione"},"content":{"rendered":"<div class=\"wp-block-media-text alignwide is-stacked-on-mobile is-style-tw-shadow\"><figure class=\"wp-block-media-text__media\"><img decoding=\"async\" width=\"1024\" height=\"683\" src=\"https:\/\/wir-lernen-weiter.ch\/wp-content\/uploads\/2023\/06\/DSC_6521-1024x683.jpg\" alt=\"\" class=\"wp-image-4510 size-full\" srcset=\"https:\/\/wir-lernen-weiter.ch\/wp-content\/uploads\/2023\/06\/DSC_6521-1024x683.jpg 1024w, https:\/\/wir-lernen-weiter.ch\/wp-content\/uploads\/2023\/06\/DSC_6521-300x200.jpg 300w, https:\/\/wir-lernen-weiter.ch\/wp-content\/uploads\/2023\/06\/DSC_6521-768x512.jpg 768w, https:\/\/wir-lernen-weiter.ch\/wp-content\/uploads\/2023\/06\/DSC_6521-50x33.jpg 50w, https:\/\/wir-lernen-weiter.ch\/wp-content\/uploads\/2023\/06\/DSC_6521-1536x1024.jpg 1536w, https:\/\/wir-lernen-weiter.ch\/wp-content\/uploads\/2023\/06\/DSC_6521-2048x1365.jpg 2048w, https:\/\/wir-lernen-weiter.ch\/wp-content\/uploads\/2023\/06\/DSC_6521-18x12.jpg 18w, https:\/\/wir-lernen-weiter.ch\/wp-content\/uploads\/2023\/06\/DSC_6521-1200x800.jpg 1200w, https:\/\/wir-lernen-weiter.ch\/wp-content\/uploads\/2023\/06\/DSC_6521-1980x1320.jpg 1980w, https:\/\/wir-lernen-weiter.ch\/wp-content\/uploads\/2023\/06\/DSC_6521-1320x880.jpg 1320w\" sizes=\"(max-width: 1024px) 100vw, 1024px\" \/><\/figure><div class=\"wp-block-media-text__content\">\n<h2 class=\"wp-block-heading\">Create un impatto!<\/h2>\n\n\n\n<p>Il nostro lavoro \u00e8 importante, ma non possiamo farlo da soli. In qualit\u00e0 di partner, potete sostenere direttamente il nostro lavoro donandoci i vecchi dispositivi e pagando di conseguenza meno.<\/p>\n<\/div><\/div>\n\n\n\n<h2 class=\"wp-block-heading has-text-align-center\">Nuova vita per i vecchi elettrodomestici<\/h2>\n\n\n\n<p class=\"wp-block-ht-blocks-messages wp-block-hb-message wp-block-hb-message--withicon\">Anche i dispositivi informatici vengono sostituiti periodicamente nel vostro comune o nella vostra organizzazione. Tuttavia, questi dispositivi possono essere utilizzati molto pi\u00f9 a lungo di quanto si possa pensare. <\/p>\n\n\n\n<div class=\"wp-block-media-text alignwide has-media-on-the-right is-stacked-on-mobile is-style-tw-shadow\" style=\"grid-template-columns:auto 47%\"><div class=\"wp-block-media-text__content\">\n<p class=\"has-large-font-size\"><strong>Vantaggi<\/strong><\/p>\n\n\n\n<ul class=\"wp-block-list is-style-tw-checkmark\">\n<li>\ud83d\udcbb Elaborazione libera<\/li>\n\n\n\n<li>\ud83d\udcdd Certificato <a href=\"https:\/\/wir-lernen-weiter.ch\/it\/knowledge-base\/datenloeschung\/\" data-type=\"ht_kb\" data-id=\"2877\">Cancellazione dei dati<\/a><\/li>\n\n\n\n<li>\ud83d\udcb8 Costi inferiori<\/li>\n\n\n\n<li>\ud83c\udf33 Proteggere l'ambiente<\/li>\n<\/ul>\n<\/div><figure class=\"wp-block-media-text__media\"><img decoding=\"async\" width=\"1024\" height=\"683\" src=\"https:\/\/wir-lernen-weiter.ch\/wp-content\/uploads\/2023\/04\/DSC_6468-1024x683.jpg\" alt=\"\" class=\"wp-image-4252 size-full\" srcset=\"https:\/\/wir-lernen-weiter.ch\/wp-content\/uploads\/2023\/04\/DSC_6468-1024x683.jpg 1024w, https:\/\/wir-lernen-weiter.ch\/wp-content\/uploads\/2023\/04\/DSC_6468-300x200.jpg 300w, https:\/\/wir-lernen-weiter.ch\/wp-content\/uploads\/2023\/04\/DSC_6468-768x512.jpg 768w, https:\/\/wir-lernen-weiter.ch\/wp-content\/uploads\/2023\/04\/DSC_6468-50x33.jpg 50w, https:\/\/wir-lernen-weiter.ch\/wp-content\/uploads\/2023\/04\/DSC_6468-1536x1024.jpg 1536w, https:\/\/wir-lernen-weiter.ch\/wp-content\/uploads\/2023\/04\/DSC_6468-2048x1365.jpg 2048w, https:\/\/wir-lernen-weiter.ch\/wp-content\/uploads\/2023\/04\/DSC_6468-18x12.jpg 18w, https:\/\/wir-lernen-weiter.ch\/wp-content\/uploads\/2023\/04\/DSC_6468-1200x800.jpg 1200w, https:\/\/wir-lernen-weiter.ch\/wp-content\/uploads\/2023\/04\/DSC_6468-1980x1320.jpg 1980w, https:\/\/wir-lernen-weiter.ch\/wp-content\/uploads\/2023\/04\/DSC_6468-1320x880.jpg 1320w\" sizes=\"(max-width: 1024px) 100vw, 1024px\" \/><\/figure><\/div>\n\n\n\n<figure class=\"wp-block-embed is-type-video is-provider-youtube wp-block-embed-youtube wp-embed-aspect-16-9 wp-has-aspect-ratio\"><div class=\"wp-block-embed__wrapper\">\n<iframe title=\"Collezione di laptop: nuove prospettive grazie ai dispositivi di Uster \ud83e\udd1d\" width=\"800\" height=\"450\" src=\"https:\/\/www.youtube.com\/embed\/Cpc9jORvq00?feature=oembed\" frameborder=\"0\" allow=\"accelerometer; autoplay; clipboard-write; encrypted-media; gyroscope; picture-in-picture; web-share\" referrerpolicy=\"strict-origin-when-cross-origin\" allowfullscreen><\/iframe>\n<\/div><\/figure>\n\n\n\n<h2 class=\"wp-block-heading has-text-align-center\">Pi\u00f9 informazioni<\/h2>\n\n\n\n<p><strong>\ud83d\udd04 Procedura di base<\/strong><\/p>\n\n\n\n<p>Non appena avremo ricevuto una donazione da parte vostra, questa verr\u00e0 elaborata. In questo modo si crea una quota circolare. I dispositivi possono essere acquistati a prezzo ridotto per questa quota circolare.<\/p>\n\n\n\n<p>\u270f\ufe0f <strong>Calcolo del contingente di ciclo<\/strong><\/p>\n\n\n\n<p>La quota di riciclaggio di una donazione viene calcolata in base al numero di dispositivi riutilizzabili presenti nella donazione.<\/p>\n\n\n\n<p>Solo i dispositivi organizzativi interni possono essere conteggiati ai fini della quota di riciclaggio - ad esempio, i dispositivi scolastici o amministrativi di un comune.<\/p>\n\n\n\n<p><strong>\ud83d\udce2 Obbligo di registrazione<\/strong><\/p>\n\n\n\n<p>Se una donazione deve essere utilizzata per una partnership circolare, \u00e8 necessario comunicarlo prima di effettuare la donazione. <\/p>\n\n\n\n<hr class=\"wp-block-separator has-alpha-channel-opacity\"\/>\n\n\n\n<h2 class=\"wp-block-heading has-text-align-center\">Registrazione della donazione<\/h2>\n\n\n\n<p>Saremo felici di creare insieme a voi un grande impatto per gli altri. Inviateci un'e-mail e vi contatteremo.<\/p>\n\n\n\n<div class=\"wp-block-buttons is-content-justification-center is-layout-flex wp-container-core-buttons-is-layout-a89b3969 wp-block-buttons-is-layout-flex\">\n<div class=\"wp-block-button\"><a class=\"wp-block-button__link has-secondary-background-color has-background wp-element-button\" href=\"mailto:kontakt@wir-lernen-weiter.ch?subject=Laptopspende\" style=\"border-radius:6px\">Segnala ora<\/a><\/div>\n<\/div>","protected":false},"excerpt":{"rendered":"<p>Impact schaffen! Unsere Arbeit ist wichtig, doch alleine schaffen wir das nicht. Als Partner k\u00f6nnen Sie unsere Arbeit direkt unterst\u00fctzen, in dem Ihr uns als Partner alte Ger\u00e4te spenden und dadurch weniger zahlt. Neues Leben f\u00fcr alte Ger\u00e4te Weitere Infos \ud83d\udd04 Grundlegender Ablauf Sobald wir eine Spende von Euch erhalten haben, wird diese verarbeitet. Daraus&hellip;<\/p>","protected":false},"author":6,"featured_media":0,"parent":0,"menu_order":0,"comment_status":"closed","ping_status":"closed","template":"templates\/template-full-width.php","meta":{"iawp_total_views":1,"footnotes":""},"class_list":["post-1891","page","type-page","status-publish","hentry"],"_links":{"self":[{"href":"https:\/\/wir-lernen-weiter.ch\/it\/wp-json\/wp\/v2\/pages\/1891","targetHints":{"allow":["GET"]}}],"collection":[{"href":"https:\/\/wir-lernen-weiter.ch\/it\/wp-json\/wp\/v2\/pages"}],"about":[{"href":"https:\/\/wir-lernen-weiter.ch\/it\/wp-json\/wp\/v2\/types\/page"}],"author":[{"embeddable":true,"href":"https:\/\/wir-lernen-weiter.ch\/it\/wp-json\/wp\/v2\/users\/6"}],"replies":[{"embeddable":true,"href":"https:\/\/wir-lernen-weiter.ch\/it\/wp-json\/wp\/v2\/comments?post=1891"}],"version-history":[{"count":0,"href":"https:\/\/wir-lernen-weiter.ch\/it\/wp-json\/wp\/v2\/pages\/1891\/revisions"}],"wp:attachment":[{"href":"https:\/\/wir-lernen-weiter.ch\/it\/wp-json\/wp\/v2\/media?parent=1891"}],"curies":[{"name":"wp","href":"https:\/\/api.w.org\/{rel}","templated":true}]}}