{"id":636,"date":"2020-08-24T20:31:41","date_gmt":"2020-08-24T20:31:41","guid":{"rendered":"https:\/\/wir-lernen-weiter.ch\/?page_id=636"},"modified":"2026-04-13T08:18:34","modified_gmt":"2026-04-13T07:18:34","slug":"unser-verein","status":"publish","type":"page","link":"https:\/\/wir-lernen-weiter.ch\/fr\/unser-verein\/","title":{"rendered":"Notre association"},"content":{"rendered":"<div class=\"wp-block-media-text alignwide is-stacked-on-mobile is-style-tw-shadow\"><figure class=\"wp-block-media-text__media\"><img loading=\"lazy\" decoding=\"async\" width=\"1024\" height=\"683\" src=\"https:\/\/wir-lernen-weiter.ch\/wp-content\/uploads\/2025\/05\/FINAL-ZF200400-1024x683.jpg\" alt=\"\" class=\"wp-image-5663 size-full\" srcset=\"https:\/\/wir-lernen-weiter.ch\/wp-content\/uploads\/2025\/05\/FINAL-ZF200400-1024x683.jpg 1024w, https:\/\/wir-lernen-weiter.ch\/wp-content\/uploads\/2025\/05\/FINAL-ZF200400-300x200.jpg 300w, https:\/\/wir-lernen-weiter.ch\/wp-content\/uploads\/2025\/05\/FINAL-ZF200400-768x512.jpg 768w, https:\/\/wir-lernen-weiter.ch\/wp-content\/uploads\/2025\/05\/FINAL-ZF200400-50x33.jpg 50w, https:\/\/wir-lernen-weiter.ch\/wp-content\/uploads\/2025\/05\/FINAL-ZF200400-1536x1024.jpg 1536w, https:\/\/wir-lernen-weiter.ch\/wp-content\/uploads\/2025\/05\/FINAL-ZF200400-2048x1366.jpg 2048w, https:\/\/wir-lernen-weiter.ch\/wp-content\/uploads\/2025\/05\/FINAL-ZF200400-18x12.jpg 18w, https:\/\/wir-lernen-weiter.ch\/wp-content\/uploads\/2025\/05\/FINAL-ZF200400-1200x800.jpg 1200w, https:\/\/wir-lernen-weiter.ch\/wp-content\/uploads\/2025\/05\/FINAL-ZF200400-1980x1320.jpg 1980w\" sizes=\"auto, (max-width: 1024px) 100vw, 1024px\" \/><\/figure><div class=\"wp-block-media-text__content\">\n<p class=\"has-large-font-size\"><strong>Beaucoup de volont\u00e9 pour un seul objectif<\/strong>!<\/p>\n\n\n\n<p>Chaque membre de l'association soutient notre travail important.<\/p>\n\n\n\n<p>Doch um was zu \u00e4ndern, ben\u00f6tigt es Taten statt Worte. Wie wir das machen, findest Du hier heraus.<\/p>\n<\/div><\/div>\n\n\n\n<h2 class=\"wp-block-heading has-text-align-center\">Comment fonctionne notre association<\/h2>\n\n\n\n<p class=\"wp-block-ht-blocks-messages wp-block-hb-message wp-block-hb-message--withicon\">Ci-dessous, nous expliquons les diff\u00e9rents \u00e9l\u00e9ments qui composent notre association. Clique sur un point pour en savoir plus.<\/p>\n\n\n\n<div class=\"wp-block-ht-blocks-accordion wp-block-hb-accordion\"><div class=\"wp-block-hb-accordion__section\" data-ht-blocks-accordion-block-state=\"closed\"><div class=\"wp-block-hb-accordion__title\"><span>Membres<\/span><\/div><div class=\"wp-block-hb-accordion__content\"><div class=\"wp-block-hb-accordion__contentwrap\">Vereinsmitglied kann jede nat\u00fcrliche Person in der Schweiz werden. An der j\u00e4hrlich stattfindenden Mitgliederversammlung (MV) werden Neumitglieder aufgenommen.<\/div><\/div><\/div><div class=\"wp-block-hb-accordion__section\" data-ht-blocks-accordion-block-state=\"closed\"><div class=\"wp-block-hb-accordion__title\"><span>Assembl\u00e9e g\u00e9n\u00e9rale<\/span><\/div><div class=\"wp-block-hb-accordion__content\"><div class=\"wp-block-hb-accordion__contentwrap\">Sie bildet das oberste Organ des Vereins. Einmal j\u00e4hrlich wird \u00fcber Rechnungen, Budgets und vieles Weiteres bestimmt. Stimmberechtigt sind hierbei alle Mitglieder<\/div><\/div><\/div><div class=\"wp-block-hb-accordion__section\" data-ht-blocks-accordion-block-state=\"closed\"><div class=\"wp-block-hb-accordion__title\"><span>Conseil d'administration<\/span><\/div><div class=\"wp-block-hb-accordion__content\"><div class=\"wp-block-hb-accordion__contentwrap\">Les membres du comit\u00e9 sont \u00e9lus pour un an lors de l'assembl\u00e9e g\u00e9n\u00e9rale. Tout membre de l'association peut devenir membre du comit\u00e9.<br><br><\/div><\/div><\/div><div class=\"wp-block-hb-accordion__section\" data-ht-blocks-accordion-block-state=\"closed\"><div class=\"wp-block-hb-accordion__title\"><span>(Co-)Pr\u00e9sidence<\/span><\/div><div class=\"wp-block-hb-accordion__content\"><div class=\"wp-block-hb-accordion__contentwrap\">La pr\u00e9sidence est une instance interne au comit\u00e9 directeur, qui constitue l'organe de direction supr\u00eame de l'association. Tout membre du comit\u00e9 directeur peut \u00eatre \u00e9lu \u00e0 la pr\u00e9sidence. <br><br>Depuis 2021, la pr\u00e9sidence est assur\u00e9e en copr\u00e9sidence. <\/div><\/div><\/div><div class=\"wp-block-hb-accordion__section\" data-ht-blocks-accordion-block-state=\"closed\"><div class=\"wp-block-hb-accordion__title\"><span>Direction<\/span><\/div><div class=\"wp-block-hb-accordion__content\"><div class=\"wp-block-hb-accordion__contentwrap\">Vertritt die Anliegen des operativen Teams gegen\u00fcber dem Vorstand und setzt strategische Ziele in operative Arbeiten um. Es gib nur einen Gesch\u00e4ftsleiter oder eine Gesch\u00e4ftsleiterin.<br><br>Zur erweiterten Gesch\u00e4ftsleitung geh\u00f6ren Angeh\u00f6rige des operativen Teams, die einen oder mehrere gesch\u00e4ftskritische Bereiche des operativen Teams verantworten.<br><\/div><\/div><\/div><div class=\"wp-block-hb-accordion__section\" data-ht-blocks-accordion-block-state=\"closed\"><div class=\"wp-block-hb-accordion__title\"><span>\u00c9quipe op\u00e9rationnelle<\/span><\/div><div class=\"wp-block-hb-accordion__content\"><div class=\"wp-block-hb-accordion__contentwrap\">L'\u00e9quipe op\u00e9rationnelle se compose de tous les employ\u00e9s de l'association et est dirig\u00e9e par la direction. Dans diff\u00e9rents domaines de responsabilit\u00e9, un travail important est r\u00e9alis\u00e9 chaque jour pour que notre association puisse agir efficacement.<br><br>Le travail de l'association ne serait plus possible s'il \u00e9tait purement b\u00e9n\u00e9vole. Nous investissons beaucoup dans la transparence de ce travail, par exemple en organisant une journ\u00e9e de formation compl\u00e8te. <a href=\"https:\/\/wir-lernen-weiter.ch\/fr\/knowledge-base\/arbeitsverhaeltnisse\/\" data-type=\"ht_kb\" data-id=\"2906\">Transparence des salaires<\/a>.<\/div><\/div><\/div><\/div>\n\n\n\n<p class=\"wp-block-ht-blocks-messages wp-block-hb-message wp-block-hb-message--withicon\"><strong>\ud83d\ude4b\ud83c\udffc Vous en voulez plus ? <\/strong><br><br>Dans la section wiki \u00ab<a href=\"https:\/\/wir-lernen-weiter.ch\/fr\/unsere-arbeit\/\" data-type=\"page\" data-id=\"5154\"><strong>Notre travail<\/strong><\/a>\u00bbTu trouveras de nombreuses informations sur la mani\u00e8re dont notre \u00e9quipe op\u00e9rationnelle travaille au quotidien et sur la fa\u00e7on dont nous faisons la diff\u00e9rence dans toute la Suisse.<\/p>\n\n\n\n<h2 class=\"wp-block-heading has-text-align-center\">L'histoire de l'association<\/h2>\n\n\n\n<figure class=\"wp-block-embed is-type-video is-provider-youtube wp-block-embed-youtube wp-embed-aspect-16-9 wp-has-aspect-ratio\"><div class=\"wp-block-embed__wrapper\">\n<iframe loading=\"lazy\" title=\"L&#039;histoire de Wir lernen weiter \ud83e\udd70\" width=\"800\" height=\"450\" src=\"https:\/\/www.youtube.com\/embed\/Io3BLK3l-uM?feature=oembed\" frameborder=\"0\" allow=\"accelerometer; autoplay; clipboard-write; encrypted-media; gyroscope; picture-in-picture; web-share\" referrerpolicy=\"strict-origin-when-cross-origin\" allowfullscreen><\/iframe>\n<\/div><\/figure>\n\n\n\n<h2 class=\"wp-block-heading has-text-align-center\">Documents<\/h2>\n\n\n\n<div class=\"wp-block-file\"><a id=\"wp-block-file--media-64a77136-61bd-44c0-8c48-f97ecef4187a\" href=\"https:\/\/wir-lernen-weiter.ch\/wp-content\/uploads\/2023\/04\/Vereinsstatuten-WLW_Stand-01.04.2023.pdf\">Statuts de l'association wLw_Stand 01.04.2023<\/a><a href=\"https:\/\/wir-lernen-weiter.ch\/wp-content\/uploads\/2023\/04\/Vereinsstatuten-WLW_Stand-01.04.2023.pdf\" class=\"wp-block-file__button wp-element-button\" download aria-describedby=\"wp-block-file--media-64a77136-61bd-44c0-8c48-f97ecef4187a\">T\u00e9l\u00e9charger<\/a><\/div>\n\n\n\n<div class=\"wp-block-file\"><a id=\"wp-block-file--media-e535883a-9a08-41ff-a94e-06fad97375b9\" href=\"https:\/\/wir-lernen-weiter.ch\/wp-content\/uploads\/2025\/05\/231117_Verfuegung-Steuerbefreiung.pdf\">Exon\u00e9ration fiscale actuellement en vigueur Kt AG<\/a><a href=\"https:\/\/wir-lernen-weiter.ch\/wp-content\/uploads\/2025\/05\/231117_Verfuegung-Steuerbefreiung.pdf\" class=\"wp-block-file__button wp-element-button\" download aria-describedby=\"wp-block-file--media-e535883a-9a08-41ff-a94e-06fad97375b9\">T\u00e9l\u00e9charger<\/a><\/div>","protected":false},"excerpt":{"rendered":"<p>Viel Wille f\u00fcr ein Ziel! Jedes Vereinsmitglied steht hinter unserer wichtigen Arbeit. Doch um was zu \u00e4ndern, ben\u00f6tigt es Taten statt Worte. Wie wir das machen, findest Du hier heraus. So funktioniert unser Verein Die Geschichte des Vereins Dokumente<\/p>","protected":false},"author":6,"featured_media":0,"parent":0,"menu_order":0,"comment_status":"closed","ping_status":"closed","template":"","meta":{"_eb_attr":"Open Sans","iawp_total_views":0,"footnotes":""},"class_list":["post-636","page","type-page","status-publish","hentry"],"_links":{"self":[{"href":"https:\/\/wir-lernen-weiter.ch\/fr\/wp-json\/wp\/v2\/pages\/636","targetHints":{"allow":["GET"]}}],"collection":[{"href":"https:\/\/wir-lernen-weiter.ch\/fr\/wp-json\/wp\/v2\/pages"}],"about":[{"href":"https:\/\/wir-lernen-weiter.ch\/fr\/wp-json\/wp\/v2\/types\/page"}],"author":[{"embeddable":true,"href":"https:\/\/wir-lernen-weiter.ch\/fr\/wp-json\/wp\/v2\/users\/6"}],"replies":[{"embeddable":true,"href":"https:\/\/wir-lernen-weiter.ch\/fr\/wp-json\/wp\/v2\/comments?post=636"}],"version-history":[{"count":98,"href":"https:\/\/wir-lernen-weiter.ch\/fr\/wp-json\/wp\/v2\/pages\/636\/revisions"}],"predecessor-version":[{"id":6472,"href":"https:\/\/wir-lernen-weiter.ch\/fr\/wp-json\/wp\/v2\/pages\/636\/revisions\/6472"}],"wp:attachment":[{"href":"https:\/\/wir-lernen-weiter.ch\/fr\/wp-json\/wp\/v2\/media?parent=636"}],"curies":[{"name":"wp","href":"https:\/\/api.w.org\/{rel}","templated":true}]}}