{"id":6,"date":"2020-03-27T21:23:40","date_gmt":"2020-03-27T21:23:40","guid":{"rendered":"http:\/\/localhost:180\/wordpress__WLW\/?page_id=6"},"modified":"2025-02-19T13:40:24","modified_gmt":"2025-02-19T12:40:24","slug":"das-neue-museum-oeffnet-seine-tueren-2","status":"publish","type":"page","link":"https:\/\/wir-lernen-weiter.ch\/fr\/","title":{"rendered":"Wir lernen weiter"},"content":{"rendered":"<div class=\"wp-block-getwid-section alignfull alignfull getwid-section-content-custom-width\"><div class=\"wp-block-getwid-section__wrapper\" style=\"min-height:100vh\"><div class=\"getwid-background-video-controls\"><button class=\"getwid-background-video-play\"><i class=\"getwid-icon getwid-icon-pause\"><\/i><\/button><button class=\"getwid-background-video-mute\"><i class=\"getwid-icon getwid-icon-mute\"><\/i><\/button><\/div><div class=\"wp-block-getwid-section__inner-wrapper\" style=\"max-width:1000px\"><div class=\"wp-block-getwid-section__background-holder\"><div class=\"wp-block-getwid-section__background\"><div class=\"wp-block-getwid-section__background-video-wrapper\"><video class=\"wp-block-getwid-section__background-video source-media-library\" playsinline autoplay muted loop><source src=\"https:\/\/wir-lernen-weiter.ch\/wp-content\/uploads\/2023\/04\/Wir-lernen-weiter.mp4\" type=\"video\/mp4\"\/><\/video><\/div><\/div><div class=\"wp-block-getwid-section__foreground\" style=\"opacity:0.71;background-color:#000000;mix-blend-mode:darken\"><\/div><\/div><div class=\"wp-block-getwid-section__content\"><div class=\"wp-block-getwid-section__inner-content\">\n<div class=\"wp-block-essential-blocks-typing-text  root-eb-typing-text-n65u30n\"><div class=\"eb-parent-wrapper eb-parent-eb-typing-text-n65u30n\"><div class=\"eb-typed-wrapper eb-typing-text-n65u30n\" data-id=\"eb-typing-text-n65u30n\"><div class=\"eb-typed-content\" data-type-speed=\"150\" data-start-delay=\"0\" data-smart-backspace=\"true\" data-back-speed=\"100\" data-back-delay=\"900\" data-fade=\"false\" data-fade-delay=\"500\" data-loop=\"false\" data-cursor=\"true\"><span class=\"eb-typed-prefix\">Pour que la Suisse devienne num\u00e9rique     \u00a0<\/span><span class=\"eb-typed-text-wrapper is-hidden\"><span class=\"eb-typed-text\">pour quelques-uns<\/span><span class=\"eb-typed-text\">pour tous<\/span><\/span><span class=\"eb-typed-view\"><\/span><span class=\"eb-typed-suffix\">.<\/span><\/div><\/div><\/div><\/div>\n\n\n\n<div class=\"wp-block-getwid-icon is-aligned-center\"><a href=\"#hierhin\" rel=\"#hierhin\" class=\"wp-block-getwid-icon__wrapper getwid-animation has-text-color has-white-color\" style=\"font-size:3em\" data-animation=\"pulse\"><i class=\"fas fa-chevron-circle-down\"><\/i><\/a><\/div>\n\n\n\n<div class=\"wp-block-essential-blocks-button  root-eb-button-161ik\"><div class=\"eb-parent-wrapper eb-parent-eb-button-161ik\"><div class=\"eb-button-wrapper eb-button-alignment eb-button-161ik\"><div class=\"eb-button\"><div class=\"eb-button-inner-wrapper\"><a class=\"eb-button-anchor\" href=\"https:\/\/wir-lernen-weiter.ch\/fr\/jetzt-helfen\/\" rel=\"noopener\">Aidez maintenant !<\/a><\/div><\/div><\/div><\/div><\/div>\n<\/div><\/div><\/div><\/div><\/div>\n\n\n\n<div class=\"wp-block-columns alignwide tw-mb-0 tw-mt-0 tw-cols-stack-sm is-layout-flex wp-container-core-columns-is-layout-1 wp-block-columns-is-layout-flex\" id=\"hierhin\">\n<div class=\"wp-block-column is-layout-flow wp-block-column-is-layout-flow\">\n<div class=\"wp-block-essential-blocks-interactive-promo  root-eb-interactive-promo-1sn1742\"><div class=\"eb-parent-wrapper eb-parent-eb-interactive-promo-1sn1742 eb_animation eb___animated eb___fadeInUp\"><div class=\"eb-interactive-promo-wrapper eb-interactive-promo-1sn1742\"><div class=\"eb-interactive-promo-container\" data-effect=\"bubba\"><div class=\"eb-interactive-promo hover-effect\"><figure class=\"effect-bubba\"><img decoding=\"async\" src=\"https:\/\/wir-lernen-weiter.ch\/wp-content\/uploads\/2023\/06\/DSC_6521-scaled.jpg\" alt=\"image\"\/><figcaption><h2 class=\"eb-interactive-promo-header\">Aider maintenant<\/h2><p class=\"eb-interactive-promo-content\">D\u00e9couvre toutes les possibilit\u00e9s de soutenir notre association.<\/p><a href=\"https:\/\/wir-lernen-weiter.ch\/fr\/jetzt-helfen\/\" target=\"_self\" rel=\"noopener noreferrer\"><\/a><\/figcaption><\/figure><\/div><\/div><\/div><\/div><\/div>\n<\/div>\n\n\n\n<div class=\"wp-block-column is-layout-flow wp-block-column-is-layout-flow\">\n<div class=\"wp-block-essential-blocks-interactive-promo  root-eb-interactive-promo-c5dkb9f\"><div class=\"eb-parent-wrapper eb-parent-eb-interactive-promo-c5dkb9f eb_animation eb___animated eb___fadeInUp\"><div class=\"eb-interactive-promo-wrapper eb-interactive-promo-c5dkb9f\"><div class=\"eb-interactive-promo-container\" data-effect=\"bubba\"><div class=\"eb-interactive-promo hover-effect\"><figure class=\"effect-bubba\"><img decoding=\"async\" src=\"https:\/\/wir-lernen-weiter.ch\/wp-content\/uploads\/2024\/02\/DSC_2467-scaled.jpg\" alt=\"image\"\/><figcaption><h2 class=\"eb-interactive-promo-header\">Notre association<\/h2><p class=\"eb-interactive-promo-content\">Nous vous montrons qui se cache derri\u00e8re wLw et comment nous fonctionnons.<\/p><a href=\"https:\/\/wir-lernen-weiter.ch\/fr\/unser-verein\/\" target=\"_self\" rel=\"noopener noreferrer\"><\/a><\/figcaption><\/figure><\/div><\/div><\/div><\/div><\/div>\n<\/div>\n\n\n\n<div class=\"wp-block-column is-layout-flow wp-block-column-is-layout-flow\">\n<div class=\"wp-block-essential-blocks-interactive-promo  root-eb-interactive-promo-7mh1hco\"><div class=\"eb-parent-wrapper eb-parent-eb-interactive-promo-7mh1hco eb_animation eb___animated eb___fadeInUp\"><div class=\"eb-interactive-promo-wrapper eb-interactive-promo-7mh1hco\"><div class=\"eb-interactive-promo-container\" data-effect=\"bubba\"><div class=\"eb-interactive-promo hover-effect\"><figure class=\"effect-bubba\"><img decoding=\"async\" src=\"https:\/\/wir-lernen-weiter.ch\/wp-content\/uploads\/2024\/02\/Z62_6655-scaled.jpg\" alt=\"image\"\/><figcaption><h2 class=\"eb-interactive-promo-header\">Notre travail<\/h2><p class=\"eb-interactive-promo-content\">Comment cr\u00e9ons-nous des perspectives dans toute la Suisse ? Tu le d\u00e9couvriras ici.<\/p><a href=\"https:\/\/wir-lernen-weiter.ch\/fr\/unsere-arbeit\/\" target=\"_self\" rel=\"noopener noreferrer\"><\/a><\/figcaption><\/figure><\/div><\/div><\/div><\/div><\/div>\n<\/div>\n\n\n\n<div class=\"wp-block-column is-layout-flow wp-block-column-is-layout-flow\">\n<div class=\"wp-block-essential-blocks-interactive-promo  root-eb-interactive-promo-vqo58pz\"><div class=\"eb-parent-wrapper eb-parent-eb-interactive-promo-vqo58pz eb_animation eb___animated eb___fadeInUp\"><div class=\"eb-interactive-promo-wrapper eb-interactive-promo-vqo58pz\"><div class=\"eb-interactive-promo-container\" data-effect=\"bubba\"><div class=\"eb-interactive-promo hover-effect\"><figure class=\"effect-bubba\"><img decoding=\"async\" src=\"https:\/\/wir-lernen-weiter.ch\/wp-content\/uploads\/2023\/06\/DSC_4652-scaled.jpg\" alt=\"image\"\/><figcaption><h2 class=\"eb-interactive-promo-header\">Devenir partenaire<\/h2><p class=\"eb-interactive-promo-content\">Devenir partenaire aujourd'hui ou obtenir plus d'informations<\/p><a href=\"https:\/\/wir-lernen-weiter.ch\/fr\/partnerschaften\/\" target=\"_self\" rel=\"noopener noreferrer\"><\/a><\/figcaption><\/figure><\/div><\/div><\/div><\/div><\/div>\n<\/div>\n<\/div>\n\n\n\n<hr class=\"wp-block-separator has-alpha-channel-opacity\"\/>\n\n\n\n<h2 class=\"wp-block-heading has-text-align-center\">Parce que le cycle a du sens !<\/h2>\n\n\n\n<p class=\"wp-block-ht-blocks-messages wp-block-hb-message wp-block-hb-message--withicon\">Nous collectons des ordinateurs portables dans toute la Suisse, les reconditionnons de mani\u00e8re professionnelle et les remettons ensuite \u00e0 des personnes touch\u00e9es par la pauvret\u00e9 dans toute la Suisse. Tu d\u00e9couvriras dans la vid\u00e9o suivante pourquoi cette cause en vaut la peine.<\/p>\n\n\n\n<figure class=\"wp-block-embed is-type-video is-provider-youtube wp-block-embed-youtube wp-embed-aspect-16-9 wp-has-aspect-ratio\"><div class=\"wp-block-embed__wrapper\">\n<iframe loading=\"lazy\" title=\"C&#039;est &quot;Wir lernen weiter&quot; \u2764\" width=\"800\" height=\"450\" src=\"https:\/\/www.youtube.com\/embed\/kX-S5pFDEM0?feature=oembed\" frameborder=\"0\" allow=\"accelerometer; autoplay; clipboard-write; encrypted-media; gyroscope; picture-in-picture; web-share\" referrerpolicy=\"strict-origin-when-cross-origin\" allowfullscreen><\/iframe>\n<\/div><\/figure>\n\n\n\n<hr class=\"wp-block-separator has-alpha-channel-opacity\"\/>\n\n\n\n<h2 class=\"wp-block-heading has-text-align-center\">Nous vous informons ici en permanence<\/h2>\n\n\n\n<div class=\"wp-block-columns is-layout-flex wp-container-core-columns-is-layout-2 wp-block-columns-is-layout-flex\">\n<div class=\"wp-block-column is-layout-flow wp-block-column-is-layout-flow\">\n<div class=\"wp-block-essential-blocks-infobox  root-eb-infobox-3ol87g0\"><div class=\"eb-parent-wrapper eb-parent-eb-infobox-3ol87g0\"><div class=\"eb-infobox-3ol87g0 eb-infobox-wrapper\"><div class=\"infobox-wrapper-inner\"><div class=\"icon-img-wrapper\"><div class=\"eb-icon number-or-icon\"><i icon=\"fab fa-youtube\" class=\"fab fa-youtube eb-infobox-icon-data-selector\"><\/i><\/div><\/div><div class=\"contents-wrapper\"><h2 class=\"title\">YouTube<\/h2><div class=\"eb-button-inner-wrapper eb-infobox-btn-wrapper\"><a class=\"eb-button-anchor hvr-float infobox-btn  hvr-float\" href=\"https:\/\/www.youtube.com\/@wirlernenweiter\" rel=\"noopener\">YouTube<\/a><\/div><\/div><\/div><\/div><\/div><\/div>\n<\/div>\n\n\n\n<div class=\"wp-block-column is-layout-flow wp-block-column-is-layout-flow\">\n<div class=\"wp-block-essential-blocks-infobox  root-eb-infobox-c5k6dzf\"><div class=\"eb-parent-wrapper eb-parent-eb-infobox-c5k6dzf\"><div class=\"eb-infobox-c5k6dzf eb-infobox-wrapper\"><div class=\"infobox-wrapper-inner\"><div class=\"icon-img-wrapper\"><div class=\"eb-icon number-or-icon\"><i icon=\"fab fa-square-instagram\" class=\"fab fa-square-instagram eb-infobox-icon-data-selector\"><\/i><\/div><\/div><div class=\"contents-wrapper\"><h2 class=\"title\">YouTube<\/h2><div class=\"eb-button-inner-wrapper eb-infobox-btn-wrapper\"><a class=\"eb-button-anchor hvr-float infobox-btn  hvr-float\" href=\"https:\/\/www.instagram.com\/wir_lernen_weiter\" rel=\"noopener\">Instagram<\/a><\/div><\/div><\/div><\/div><\/div><\/div>\n<\/div>\n\n\n\n<div class=\"wp-block-column is-layout-flow wp-block-column-is-layout-flow\">\n<div class=\"wp-block-essential-blocks-infobox  root-eb-infobox-33z42ml\"><div class=\"eb-parent-wrapper eb-parent-eb-infobox-33z42ml\"><div class=\"eb-infobox-33z42ml eb-infobox-wrapper\"><div class=\"infobox-wrapper-inner\"><div class=\"icon-img-wrapper\"><div class=\"eb-icon number-or-icon\"><i icon=\"fab fa-linkedin\" class=\"fab fa-linkedin eb-infobox-icon-data-selector\"><\/i><\/div><\/div><div class=\"contents-wrapper\"><h6 class=\"title\">YouTube<\/h6><div class=\"eb-button-inner-wrapper eb-infobox-btn-wrapper\"><a class=\"eb-button-anchor hvr-float infobox-btn  hvr-float\" href=\"https:\/\/www.linkedin.com\/company\/wir-lernen-weiter\" rel=\"noopener\">LinkedIn<\/a><\/div><\/div><\/div><\/div><\/div><\/div>\n<\/div>\n<\/div>","protected":false},"excerpt":{"rendered":"<p>Parce que le cycle est utile ! Nous vous informons ici en permanence<\/p>","protected":false},"author":6,"featured_media":4868,"parent":0,"menu_order":0,"comment_status":"closed","ping_status":"closed","template":"","meta":{"_eb_attr":"Open Sans,ABeeZee,Akronim,Alata,Akaya Kanadaka,Karma,Almendra Display,Aladin,Allerta Stencil,Helvetica,Open Sans,Roboto","footnotes":""},"class_list":["post-6","page","type-page","status-publish","has-post-thumbnail","hentry"],"_links":{"self":[{"href":"https:\/\/wir-lernen-weiter.ch\/fr\/wp-json\/wp\/v2\/pages\/6","targetHints":{"allow":["GET"]}}],"collection":[{"href":"https:\/\/wir-lernen-weiter.ch\/fr\/wp-json\/wp\/v2\/pages"}],"about":[{"href":"https:\/\/wir-lernen-weiter.ch\/fr\/wp-json\/wp\/v2\/types\/page"}],"author":[{"embeddable":true,"href":"https:\/\/wir-lernen-weiter.ch\/fr\/wp-json\/wp\/v2\/users\/6"}],"replies":[{"embeddable":true,"href":"https:\/\/wir-lernen-weiter.ch\/fr\/wp-json\/wp\/v2\/comments?post=6"}],"version-history":[{"count":287,"href":"https:\/\/wir-lernen-weiter.ch\/fr\/wp-json\/wp\/v2\/pages\/6\/revisions"}],"predecessor-version":[{"id":5534,"href":"https:\/\/wir-lernen-weiter.ch\/fr\/wp-json\/wp\/v2\/pages\/6\/revisions\/5534"}],"wp:featuredmedia":[{"embeddable":true,"href":"https:\/\/wir-lernen-weiter.ch\/fr\/wp-json\/wp\/v2\/media\/4868"}],"wp:attachment":[{"href":"https:\/\/wir-lernen-weiter.ch\/fr\/wp-json\/wp\/v2\/media?parent=6"}],"curies":[{"name":"wp","href":"https:\/\/api.w.org\/{rel}","templated":true}]}}