{"id":5154,"date":"2024-04-16T07:55:25","date_gmt":"2024-04-16T06:55:25","guid":{"rendered":"https:\/\/wir-lernen-weiter.ch\/?page_id=5154"},"modified":"2026-04-11T16:22:30","modified_gmt":"2026-04-11T15:22:30","slug":"unsere-arbeit","status":"publish","type":"page","link":"https:\/\/wir-lernen-weiter.ch\/fr\/unsere-arbeit\/","title":{"rendered":"Notre travail"},"content":{"rendered":"<div class=\"wp-block-media-text alignwide is-stacked-on-mobile is-style-tw-shadow\"><figure class=\"wp-block-media-text__media\"><img loading=\"lazy\" decoding=\"async\" width=\"1024\" height=\"683\" src=\"https:\/\/wir-lernen-weiter.ch\/wp-content\/uploads\/2024\/04\/DSC_9340-1024x683.jpg\" alt=\"\" class=\"wp-image-5155 size-full\" srcset=\"https:\/\/wir-lernen-weiter.ch\/wp-content\/uploads\/2024\/04\/DSC_9340-1024x683.jpg 1024w, https:\/\/wir-lernen-weiter.ch\/wp-content\/uploads\/2024\/04\/DSC_9340-300x200.jpg 300w, https:\/\/wir-lernen-weiter.ch\/wp-content\/uploads\/2024\/04\/DSC_9340-768x512.jpg 768w, https:\/\/wir-lernen-weiter.ch\/wp-content\/uploads\/2024\/04\/DSC_9340-50x33.jpg 50w, https:\/\/wir-lernen-weiter.ch\/wp-content\/uploads\/2024\/04\/DSC_9340-1536x1024.jpg 1536w, https:\/\/wir-lernen-weiter.ch\/wp-content\/uploads\/2024\/04\/DSC_9340-2048x1365.jpg 2048w, https:\/\/wir-lernen-weiter.ch\/wp-content\/uploads\/2024\/04\/DSC_9340-18x12.jpg 18w, https:\/\/wir-lernen-weiter.ch\/wp-content\/uploads\/2024\/04\/DSC_9340-1200x800.jpg 1200w, https:\/\/wir-lernen-weiter.ch\/wp-content\/uploads\/2024\/04\/DSC_9340-1980x1320.jpg 1980w\" sizes=\"auto, (max-width: 1024px) 100vw, 1024px\" \/><\/figure><div class=\"wp-block-media-text__content\">\n<p class=\"has-large-font-size\"><strong>Laptops f\u00fcr alle!<\/strong><\/p>\n\n\n\n<p>Unser Verein sammelt schweizweit Laptops, bereitet diese professionell auf und gibt sie danach gezielt an Armutsbetroffene in der Schweiz weiter. <\/p>\n\n\n\n<p>Was wir t\u00e4glich leisten und wie wir wirken, erf\u00e4hrst Du hier.<\/p>\n<\/div><\/div>\n\n\n\n<h2 class=\"wp-block-heading has-text-align-center\">Ganz kurz<\/h2>\n\n\n\n<p class=\"wp-block-ht-blocks-messages wp-block-hb-message wp-block-hb-message--withicon\"><strong>\ud83d\ude9b 1. Laptops sammeln<\/strong><br><br>Wir sammeln schweizweit ungebrauchte Laptops zusammen. Oftmals erhalten wir diese Ger\u00e4te von Unternehmen, die was Gutes in der Schweiz unterst\u00fctzen m\u00f6chten und gleichzeitig eine professionelle und kostenfreie Verarbeitung der Ger\u00e4te w\u00fcnschen. <br><br><a href=\"https:\/\/wir-lernen-weiter.ch\/fr\/knowledge-base\/laptops-sammeln\/\" data-type=\"ht_kb\" data-id=\"6256\"><strong>Plus d'infos<\/strong><\/a><\/p>\n\n\n\n<p class=\"wp-block-ht-blocks-messages wp-block-hb-message wp-block-hb-message--withicon\"><strong>\ud83e\uddf0 2. Laptops aufbereiten<\/strong><br><br>Sobald die Ger\u00e4te bei uns sind, werden sie von etwaigen Datenbest\u00e4nden bereinigt: Entweder per L\u00f6schung oder Vernichtung der Datentr\u00e4ger. Dies geschieht anhand zertifizierter Prozesse und Abl\u00e4ufe. Hier werden Laptops auch repariert.<br><br><strong><a href=\"https:\/\/wir-lernen-weiter.ch\/fr\/knowledge-base\/laptops-aufbereiten\/\" data-type=\"ht_kb\" data-id=\"6261\">Plus d'infos<\/a><\/strong><\/p>\n\n\n\n<p class=\"wp-block-ht-blocks-messages wp-block-hb-message wp-block-hb-message--withicon\"><strong>\ud83c\udf81 3. Laptops weitergeben<\/strong><br><br>Unsere Ger\u00e4te gehen ausschliesslich an Armutsbetroffene in unserem Land weiter. Da wir nicht wissen, wer arm ist und wer nicht, arbeiten wir hier mit vielen Partnern (bspw. Sozial\u00e4mtern zusammen). Diese bestellen uns Ger\u00e4te, die wir dann in die ganze Schweiz verschicken.<br><br><a href=\"https:\/\/wir-lernen-weiter.ch\/fr\/knowledge-base\/laptops-weitergeben\/\" data-type=\"ht_kb\" data-id=\"6263\"><strong>Plus d'infos<\/strong><\/a><\/p>\n\n\n\n<p class=\"wp-block-ht-blocks-messages wp-block-hb-message wp-block-hb-message--withicon is-style-info\"><strong>\ud83d\ude4b\ud83c\udffc 4. Support- und Begleitarbeiten<\/strong> (optional)<br><br>Nachdem ein Laptop ausgeliefert wurde, ist unsere Arbeit noch nicht ganz fertig. Falls Hilfe ben\u00f6tigt wird, helfen wir gerne weiter.<br><br><a href=\"https:\/\/wir-lernen-weiter.ch\/fr\/hilfe\/\" data-type=\"page\" data-id=\"1445\"><strong>Vers la page d'aide<\/strong><\/a><\/p>\n\n\n\n<h2 class=\"wp-block-heading has-text-align-center\">Wie wird die Arbeit finanziert?<\/h2>\n\n\n\n<p class=\"wp-block-ht-blocks-messages wp-block-hb-message wp-block-hb-message--withicon is-style-alert\"><strong>\ud83d\udcb8 Keine Rechnung wird mit Dank bezahlt<\/strong><br><br>Wir erhalten f\u00fcr jeden abgegebenen Laptop einen kleinen Unkostenbeitrag. Diese Unkostenbeitr\u00e4ge machen ca. 90% unserer Einnahmen aus. <br><br>Spannende Einblicke zu unseren Finanzen findest Du sonst auch auf der verlinkten Infoseite.<br><br><a href=\"https:\/\/wir-lernen-weiter.ch\/fr\/knowledge-base\/finanzierung\/\" data-type=\"ht_kb\" data-id=\"6301\"><strong>Plus d'infos<\/strong><\/a><br><\/p>\n\n\n\n<p class=\"wp-block-ht-blocks-messages wp-block-hb-message wp-block-hb-message--withicon is-style-info\"><strong>\ud83d\udcd6 Le saviez-vous ? <\/strong><br><br>Bereits mehr als jede 500. Person in der Schweiz hat einen Laptop von uns. Aber fertig sind wir noch lange nicht! Armutsbetroffen sind rund 10% unseres Landes.<\/p>\n\n\n\n<h4 class=\"wp-block-heading has-text-align-center\">Pourquoi faisons-nous cela ?<\/h4>\n\n\n\n<figure class=\"wp-block-embed is-type-video is-provider-youtube wp-block-embed-youtube wp-embed-aspect-16-9 wp-has-aspect-ratio\"><div class=\"wp-block-embed__wrapper\">\n<iframe loading=\"lazy\" title=\"C&#039;est &quot;Wir lernen weiter&quot; \u2764\" width=\"800\" height=\"450\" src=\"https:\/\/www.youtube.com\/embed\/kX-S5pFDEM0?feature=oembed\" frameborder=\"0\" allow=\"accelerometer; autoplay; clipboard-write; encrypted-media; gyroscope; picture-in-picture; web-share\" referrerpolicy=\"strict-origin-when-cross-origin\" allowfullscreen><\/iframe>\n<\/div><\/figure>\n\n\n\n<h2 class=\"wp-block-heading has-text-align-center\">Lust auf mehr? <\/h2>\n\n\n\n<p class=\"wp-block-ht-blocks-messages wp-block-hb-message wp-block-hb-message--withicon\"><strong>\ud83d\udd0e Transparent arbeiten<\/strong><br><br>Gerne leiten wir Dich auf folgende Unterbereiche unserer Webseite ein, auf welcher Du nach freier Lust weiter st\u00f6bern kannst: <br><br>-&gt; <a href=\"https:\/\/wir-lernen-weiter.ch\/fr\/wlw-wiki\/\" data-type=\"page\" data-id=\"2757\">wLw-Wiki<\/a> (wirklich alles)<br>-&gt; <a href=\"https:\/\/wir-lernen-weiter.ch\/fr\/article-categories\/vereinsjahre\/\" data-type=\"ht_kb_category\" data-id=\"49\">Les ann\u00e9es de l'association<\/a><br>-&gt; <a href=\"https:\/\/wir-lernen-weiter.ch\/fr\/unser-team\/\" data-type=\"page\" data-id=\"636\">Unser operatives Team<\/a><br><\/p>\n\n\n\n<p><\/p>","protected":false},"excerpt":{"rendered":"<p>Laptops f\u00fcr alle! Unser Verein sammelt schweizweit Laptops, bereitet diese professionell auf und gibt sie danach gezielt an Armutsbetroffene in der Schweiz weiter. Was wir t\u00e4glich leisten und wie wir wirken, erf\u00e4hrst Du hier. Ganz kurz Wie wird die Arbeit finanziert? Warum machen wir das \u00fcberhaupt? Lust auf mehr?<\/p>","protected":false},"author":6,"featured_media":0,"parent":0,"menu_order":0,"comment_status":"closed","ping_status":"closed","template":"","meta":{"_eb_attr":"","iawp_total_views":0,"footnotes":""},"class_list":["post-5154","page","type-page","status-publish","hentry"],"_links":{"self":[{"href":"https:\/\/wir-lernen-weiter.ch\/fr\/wp-json\/wp\/v2\/pages\/5154","targetHints":{"allow":["GET"]}}],"collection":[{"href":"https:\/\/wir-lernen-weiter.ch\/fr\/wp-json\/wp\/v2\/pages"}],"about":[{"href":"https:\/\/wir-lernen-weiter.ch\/fr\/wp-json\/wp\/v2\/types\/page"}],"author":[{"embeddable":true,"href":"https:\/\/wir-lernen-weiter.ch\/fr\/wp-json\/wp\/v2\/users\/6"}],"replies":[{"embeddable":true,"href":"https:\/\/wir-lernen-weiter.ch\/fr\/wp-json\/wp\/v2\/comments?post=5154"}],"version-history":[{"count":13,"href":"https:\/\/wir-lernen-weiter.ch\/fr\/wp-json\/wp\/v2\/pages\/5154\/revisions"}],"predecessor-version":[{"id":6304,"href":"https:\/\/wir-lernen-weiter.ch\/fr\/wp-json\/wp\/v2\/pages\/5154\/revisions\/6304"}],"wp:attachment":[{"href":"https:\/\/wir-lernen-weiter.ch\/fr\/wp-json\/wp\/v2\/media?parent=5154"}],"curies":[{"name":"wp","href":"https:\/\/api.w.org\/{rel}","templated":true}]}}