{"id":5048,"date":"2024-03-14T10:46:52","date_gmt":"2024-03-14T09:46:52","guid":{"rendered":"https:\/\/wir-lernen-weiter.ch\/?page_id=5048"},"modified":"2026-04-14T12:27:29","modified_gmt":"2026-04-14T11:27:29","slug":"danke-fuer-deine-hilfe","status":"publish","type":"page","link":"https:\/\/wir-lernen-weiter.ch\/fr\/danke-fuer-deine-hilfe\/","title":{"rendered":"Merci pour ton aide !"},"content":{"rendered":"<p><\/p>\n\n\n\n<p class=\"wp-block-ht-blocks-messages wp-block-hb-message wp-block-hb-message--withicon\">Tout a bien fonctionn\u00e9 jusqu'\u00e0 pr\u00e9sent. Tu recevras sous peu une confirmation par e-mail. D\u00e8s que tu auras cliqu\u00e9 sur le lien correspondant, nous t'enverrons la facture afin que tu puisses nous verser ton don.<\/p>\n\n\n\n<div class=\"wp-block-buttons is-content-justification-center is-layout-flex wp-container-core-buttons-is-layout-a89b3969 wp-block-buttons-is-layout-flex\">\n<div class=\"wp-block-button\"><a class=\"wp-block-button__link wp-element-button\" href=\"http:\/\/wlw.ag\">Zur\u00fcck zur Startseite<\/a><\/div>\n<\/div>","protected":false},"excerpt":{"rendered":"","protected":false},"author":6,"featured_media":0,"parent":0,"menu_order":0,"comment_status":"closed","ping_status":"closed","template":"","meta":{"iawp_total_views":0,"footnotes":""},"class_list":["post-5048","page","type-page","status-publish","hentry"],"_links":{"self":[{"href":"https:\/\/wir-lernen-weiter.ch\/fr\/wp-json\/wp\/v2\/pages\/5048","targetHints":{"allow":["GET"]}}],"collection":[{"href":"https:\/\/wir-lernen-weiter.ch\/fr\/wp-json\/wp\/v2\/pages"}],"about":[{"href":"https:\/\/wir-lernen-weiter.ch\/fr\/wp-json\/wp\/v2\/types\/page"}],"author":[{"embeddable":true,"href":"https:\/\/wir-lernen-weiter.ch\/fr\/wp-json\/wp\/v2\/users\/6"}],"replies":[{"embeddable":true,"href":"https:\/\/wir-lernen-weiter.ch\/fr\/wp-json\/wp\/v2\/comments?post=5048"}],"version-history":[{"count":0,"href":"https:\/\/wir-lernen-weiter.ch\/fr\/wp-json\/wp\/v2\/pages\/5048\/revisions"}],"wp:attachment":[{"href":"https:\/\/wir-lernen-weiter.ch\/fr\/wp-json\/wp\/v2\/media?parent=5048"}],"curies":[{"name":"wp","href":"https:\/\/api.w.org\/{rel}","templated":true}]}}