{"id":4313,"date":"2023-04-26T10:38:12","date_gmt":"2023-04-26T09:38:12","guid":{"rendered":"https:\/\/wir-lernen-weiter.ch\/?page_id=4313"},"modified":"2023-04-27T07:53:44","modified_gmt":"2023-04-27T06:53:44","slug":"weitere-arbeiten","status":"publish","type":"page","link":"https:\/\/wir-lernen-weiter.ch\/fr\/weitere-arbeiten\/","title":{"rendered":"Autres travaux"},"content":{"rendered":"<div class=\"wp-block-media-text alignwide is-stacked-on-mobile is-image-fill is-style-tw-shadow\"><figure class=\"wp-block-media-text__media\" style=\"background-image:url(https:\/\/wir-lernen-weiter.ch\/wp-content\/uploads\/2023\/04\/DSC_0285-1024x683.jpg);background-position:50% 50%\"><img loading=\"lazy\" decoding=\"async\" width=\"1024\" height=\"683\" src=\"https:\/\/wir-lernen-weiter.ch\/wp-content\/uploads\/2023\/04\/DSC_0285-1024x683.jpg\" alt=\"\" class=\"wp-image-4318 size-full\" srcset=\"https:\/\/wir-lernen-weiter.ch\/wp-content\/uploads\/2023\/04\/DSC_0285-1024x683.jpg 1024w, https:\/\/wir-lernen-weiter.ch\/wp-content\/uploads\/2023\/04\/DSC_0285-300x200.jpg 300w, https:\/\/wir-lernen-weiter.ch\/wp-content\/uploads\/2023\/04\/DSC_0285-768x512.jpg 768w, https:\/\/wir-lernen-weiter.ch\/wp-content\/uploads\/2023\/04\/DSC_0285-50x33.jpg 50w, https:\/\/wir-lernen-weiter.ch\/wp-content\/uploads\/2023\/04\/DSC_0285-1536x1024.jpg 1536w, https:\/\/wir-lernen-weiter.ch\/wp-content\/uploads\/2023\/04\/DSC_0285-2048x1365.jpg 2048w, https:\/\/wir-lernen-weiter.ch\/wp-content\/uploads\/2023\/04\/DSC_0285-18x12.jpg 18w, https:\/\/wir-lernen-weiter.ch\/wp-content\/uploads\/2023\/04\/DSC_0285-1200x800.jpg 1200w, https:\/\/wir-lernen-weiter.ch\/wp-content\/uploads\/2023\/04\/DSC_0285-1980x1320.jpg 1980w, https:\/\/wir-lernen-weiter.ch\/wp-content\/uploads\/2023\/04\/DSC_0285-1320x880.jpg 1320w\" sizes=\"auto, (max-width: 1024px) 100vw, 1024px\" \/><\/figure><div class=\"wp-block-media-text__content\">\n<h2 class=\"wp-block-heading\">En savoir plus<\/h2>\n\n\n\n<p>wLw ne se contente pas de pr\u00e9parer les ordinateurs portables, mais s'engage \u00e9galement \u00e0 ce que la num\u00e9risation r\u00e9ussisse pour les autres. <\/p>\n\n\n\n<p>Ceci par exemple avec des ateliers pour les \u00e9coles primaires et les universit\u00e9s, la destruction s\u00e9curis\u00e9e de donn\u00e9es et en g\u00e9n\u00e9ral beaucoup de c\u0153ur \u00e0 l'ouvrage \ud83d\ude42<\/p>\n<\/div><\/div>\n\n\n\n<div class=\"wp-block-essential-blocks-wrapper alignwide\"><div class=\"eb-parent-wrapper eb-parent-eb-wrapper-qmghsyt\"><div class=\"eb-wrapper-outer eb-wrapper-qmghsyt\"><div class=\"eb-wrapper-inner\"><div class=\"eb-wrapper-inner-blocks eb-wrapper-align-center\">\n<div class=\"wp-block-columns is-layout-flex wp-container-core-columns-is-layout-1 wp-block-columns-is-layout-flex\">\n<div class=\"wp-block-column is-layout-flow wp-block-column-is-layout-flow\">\n<div class=\"wp-block-essential-blocks-pricing-table\"><div class=\"eb-parent-wrapper eb-parent-eb-pricing-nhg2tt5 eb_animation eb___animated eb___bounceInUp\"><div class=\"eb-pricing-nhg2tt5 eb-pricing-wrapper eb-pricing-content-center\"><div class=\"eb-pricing style-4\"><div class=\"eb-pricing-item\"><div class=\"eb-pricing-item-overlay\"><\/div><div class=\"eb-pricing-top\"><div class=\"eb-pricing-icon\" data-icon=\"fas fa-cogs\"><span class=\"icon\"><i class=\"fas fa-cogs\"><\/i><\/span><\/div><div class=\"eb-pricing-tag\"><span class=\"price-tag\"><span class=\"original-price\" data-price=\"\"><span class=\"price-currency\"><\/span><\/span><\/span><span class=\"price-period\" data-period-separator=\"\" data-price-period=\"\"> <\/span><\/div><div class=\"eb-pricing-header\"><h2 class=\"eb-pricing-title\">Ateliers sur les ordinateurs portables<\/h2><\/div><\/div><div class=\"eb-pricing-bottom\"><div class=\"eb-pricing-body\"><ul class=\"eb-pricebox-features\"><li class=\"eb-pricebox-feature-item\" data-icon=\"fas fa-check\" data-color=\"#03bb89\" data-clickable=\"false\" data-link=\"\"><span class=\"eb-pricebox-icon fas fa-check\" style=\"color:#03bb89\"><\/span><span class=\"eb-pricebox-feature-text\">Pour les \u00e9coles primaires<\/span><\/li><li class=\"eb-pricebox-feature-item\" data-icon=\"fas fa-check\" data-color=\"#03bb89\" data-clickable=\"false\" data-link=\"\"><span class=\"eb-pricebox-icon fas fa-check\" style=\"color:#03bb89\"><\/span><span class=\"eb-pricebox-feature-text\">Explorer les appareils<\/span><\/li><li class=\"eb-pricebox-feature-item\" data-icon=\"fas fa-check\" data-color=\"#03bb89\" data-clickable=\"false\" data-link=\"\"><span class=\"eb-pricebox-icon fas fa-check\" style=\"color:#03bb89\"><\/span><span class=\"eb-pricebox-feature-text\">4h par atelier<\/span><\/li><\/ul><\/div><div class=\"eb-pricing-footer\" data-icon=\"\"><div class=\"eb-pricing-button-wrapper\"><a href=\"https:\/\/wir-lernen-weiter.ch\/fr\/laptop-spenden\/\" class=\"eb-pricing-button\"><i class=\"\"><\/i><span class=\"eb-button-text\">Plus d'infos<\/span><\/a><\/div><\/div><\/div><\/div><\/div><\/div><\/div><\/div>\n<\/div>\n\n\n\n<div class=\"wp-block-column is-layout-flow wp-block-column-is-layout-flow\">\n<div class=\"wp-block-essential-blocks-pricing-table\"><div class=\"eb-parent-wrapper eb-parent-eb-pricing-fxy3tzo eb_animation eb___animated eb___bounceInUp\"><div class=\"eb-pricing-fxy3tzo eb-pricing-wrapper eb-pricing-content-center\"><div class=\"eb-pricing style-4\"><div class=\"eb-pricing-item\"><div class=\"eb-pricing-item-overlay\"><\/div><div class=\"eb-pricing-top\"><div class=\"eb-pricing-icon\" data-icon=\"fas fa-book\"><span class=\"icon\"><i class=\"fas fa-book\"><\/i><\/span><\/div><div class=\"eb-pricing-tag\"><span class=\"price-tag\"><span class=\"original-price\" data-price=\"\"><span class=\"price-currency\"><\/span><\/span><\/span><span class=\"price-period\" data-period-separator=\"\" data-price-period=\"\"> <\/span><\/div><div class=\"eb-pricing-header\"><h2 class=\"eb-pricing-title\">WS : Entreprise sociale<\/h2><\/div><\/div><div class=\"eb-pricing-bottom\"><div class=\"eb-pricing-body\"><ul class=\"eb-pricebox-features\"><li class=\"eb-pricebox-feature-item\" data-icon=\"fas fa-check\" data-color=\"#03bb89\" data-clickable=\"false\" data-link=\"\"><span class=\"eb-pricebox-icon fas fa-check\" style=\"color:#03bb89\"><\/span><span class=\"eb-pricebox-feature-text\">Pour les universit\u00e9s<\/span><\/li><li class=\"eb-pricebox-feature-item\" data-icon=\"fas fa-check\" data-color=\"#03bb89\" data-clickable=\"false\" data-link=\"\"><span class=\"eb-pricebox-icon fas fa-check\" style=\"color:#03bb89\"><\/span><span class=\"eb-pricebox-feature-text\">Apprendre de professionnels<\/span><\/li><li class=\"eb-pricebox-feature-item\" data-icon=\"fas fa-check\" data-color=\"#03bb89\" data-clickable=\"false\" data-link=\"\"><span class=\"eb-pricebox-icon fas fa-check\" style=\"color:#03bb89\"><\/span><span class=\"eb-pricebox-feature-text\">Journ\u00e9e \/ demi-journ\u00e9e<\/span><\/li><\/ul><\/div><div class=\"eb-pricing-footer\" data-icon=\"\"><div class=\"eb-pricing-button-wrapper\"><a href=\"https:\/\/wir-lernen-weiter.ch\/fr\/spenden\/\" class=\"eb-pricing-button\"><i class=\"\"><\/i><span class=\"eb-button-text\">Plus d'infos<\/span><\/a><\/div><\/div><\/div><\/div><\/div><\/div><\/div><\/div>\n<\/div>\n\n\n\n<div class=\"wp-block-column is-layout-flow wp-block-column-is-layout-flow\">\n<div class=\"wp-block-essential-blocks-pricing-table\"><div class=\"eb-parent-wrapper eb-parent-eb-pricing-lqgjfnc eb_animation eb___animated eb___bounceInUp\"><div class=\"eb-pricing-lqgjfnc eb-pricing-wrapper eb-pricing-content-center\"><div class=\"eb-pricing style-4\"><div class=\"eb-pricing-item\"><div class=\"eb-pricing-item-overlay\"><\/div><div class=\"eb-pricing-top\"><div class=\"eb-pricing-icon\" data-icon=\"fas fa-bomb\"><span class=\"icon\"><i class=\"fas fa-bomb\"><\/i><\/span><\/div><div class=\"eb-pricing-tag\"><span class=\"price-tag\"><span class=\"original-price\" data-price=\"\"><span class=\"price-currency\"><\/span><\/span><\/span><span class=\"price-period\" data-period-separator=\"\" data-price-period=\"\"> <\/span><\/div><div class=\"eb-pricing-header\"><h2 class=\"eb-pricing-title\">Destruction de donn\u00e9es<\/h2><\/div><\/div><div class=\"eb-pricing-bottom\"><div class=\"eb-pricing-body\"><ul class=\"eb-pricebox-features\"><li class=\"eb-pricebox-feature-item\" data-icon=\"fas fa-check\" data-color=\"#03bb89\" data-clickable=\"false\" data-link=\"\"><span class=\"eb-pricebox-icon fas fa-check\" style=\"color:#03bb89\"><\/span><span class=\"eb-pricebox-feature-text\">Gratuit en cas de don<\/span><\/li><li class=\"eb-pricebox-feature-item\" data-icon=\"fas fa-check\" data-color=\"#03bb89\" data-clickable=\"false\" data-link=\"\"><span class=\"eb-pricebox-icon fas fa-check\" style=\"color:#03bb89\"><\/span><span class=\"eb-pricebox-feature-text\">Avec certificat \/ vid\u00e9o<\/span><\/li><li class=\"eb-pricebox-feature-item\" data-icon=\"fas fa-check\" data-color=\"#03bb89\" data-clickable=\"false\" data-link=\"\"><span class=\"eb-pricebox-icon fas fa-check\" style=\"color:#03bb89\"><\/span><span class=\"eb-pricebox-feature-text\">Personnalis\u00e9<\/span><\/li><\/ul><\/div><div class=\"eb-pricing-footer\" data-icon=\"\"><div class=\"eb-pricing-button-wrapper\"><a href=\"https:\/\/wir-lernen-weiter.ch\/fr\/freiwillig-mitwirken\/\" class=\"eb-pricing-button\"><i class=\"\"><\/i><span class=\"eb-button-text\">Plus d'infos<\/span><\/a><\/div><\/div><\/div><\/div><\/div><\/div><\/div><\/div>\n<\/div>\n<\/div>\n<\/div><\/div><\/div><\/div><\/div>","protected":false},"excerpt":{"rendered":"<p>En savoir plus wLw ne se contente pas de pr\u00e9parer les ordinateurs portables, mais s'engage \u00e9galement pour que la num\u00e9risation r\u00e9ussisse pour les autres. Par exemple en organisant des ateliers pour les \u00e9coles primaires et les universit\u00e9s, en d\u00e9truisant des donn\u00e9es en toute s\u00e9curit\u00e9 et, de mani\u00e8re g\u00e9n\u00e9rale, en mettant tout son c\u0153ur \u00e0 l'ouvrage \ud83d\ude42<\/p>","protected":false},"author":6,"featured_media":0,"parent":0,"menu_order":0,"comment_status":"closed","ping_status":"closed","template":"","meta":{"_eb_attr":"","footnotes":""},"class_list":["post-4313","page","type-page","status-publish","hentry"],"_links":{"self":[{"href":"https:\/\/wir-lernen-weiter.ch\/fr\/wp-json\/wp\/v2\/pages\/4313","targetHints":{"allow":["GET"]}}],"collection":[{"href":"https:\/\/wir-lernen-weiter.ch\/fr\/wp-json\/wp\/v2\/pages"}],"about":[{"href":"https:\/\/wir-lernen-weiter.ch\/fr\/wp-json\/wp\/v2\/types\/page"}],"author":[{"embeddable":true,"href":"https:\/\/wir-lernen-weiter.ch\/fr\/wp-json\/wp\/v2\/users\/6"}],"replies":[{"embeddable":true,"href":"https:\/\/wir-lernen-weiter.ch\/fr\/wp-json\/wp\/v2\/comments?post=4313"}],"version-history":[{"count":4,"href":"https:\/\/wir-lernen-weiter.ch\/fr\/wp-json\/wp\/v2\/pages\/4313\/revisions"}],"predecessor-version":[{"id":4402,"href":"https:\/\/wir-lernen-weiter.ch\/fr\/wp-json\/wp\/v2\/pages\/4313\/revisions\/4402"}],"wp:attachment":[{"href":"https:\/\/wir-lernen-weiter.ch\/fr\/wp-json\/wp\/v2\/media?parent=4313"}],"curies":[{"name":"wp","href":"https:\/\/api.w.org\/{rel}","templated":true}]}}