{"id":4251,"date":"2023-04-24T07:45:58","date_gmt":"2023-04-24T06:45:58","guid":{"rendered":"https:\/\/wir-lernen-weiter.ch\/?page_id=4251"},"modified":"2025-09-15T08:14:08","modified_gmt":"2025-09-15T07:14:08","slug":"laptops-spenden","status":"publish","type":"page","link":"https:\/\/wir-lernen-weiter.ch\/fr\/laptops-spenden\/","title":{"rendered":"Donner des ordinateurs"},"content":{"rendered":"<div class=\"wp-block-media-text alignwide is-stacked-on-mobile is-image-fill-element is-style-tw-shadow has-white-background-color has-background\"><figure class=\"wp-block-media-text__media\"><img loading=\"lazy\" decoding=\"async\" width=\"1024\" height=\"683\" src=\"https:\/\/wir-lernen-weiter.ch\/wp-content\/uploads\/2023\/04\/DSC_6468-1024x683.jpg\" alt=\"\" class=\"wp-image-4252 size-full\" style=\"object-position:50% 50%\" srcset=\"https:\/\/wir-lernen-weiter.ch\/wp-content\/uploads\/2023\/04\/DSC_6468-1024x683.jpg 1024w, https:\/\/wir-lernen-weiter.ch\/wp-content\/uploads\/2023\/04\/DSC_6468-300x200.jpg 300w, https:\/\/wir-lernen-weiter.ch\/wp-content\/uploads\/2023\/04\/DSC_6468-768x512.jpg 768w, https:\/\/wir-lernen-weiter.ch\/wp-content\/uploads\/2023\/04\/DSC_6468-50x33.jpg 50w, https:\/\/wir-lernen-weiter.ch\/wp-content\/uploads\/2023\/04\/DSC_6468-1536x1024.jpg 1536w, https:\/\/wir-lernen-weiter.ch\/wp-content\/uploads\/2023\/04\/DSC_6468-2048x1365.jpg 2048w, https:\/\/wir-lernen-weiter.ch\/wp-content\/uploads\/2023\/04\/DSC_6468-18x12.jpg 18w, https:\/\/wir-lernen-weiter.ch\/wp-content\/uploads\/2023\/04\/DSC_6468-1200x800.jpg 1200w, https:\/\/wir-lernen-weiter.ch\/wp-content\/uploads\/2023\/04\/DSC_6468-1980x1320.jpg 1980w, https:\/\/wir-lernen-weiter.ch\/wp-content\/uploads\/2023\/04\/DSC_6468-1320x880.jpg 1320w\" sizes=\"auto, (max-width: 1024px) 100vw, 1024px\" \/><\/figure><div class=\"wp-block-media-text__content\">\n<h2 class=\"wp-block-heading\">Cr\u00e9er des perspectives avec du vieux mat\u00e9riel informatique !<\/h2>\n\n\n\n<p>Vos vieux ordinateurs portables peuvent faire plus que prendre la poussi\u00e8re. En nous faisant un don, vous faites non seulement une bonne action, mais vous \u00e9conomisez aussi des d\u00e9penses.<\/p>\n<\/div><\/div>\n\n\n\n<figure class=\"wp-block-embed is-type-video is-provider-youtube wp-block-embed-youtube wp-embed-aspect-16-9 wp-has-aspect-ratio\"><div class=\"wp-block-embed__wrapper\">\n<iframe loading=\"lazy\" title=\"Tes avantages en tant que distributeur d&#039;ordinateurs portables \ud83d\udcaa\" width=\"800\" height=\"450\" src=\"https:\/\/www.youtube.com\/embed\/6__N4kf915c?feature=oembed\" frameborder=\"0\" allow=\"accelerometer; autoplay; clipboard-write; encrypted-media; gyroscope; picture-in-picture; web-share\" referrerpolicy=\"strict-origin-when-cross-origin\" allowfullscreen><\/iframe>\n<\/div><\/figure>\n\n\n\n<div class=\"wp-block-essential-blocks-feature-list  root-eb-feature-list-2v4szwj\"><div class=\"eb-parent-wrapper eb-parent-eb-feature-list-2v4szwj\"><div class=\"eb-feature-list-2v4szwj eb-feature-list-wrapper eb-icon-position-left eb-tablet-icon-position-left eb-mobile-icon-position-left eb-feature-list-left\"><ul class=\"eb-feature-list-items circle stacked\"><li class=\"eb-feature-list-item\" data-new-tab=\"false\" data-icon-type=\"icon\" data-icon=\"fas fa-check-circle\" data-link=\"\" data-show-badge=\"false\"><div class=\"eb-feature-list-icon-box\"><div class=\"eb-feature-list-icon-inner\"><span class=\"eb-feature-list-icon\"><i icon=\"fas fa-check-circle\" class=\"fas fa-check-circle\"><\/i><\/span><\/div><\/div><div class=\"eb-feature-list-content-box\"><div class=\"eb-feature-list-title-wrapper\"><h3 class=\"eb-feature-list-title\">Effacement s\u00e9curis\u00e9 et tra\u00e7able des donn\u00e9es<\/h3><\/div><p class=\"eb-feature-list-content\">Nous attachons une grande importance \u00e0 la protection des donn\u00e9es. C'est pourquoi nous \u00e9tablissons un certificat de nettoyage\/effacement pour chaque appareil et chaque disque dur. Afin d'\u00e9tablir une piste d'audit finale, nous pouvons \u00e9galement r\u00e9aliser des enregistrements vid\u00e9o des destructions de supports de donn\u00e9es. Plus d'informations ci-dessous.<\/p><\/div><\/li><li class=\"eb-feature-list-item\" data-new-tab=\"false\" data-icon-type=\"icon\" data-icon=\"fas fa-truck\" data-link=\"\" data-show-badge=\"false\"><div class=\"eb-feature-list-icon-box\"><div class=\"eb-feature-list-icon-inner\"><span class=\"eb-feature-list-icon\"><i icon=\"fas fa-truck\" class=\"fas fa-truck\"><\/i><\/span><\/div><\/div><div class=\"eb-feature-list-content-box\"><div class=\"eb-feature-list-title-wrapper\"><h3 class=\"eb-feature-list-title\">Processus de retour et de collecte simples<\/h3><\/div><p class=\"eb-feature-list-content\">Pour les dons plus importants (&gt;50 appareils), nous venons volontiers chercher quelque chose chez vous. Il nous suffit de savoir comment la marchandise peut \u00eatre collect\u00e9e. Dans tous les cas, nous effectuons une saisie avec diff\u00e9rentes informations sur les appareils, qui peut \u00eatre utilis\u00e9e de votre part pour comparer le don avec vos appareils restants. Pour les petites quantit\u00e9s, nous travaillons avec des bo\u00eetes d'exp\u00e9dition sp\u00e9cialement s\u00e9curis\u00e9es.<\/p><\/div><\/li><li class=\"eb-feature-list-item\" data-new-tab=\"false\" data-icon-type=\"icon\" data-icon=\"fas fa-money-bill-alt\" data-link=\"\" data-show-badge=\"false\"><div class=\"eb-feature-list-icon-box\"><div class=\"eb-feature-list-icon-inner\"><span class=\"eb-feature-list-icon\"><i icon=\"fas fa-money-bill-alt\" class=\"fas fa-money-bill-alt\"><\/i><\/span><\/div><\/div><div class=\"eb-feature-list-content-box\"><div class=\"eb-feature-list-title-wrapper\"><h3 class=\"eb-feature-list-title\">Gratuit en tant que don en nature d\u00e9ductible des imp\u00f4ts<\/h3><\/div><p class=\"eb-feature-list-content\">Nous sommes exon\u00e9r\u00e9s d'imp\u00f4ts et avons d\u00e9velopp\u00e9 un concept qui permet d'\u00e9valuer les appareils en tant que dons en nature. Pour chaque ordinateur portable en parfait \u00e9tat de marche, 120 CHF sont cr\u00e9dit\u00e9s sur votre compte. Pour chaque appareil partiellement d\u00e9fectueux (p. ex. batteries cass\u00e9es ou disques durs manquants), 60 CHF sont cr\u00e9dit\u00e9s sur votre compte.<\/p><\/div><\/li><\/ul><\/div><\/div><\/div>\n\n\n\n<p><strong><div class=\"collapseomatic\" id=\"id69d7a3c063bcc\"  tabindex=\"0\" title=\"Le d\u00e9roulement global en bref\"    >Le d\u00e9roulement global en bref<\/div><div id=\"target-id69d7a3c063bcc\" class=\"collapseomatic_content\"><\/strong><\/p>\n\n\n\n<ol class=\"wp-block-list\">\n<li><strong>Donneur<\/strong>: T\u00e9moignage de don <\/li>\n\n\n\n<li><strong>wLw<\/strong>Contr\u00f4le de la recyclabilit\u00e9 \/ logistique<\/li>\n\n\n\n<li><strong>Donneur<\/strong>Pr\u00e9paration de l'enl\u00e8vement \/ de l'exp\u00e9dition des appareils<\/li>\n\n\n\n<li><strong>wLw\/donneur<\/strong>: Enl\u00e8vement\/exp\u00e9dition des appareils<\/li>\n\n\n\n<li><strong>wLw<\/strong>Traitement des appareils et des supports de donn\u00e9es<\/li>\n\n\n\n<li><strong>wLw<\/strong>Cr\u00e9ation d'une piste d'audit et information au donateur <\/li>\n<\/ol>\n\n\n\n<\/div>\n\n\n\n<hr class=\"wp-block-separator has-alpha-channel-opacity\"\/>\n\n\n\n<div class=\"wp-block-file\"><a id=\"wp-block-file--media-70a849bc-cd03-4960-ad92-8777c6b39e76\" href=\"https:\/\/wir-lernen-weiter.ch\/wp-content\/uploads\/2023\/07\/230714_Professionelle-Datenzerstoerung-mit-wLw_v1.pdf\">Destruction professionnelle de donn\u00e9es<\/a><a href=\"https:\/\/wir-lernen-weiter.ch\/wp-content\/uploads\/2023\/07\/230714_Professionelle-Datenzerstoerung-mit-wLw_v1.pdf\" class=\"wp-block-file__button wp-element-button\" download aria-describedby=\"wp-block-file--media-70a849bc-cd03-4960-ad92-8777c6b39e76\">T\u00e9l\u00e9charger<\/a><\/div>\n\n\n\n<p class=\"wp-block-ht-blocks-messages wp-block-hb-message wp-block-hb-message--withicon is-style-success\">Wir lernen weiter est <a href=\"https:\/\/wir-lernen-weiter.ch\/wp-content\/uploads\/2025\/09\/2025-21964-V3-Zertifikat-Wir-lernen-weiter.pdf\" data-type=\"link\" data-id=\"https:\/\/wir-lernen-weiter.ch\/wp-content\/uploads\/2025\/09\/2025-21964-V3-Zertifikat-Wir-lernen-weiter.pdf\">depuis ao\u00fbt 2023 selon la norme DIN-66399 <\/a>certifi\u00e9s. <br><br>Chez nous, les supports de donn\u00e9es sont d\u00e9truits selon la norme DIN-66399 (H-4, E-3) et effac\u00e9s selon la norme NIST 800-88 (Clear\/Purge). <br><br>Chaque effacement ou destruction de support est document\u00e9 dans le cadre de notre piste d'audit et mis \u00e0 disposition \u00e0 la fin du traitement. <br><br><strong>Plus d'informations :<\/strong><br>- <a href=\"https:\/\/wir-lernen-weiter.ch\/fr\/knowledge-base\/datenloeschung\/\" data-type=\"ht_kb\" data-id=\"2877\">Suppression des donn\u00e9es<\/a><br>- <a href=\"https:\/\/wir-lernen-weiter.ch\/fr\/knowledge-base\/audit-trail\/\" data-type=\"ht_kb\" data-id=\"5321\">Mise en place de la piste d'audit<\/a><br><\/p>\n\n\n\n<figure class=\"wp-block-embed is-type-video is-provider-youtube wp-block-embed-youtube wp-embed-aspect-16-9 wp-has-aspect-ratio\"><div class=\"wp-block-embed__wrapper\">\n<iframe loading=\"lazy\" title=\"Enl\u00e8vement d&#039;un ordinateur portable : de nouvelles perspectives gr\u00e2ce aux appareils d&#039;Uster \ud83e\udd1d\" width=\"800\" height=\"450\" src=\"https:\/\/www.youtube.com\/embed\/Cpc9jORvq00?start=1&#038;feature=oembed\" frameborder=\"0\" allow=\"accelerometer; autoplay; clipboard-write; encrypted-media; gyroscope; picture-in-picture; web-share\" referrerpolicy=\"strict-origin-when-cross-origin\" allowfullscreen><\/iframe>\n<\/div><\/figure>\n\n\n\n<figure class=\"wp-block-embed is-type-video is-provider-youtube wp-block-embed-youtube wp-embed-aspect-16-9 wp-has-aspect-ratio\"><div class=\"wp-block-embed__wrapper\">\n<iframe loading=\"lazy\" title=\"Nos bo\u00eetes d&#039;exp\u00e9dition \ud83d\ude01\ud83d\udce6\" width=\"800\" height=\"450\" src=\"https:\/\/www.youtube.com\/embed\/wd2HSpwj2pM?feature=oembed\" frameborder=\"0\" allow=\"accelerometer; autoplay; clipboard-write; encrypted-media; gyroscope; picture-in-picture; web-share\" referrerpolicy=\"strict-origin-when-cross-origin\" allowfullscreen><\/iframe>\n<\/div><\/figure>\n\n\n\n<h2 class=\"wp-block-heading\">Vous avez des questions ? Annoncer un don ?<\/h2>\n\n\n\n<p>Nous serions heureux de cr\u00e9er avec vous un impact important pour les autres. Envoyez-nous simplement un e-mail et nous prendrons contact avec vous.<\/p>\n\n\n\n<div class=\"wp-block-buttons is-layout-flex wp-block-buttons-is-layout-flex\">\n<div class=\"wp-block-button\"><a class=\"wp-block-button__link has-secondary-background-color has-background wp-element-button\" href=\"mailto:kontakt@wir-lernen-weiter.ch?subject=Laptopspende\" style=\"border-radius:6px\">Signaler maintenant<\/a><\/div>\n<\/div>","protected":false},"excerpt":{"rendered":"<p>Cr\u00e9er des perspectives avec du vieux mat\u00e9riel informatique ! Vos vieux ordinateurs portables peuvent faire plus que prendre la poussi\u00e8re. En nous faisant un don, vous faites non seulement une bonne action, mais vous \u00e9conomisez aussi des frais. Des questions ? Annoncer un don ? Nous serions heureux de cr\u00e9er avec vous un impact important pour les autres. Envoyez-nous simplement un e-mail et nous...<\/p>","protected":false},"author":6,"featured_media":0,"parent":0,"menu_order":0,"comment_status":"closed","ping_status":"closed","template":"","meta":{"_eb_attr":"Roboto,Roboto","footnotes":""},"class_list":["post-4251","page","type-page","status-publish","hentry"],"_links":{"self":[{"href":"https:\/\/wir-lernen-weiter.ch\/fr\/wp-json\/wp\/v2\/pages\/4251","targetHints":{"allow":["GET"]}}],"collection":[{"href":"https:\/\/wir-lernen-weiter.ch\/fr\/wp-json\/wp\/v2\/pages"}],"about":[{"href":"https:\/\/wir-lernen-weiter.ch\/fr\/wp-json\/wp\/v2\/types\/page"}],"author":[{"embeddable":true,"href":"https:\/\/wir-lernen-weiter.ch\/fr\/wp-json\/wp\/v2\/users\/6"}],"replies":[{"embeddable":true,"href":"https:\/\/wir-lernen-weiter.ch\/fr\/wp-json\/wp\/v2\/comments?post=4251"}],"version-history":[{"count":20,"href":"https:\/\/wir-lernen-weiter.ch\/fr\/wp-json\/wp\/v2\/pages\/4251\/revisions"}],"predecessor-version":[{"id":5731,"href":"https:\/\/wir-lernen-weiter.ch\/fr\/wp-json\/wp\/v2\/pages\/4251\/revisions\/5731"}],"wp:attachment":[{"href":"https:\/\/wir-lernen-weiter.ch\/fr\/wp-json\/wp\/v2\/media?parent=4251"}],"curies":[{"name":"wp","href":"https:\/\/api.w.org\/{rel}","templated":true}]}}