{"id":4226,"date":"2023-04-24T06:45:14","date_gmt":"2023-04-24T05:45:14","guid":{"rendered":"https:\/\/wir-lernen-weiter.ch\/?page_id=4226"},"modified":"2026-04-16T15:29:34","modified_gmt":"2026-04-16T14:29:34","slug":"jetzt-helfen","status":"publish","type":"page","link":"https:\/\/wir-lernen-weiter.ch\/fr\/jetzt-helfen\/","title":{"rendered":"Aider maintenant"},"content":{"rendered":"<div class=\"wp-block-media-text alignwide is-stacked-on-mobile is-style-tw-shadow has-white-background-color has-background\"><figure class=\"wp-block-media-text__media\"><img decoding=\"async\" width=\"1024\" height=\"681\" src=\"https:\/\/wir-lernen-weiter.ch\/wp-content\/uploads\/2023\/04\/DSC_2278-1024x681.jpg\" alt=\"\" class=\"wp-image-4227 size-full\" srcset=\"https:\/\/wir-lernen-weiter.ch\/wp-content\/uploads\/2023\/04\/DSC_2278-1024x681.jpg 1024w, https:\/\/wir-lernen-weiter.ch\/wp-content\/uploads\/2023\/04\/DSC_2278-300x200.jpg 300w, https:\/\/wir-lernen-weiter.ch\/wp-content\/uploads\/2023\/04\/DSC_2278-768x511.jpg 768w, https:\/\/wir-lernen-weiter.ch\/wp-content\/uploads\/2023\/04\/DSC_2278-50x33.jpg 50w, https:\/\/wir-lernen-weiter.ch\/wp-content\/uploads\/2023\/04\/DSC_2278-1536x1022.jpg 1536w, https:\/\/wir-lernen-weiter.ch\/wp-content\/uploads\/2023\/04\/DSC_2278-2048x1363.jpg 2048w, https:\/\/wir-lernen-weiter.ch\/wp-content\/uploads\/2023\/04\/DSC_2278-18x12.jpg 18w, https:\/\/wir-lernen-weiter.ch\/wp-content\/uploads\/2023\/04\/DSC_2278-1200x798.jpg 1200w, https:\/\/wir-lernen-weiter.ch\/wp-content\/uploads\/2023\/04\/DSC_2278-1980x1317.jpg 1980w, https:\/\/wir-lernen-weiter.ch\/wp-content\/uploads\/2023\/04\/DSC_2278-1320x878.jpg 1320w\" sizes=\"(max-width: 1024px) 100vw, 1024px\" \/><\/figure><div class=\"wp-block-media-text__content\">\n<p class=\"has-large-font-size\"><strong>Cr\u00e9er un impact !<\/strong><\/p>\n\n\n\n<p>Sans ordinateurs portables, nous ne pouvons pas agir, mais on peut nous aider de diff\u00e9rentes mani\u00e8res.<\/p>\n\n\n\n<p>Merci pour ta contribution \u00e0 ce que la Suisse puisse devenir num\u00e9rique pour tous !<\/p>\n<\/div><\/div>\n\n\n\n<h2 class=\"wp-block-heading has-text-align-center\">Pour les entreprises<\/h2>\n\n\n\n<p class=\"wp-block-ht-blocks-messages wp-block-hb-message wp-block-hb-message--withicon\"><strong>\ud83d\udcbb Faire don d'ordinateurs portables<\/strong><br><br>Faites quelque chose en Suisse avec du mat\u00e9riel qui tra\u00eene de toute fa\u00e7on chez vous, mais qui doit quand m\u00eame \u00eatre trait\u00e9 de mani\u00e8re professionnelle : gratuit, certifi\u00e9 et \u00e9prouv\u00e9. <br><br>-&gt; <a href=\"https:\/\/wir-lernen-weiter.ch\/fr\/laptops-spenden\/\" data-type=\"page\" data-id=\"4251\"><strong>Donner des ordinateurs<\/strong><\/a><br><\/p>\n\n\n\n<p class=\"wp-block-ht-blocks-messages wp-block-hb-message wp-block-hb-message--withicon is-style-info\"><strong>\ud83d\udcb0 Soutenir financi\u00e8rement<\/strong><br><br>Si vous ne pouvez pas nous fournir d'ordinateurs portables, vous pouvez bien s\u00fbr nous donner de l'argent. Cependant, nous pouvons aider de mani\u00e8re plus directe si nous recevons des appareils. Chaque don est accompagn\u00e9 d'un re\u00e7u.<br><br>-&gt; <a href=\"mailto:kontakt@wir-lernen-weiter.ch?subject=Geldspende\" data-type=\"mailto\" data-id=\"mailto:kontakt@wir-lernen-weiter.ch?subject=Geldespende\"><strong>\u00c9crire un message<\/strong><\/a><\/p>\n\n\n\n<p class=\"wp-block-ht-blocks-messages wp-block-hb-message wp-block-hb-message--withicon is-style-info\"><strong>\ud83d\udde3\ufe0f Cr\u00e9er une visibilit\u00e9<\/strong><br><br>L'histoire de notre petite association vaut la peine d'\u00eatre racont\u00e9e. C'est pourquoi nous pouvons de plus en plus appara\u00eetre lors d'\u00e9v\u00e9nements clients et en tant que partenaire social. Cela contribue grandement \u00e0 notre visibilit\u00e9.<br><br>-&gt; <a href=\"mailto:kontakt@wir-lernen-weiter.ch?subject=Event-Anfrage\" data-type=\"mailto\" data-id=\"mailto:kontakt@wir-lernen-weiter.ch?subject=Geldespende\"><strong>\u00c9crire un message<\/strong><\/a><\/p>\n\n\n\n<div style=\"height:35px\" aria-hidden=\"true\" class=\"wp-block-spacer\"><\/div>\n\n\n\n<h2 class=\"wp-block-heading has-text-align-center\">Pour les particuliers<\/h2>\n\n\n\n<p class=\"wp-block-ht-blocks-messages wp-block-hb-message wp-block-hb-message--withicon is-style-success\"><strong>\ud83d\udd0a Parle de nous <\/strong><br><br>Beaucoup ne connaissent pas encore notre association. Parfois, ta seule parole peut rappeler notre existence \u00e0 quelqu'un ou donner l'impulsion finale pour qu'il nous contacte. <\/p>\n\n\n\n<p class=\"wp-block-ht-blocks-messages wp-block-hb-message wp-block-hb-message--withicon is-style-info\"><strong>\ud83d\udcb0 Soutenir financi\u00e8rement<\/strong><br><br>Si tu souhaites nous envoyer une petite contribution, tu peux utiliser le formulaire ci-dessous. Pour chaque don, tu recevras un re\u00e7u.<\/p>\n\n\n\n<p class=\"wp-block-ht-blocks-messages wp-block-hb-message wp-block-hb-message--withicon is-style-alert\"><strong>\ud83e\udd37\ud83c\udffc Pas d'ordinateurs portables ? <\/strong><br><br>Malheureusement, nous n'acceptons actuellement aucun ordinateur portable individuel ou priv\u00e9. La charge de travail est beaucoup trop importante et le mat\u00e9riel de remplacement des appareils individuels est tout simplement trop cher. <br><br>Si tu as une vieille machine, demande \u00e0 ton entourage ? La plupart du temps, il n'est m\u00eame pas n\u00e9cessaire de chercher longtemps pour trouver un repreneur reconnaissant.<br><\/p>\n\n\n\n<div style=\"height:35px\" aria-hidden=\"true\" class=\"wp-block-spacer\"><\/div>\n\n\n\n<h2 class=\"wp-block-heading has-text-align-center\">Faire un don maintenant<\/h2>\n\n\n\n<iframe id=\"tamaro-iframe\" allow=\"payment\" src=\"https:\/\/donate.raisenow.io\/ywkqv?analytics.channel=embed\" style=\"width: 100%; border:0\"><\/iframe>\n<script>\n  window.addEventListener(\n    'message',\n    e => {\n      const iframe = document.getElementById('tamaro-iframe')\n      if (iframe && e.origin === 'https:\/\/donate.raisenow.io') {\n        iframe.style.height = e.data.height + 'px'\n      }\n    }\n  )\n<\/script>","protected":false},"excerpt":{"rendered":"<p>Impact schaffen! Ohne Laptops k\u00f6nnen wir nicht wirken, doch man kann uns auf verschiedene Arten helfen. Danke f\u00fcr Deinen Beitrag dazu, dass die Schweiz f\u00fcr alle digitaler werden darf! F\u00fcr Unternehmen F\u00fcr Private Jetzt spenden<\/p>","protected":false},"author":6,"featured_media":0,"parent":0,"menu_order":0,"comment_status":"closed","ping_status":"closed","template":"","meta":{"iawp_total_views":96,"footnotes":""},"class_list":["post-4226","page","type-page","status-publish","hentry"],"_links":{"self":[{"href":"https:\/\/wir-lernen-weiter.ch\/fr\/wp-json\/wp\/v2\/pages\/4226","targetHints":{"allow":["GET"]}}],"collection":[{"href":"https:\/\/wir-lernen-weiter.ch\/fr\/wp-json\/wp\/v2\/pages"}],"about":[{"href":"https:\/\/wir-lernen-weiter.ch\/fr\/wp-json\/wp\/v2\/types\/page"}],"author":[{"embeddable":true,"href":"https:\/\/wir-lernen-weiter.ch\/fr\/wp-json\/wp\/v2\/users\/6"}],"replies":[{"embeddable":true,"href":"https:\/\/wir-lernen-weiter.ch\/fr\/wp-json\/wp\/v2\/comments?post=4226"}],"version-history":[{"count":2,"href":"https:\/\/wir-lernen-weiter.ch\/fr\/wp-json\/wp\/v2\/pages\/4226\/revisions"}],"predecessor-version":[{"id":6802,"href":"https:\/\/wir-lernen-weiter.ch\/fr\/wp-json\/wp\/v2\/pages\/4226\/revisions\/6802"}],"wp:attachment":[{"href":"https:\/\/wir-lernen-weiter.ch\/fr\/wp-json\/wp\/v2\/media?parent=4226"}],"curies":[{"name":"wp","href":"https:\/\/api.w.org\/{rel}","templated":true}]}}