{"id":358,"date":"2020-04-29T14:52:10","date_gmt":"2020-04-29T14:52:10","guid":{"rendered":"https:\/\/wir-lernen-weiter.ch\/?page_id=358"},"modified":"2023-04-26T22:44:56","modified_gmt":"2023-04-26T21:44:56","slug":"spenden","status":"publish","type":"page","link":"https:\/\/wir-lernen-weiter.ch\/fr\/spenden\/","title":{"rendered":"Dons"},"content":{"rendered":"<div class=\"wp-block-media-text alignwide is-stacked-on-mobile is-image-fill is-style-tw-shadow has-white-background-color has-background\"><figure class=\"wp-block-media-text__media\" style=\"background-image:url(https:\/\/wir-lernen-weiter.ch\/wp-content\/uploads\/2023\/04\/DSC_6485-1-1024x683.jpg);background-position:50% 50%\"><img loading=\"lazy\" decoding=\"async\" width=\"1024\" height=\"683\" src=\"https:\/\/wir-lernen-weiter.ch\/wp-content\/uploads\/2023\/04\/DSC_6485-1-1024x683.jpg\" alt=\"\" class=\"wp-image-4246 size-full\" srcset=\"https:\/\/wir-lernen-weiter.ch\/wp-content\/uploads\/2023\/04\/DSC_6485-1-1024x683.jpg 1024w, https:\/\/wir-lernen-weiter.ch\/wp-content\/uploads\/2023\/04\/DSC_6485-1-300x200.jpg 300w, https:\/\/wir-lernen-weiter.ch\/wp-content\/uploads\/2023\/04\/DSC_6485-1-768x512.jpg 768w, https:\/\/wir-lernen-weiter.ch\/wp-content\/uploads\/2023\/04\/DSC_6485-1-50x33.jpg 50w, https:\/\/wir-lernen-weiter.ch\/wp-content\/uploads\/2023\/04\/DSC_6485-1-1536x1024.jpg 1536w, https:\/\/wir-lernen-weiter.ch\/wp-content\/uploads\/2023\/04\/DSC_6485-1-2048x1365.jpg 2048w, https:\/\/wir-lernen-weiter.ch\/wp-content\/uploads\/2023\/04\/DSC_6485-1-18x12.jpg 18w, https:\/\/wir-lernen-weiter.ch\/wp-content\/uploads\/2023\/04\/DSC_6485-1-1200x800.jpg 1200w, https:\/\/wir-lernen-weiter.ch\/wp-content\/uploads\/2023\/04\/DSC_6485-1-1980x1320.jpg 1980w, https:\/\/wir-lernen-weiter.ch\/wp-content\/uploads\/2023\/04\/DSC_6485-1-1320x880.jpg 1320w\" sizes=\"auto, (max-width: 1024px) 100vw, 1024px\" \/><\/figure><div class=\"wp-block-media-text__content\">\n<h2 class=\"wp-block-heading\">Permettre beaucoup !<\/h2>\n\n\n\n<p>Notre travail aide beaucoup de monde ; et gr\u00e2ce \u00e0 chaque don, nous parviendrons encore mieux \u00e0 cr\u00e9er des perspectives en Suisse. <\/p>\n<\/div><\/div>\n\n\n\n<p class=\"wp-block-ht-blocks-messages wp-block-hb-message wp-block-hb-message--withicon\">wLw aime la transparence. C'est pourquoi tu peux d\u00e9cider librement de l'utilisation de ton don.<\/p>\n\n\n\n<div class=\"wp-block-columns alignwide tw-gutter-large is-layout-flex wp-container-core-columns-is-layout-1 wp-block-columns-is-layout-flex\">\n<div class=\"wp-block-column is-layout-flow wp-block-column-is-layout-flow\">\n<div class=\"wp-block-essential-blocks-pricing-table\"><div class=\"eb-parent-wrapper eb-parent-eb-pricing-nhg2tt5 eb_animation eb___animated eb___bounceInUp\"><div class=\"eb-pricing-nhg2tt5 eb-pricing-wrapper eb-pricing-content-center\"><div class=\"eb-pricing style-4\"><div class=\"eb-pricing-item featured ribbon-2 right\"><div class=\"eb-pricing-item-overlay\"><\/div><div class=\"eb-pricing-top\"><div class=\"eb-pricing-icon\" data-icon=\"fas fa-money-bill-alt\"><span class=\"icon\"><i class=\"fas fa-money-bill-alt\"><\/i><\/span><\/div><div class=\"eb-pricing-tag\"><span class=\"price-tag\"><span class=\"original-price\" data-price=\"\"><span class=\"price-currency\"><\/span><\/span><\/span><span class=\"price-period\" data-period-separator=\"\" data-price-period=\"\"> <\/span><\/div><div class=\"eb-pricing-header\"><h2 class=\"eb-pricing-title\">Placer un don libre<\/h2><\/div><\/div><div class=\"eb-pricing-bottom\"><div class=\"eb-pricing-body\"><ul class=\"eb-pricebox-features\"><li class=\"eb-pricebox-feature-item\" data-icon=\"fas fa-check\" data-color=\"#03bb89\" data-clickable=\"false\" data-link=\"\"><span class=\"eb-pricebox-icon fas fa-check\" style=\"color:#03bb89\"><\/span><span class=\"eb-pricebox-feature-text\">Unique<\/span><\/li><li class=\"eb-pricebox-feature-item\" data-icon=\"fas fa-check\" data-color=\"#03bb89\" data-clickable=\"false\" data-link=\"\"><span class=\"eb-pricebox-icon fas fa-check\" style=\"color:#03bb89\"><\/span><span class=\"eb-pricebox-feature-text\">Libre choix du montant<\/span><\/li><li class=\"eb-pricebox-feature-item\" data-icon=\"fas fa-check\" data-color=\"#03bb89\" data-clickable=\"false\" data-link=\"\"><span class=\"eb-pricebox-icon fas fa-check\" style=\"color:#03bb89\"><\/span><span class=\"eb-pricebox-feature-text\">Utilisation libre<\/span><\/li><\/ul><\/div><div class=\"eb-pricing-footer\" data-icon=\"\"><div class=\"eb-pricing-button-wrapper\"><a href=\"https:\/\/wir-lernen-weiter.ch\/fr\/freie-spende\/\" class=\"eb-pricing-button\"><i class=\"\"><\/i><span class=\"eb-button-text\">Plus d'infos<\/span><\/a><\/div><\/div><\/div><\/div><\/div><\/div><\/div><\/div>\n<\/div>\n\n\n\n<div class=\"wp-block-column is-layout-flow wp-block-column-is-layout-flow\">\n<div class=\"wp-block-essential-blocks-pricing-table\"><div class=\"eb-parent-wrapper eb-parent-eb-pricing-lqgjfnc eb_animation eb___animated eb___bounceInUp\"><div class=\"eb-pricing-lqgjfnc eb-pricing-wrapper eb-pricing-content-center\"><div class=\"eb-pricing style-4\"><div class=\"eb-pricing-item\"><div class=\"eb-pricing-item-overlay\"><\/div><div class=\"eb-pricing-top\"><div class=\"eb-pricing-icon\" data-icon=\"fas fa-chart-pie\"><span class=\"icon\"><i class=\"fas fa-chart-pie\"><\/i><\/span><\/div><div class=\"eb-pricing-tag\"><span class=\"price-tag\"><span class=\"original-price\" data-price=\"\"><span class=\"price-currency\"><\/span><\/span><\/span><span class=\"price-period\" data-period-separator=\"\" data-price-period=\"\"> <\/span><\/div><div class=\"eb-pricing-header\"><h2 class=\"eb-pricing-title\">Soutenir le projet<\/h2><\/div><\/div><div class=\"eb-pricing-bottom\"><div class=\"eb-pricing-body\"><ul class=\"eb-pricebox-features\"><li class=\"eb-pricebox-feature-item\" data-icon=\"fas fa-check\" data-color=\"#03bb89\" data-clickable=\"false\" data-link=\"\"><span class=\"eb-pricebox-icon fas fa-check\" style=\"color:#03bb89\"><\/span><span class=\"eb-pricebox-feature-text\">Unique<\/span><\/li><li class=\"eb-pricebox-feature-item\" data-icon=\"fas fa-check\" data-color=\"#03bb89\" data-clickable=\"false\" data-link=\"\"><span class=\"eb-pricebox-icon fas fa-check\" style=\"color:#03bb89\"><\/span><span class=\"eb-pricebox-feature-text\">Libre choix du montant<\/span><\/li><li class=\"eb-pricebox-feature-item\" data-icon=\"fas fa-check\" data-color=\"#03bb89\" data-clickable=\"false\" data-link=\"\"><span class=\"eb-pricebox-icon fas fa-check\" style=\"color:#03bb89\"><\/span><span class=\"eb-pricebox-feature-text\">Affect\u00e9<\/span><\/li><\/ul><\/div><div class=\"eb-pricing-footer\" data-icon=\"\"><div class=\"eb-pricing-button-wrapper\"><a href=\"https:\/\/wir-lernen-weiter.ch\/fr\/spendeprojekte\/\" class=\"eb-pricing-button\"><i class=\"\"><\/i><span class=\"eb-button-text\">Plus d'infos<\/span><\/a><\/div><\/div><\/div><\/div><\/div><\/div><\/div><\/div>\n<\/div>\n\n\n\n<div class=\"wp-block-column is-layout-flow wp-block-column-is-layout-flow\">\n<div class=\"wp-block-essential-blocks-pricing-table\"><div class=\"eb-parent-wrapper eb-parent-eb-pricing-fxy3tzo eb_animation eb___animated eb___bounceInUp\"><div class=\"eb-pricing-fxy3tzo eb-pricing-wrapper eb-pricing-content-center\"><div class=\"eb-pricing style-4\"><div class=\"eb-pricing-item featured ribbon-2 right\"><div class=\"eb-pricing-item-overlay\"><\/div><div class=\"eb-pricing-top\"><div class=\"eb-pricing-icon\" data-icon=\"fas fa-heart\"><span class=\"icon\"><i class=\"fas fa-heart\"><\/i><\/span><\/div><div class=\"eb-pricing-tag\"><span class=\"price-tag\"><span class=\"original-price\" data-price=\"\"><span class=\"price-currency\"><\/span><\/span><\/span><span class=\"price-period\" data-period-separator=\"\" data-price-period=\"\"> <\/span><\/div><div class=\"eb-pricing-header\"><h2 class=\"eb-pricing-title\">Devenir donateur(trice)<\/h2><\/div><\/div><div class=\"eb-pricing-bottom\"><div class=\"eb-pricing-body\"><ul class=\"eb-pricebox-features\"><li class=\"eb-pricebox-feature-item\" data-icon=\"fas fa-check\" data-color=\"#03bb89\" data-clickable=\"false\" data-link=\"\"><span class=\"eb-pricebox-icon fas fa-check\" style=\"color:#03bb89\"><\/span><span class=\"eb-pricebox-feature-text\">r\u00e9current<\/span><\/li><li class=\"eb-pricebox-feature-item\" data-icon=\"fas fa-check\" data-color=\"#03bb89\" data-clickable=\"false\" data-link=\"\"><span class=\"eb-pricebox-icon fas fa-check\" style=\"color:#03bb89\"><\/span><span class=\"eb-pricebox-feature-text\">Libre choix du montant<\/span><\/li><li class=\"eb-pricebox-feature-item\" data-icon=\"fas fa-check\" data-color=\"#03bb89\" data-clickable=\"false\" data-link=\"\"><span class=\"eb-pricebox-icon fas fa-check\" style=\"color:#03bb89\"><\/span><span class=\"eb-pricebox-feature-text\">Plus d'avantages<\/span><\/li><\/ul><\/div><\/div><\/div><\/div><\/div><\/div><\/div>\n<\/div>\n<\/div>\n\n\n\n<div style=\"height:30px\" aria-hidden=\"true\" class=\"wp-block-spacer\"><\/div>\n\n\n\n<h4 class=\"wp-block-heading\">Comment les fonds sont utilis\u00e9s<\/h4>\n\n\n\n<p class=\"wp-block-ht-blocks-messages wp-block-hb-message wp-block-hb-message--withicon is-style-info\">La vid\u00e9o suivante montre pourquoi nous avons besoin de dons ; et ce qui peut \u00eatre rendu possible avec de l'argent, en plus de l'impact \u00e9vident.<\/p>\n\n\n\n<figure class=\"wp-block-embed is-type-video is-provider-youtube wp-block-embed-youtube wp-embed-aspect-16-9 wp-has-aspect-ratio\"><div class=\"wp-block-embed__wrapper\">\n<iframe loading=\"lazy\" title=\"Argent, travail et charit\u00e9 : les finances d&#039;une \u0153uvre de bienfaisance en d\u00e9tail\" width=\"800\" height=\"450\" src=\"https:\/\/www.youtube.com\/embed\/FFxLvNwl0sc?feature=oembed\" frameborder=\"0\" allow=\"accelerometer; autoplay; clipboard-write; encrypted-media; gyroscope; picture-in-picture; web-share\" referrerpolicy=\"strict-origin-when-cross-origin\" allowfullscreen><\/iframe>\n<\/div><\/figure>\n\n\n\n<h4 class=\"wp-block-heading\">Faire un don en tant qu'entreprise ?<\/h4>\n\n\n\n<p>Si vous souhaitez cr\u00e9er des histoires \u00e0 succ\u00e8s avec nous, nous vous aiderons volontiers. Envoyez-nous simplement un message : <\/p>\n\n\n\n<div class=\"wp-block-buttons is-layout-flex wp-block-buttons-is-layout-flex\">\n<div class=\"wp-block-button has-custom-font-size is-style-fill has-small-font-size\"><a class=\"wp-block-button__link has-secondary-background-color has-background wp-element-button\" href=\"mailto:kontakt@wir-lernen-weiter.ch?subject=Wir m\u00f6chten gerne spenden!\" style=\"border-radius:6px\">Faire une demande de don<\/a><\/div>\n<\/div>","protected":false},"excerpt":{"rendered":"<p>Permettre beaucoup de choses ! Notre travail aide beaucoup de monde ; et gr\u00e2ce \u00e0 chaque don, nous parviendrons encore mieux \u00e0 cr\u00e9er des perspectives en Suisse. Comment sont utilis\u00e9s les fonds ? Faire un don en tant qu'entreprise ? Si vous souhaitez cr\u00e9er des histoires \u00e0 succ\u00e8s avec nous, nous vous aiderons volontiers. Il vous suffit de nous envoyer un bref message :<\/p>","protected":false},"author":6,"featured_media":0,"parent":0,"menu_order":0,"comment_status":"closed","ping_status":"closed","template":"","meta":{"_eb_attr":"Roboto,Roboto","footnotes":""},"class_list":["post-358","page","type-page","status-publish","hentry"],"_links":{"self":[{"href":"https:\/\/wir-lernen-weiter.ch\/fr\/wp-json\/wp\/v2\/pages\/358","targetHints":{"allow":["GET"]}}],"collection":[{"href":"https:\/\/wir-lernen-weiter.ch\/fr\/wp-json\/wp\/v2\/pages"}],"about":[{"href":"https:\/\/wir-lernen-weiter.ch\/fr\/wp-json\/wp\/v2\/types\/page"}],"author":[{"embeddable":true,"href":"https:\/\/wir-lernen-weiter.ch\/fr\/wp-json\/wp\/v2\/users\/6"}],"replies":[{"embeddable":true,"href":"https:\/\/wir-lernen-weiter.ch\/fr\/wp-json\/wp\/v2\/comments?post=358"}],"version-history":[{"count":44,"href":"https:\/\/wir-lernen-weiter.ch\/fr\/wp-json\/wp\/v2\/pages\/358\/revisions"}],"predecessor-version":[{"id":5034,"href":"https:\/\/wir-lernen-weiter.ch\/fr\/wp-json\/wp\/v2\/pages\/358\/revisions\/5034"}],"wp:attachment":[{"href":"https:\/\/wir-lernen-weiter.ch\/fr\/wp-json\/wp\/v2\/media?parent=358"}],"curies":[{"name":"wp","href":"https:\/\/api.w.org\/{rel}","templated":true}]}}