{"id":3487,"date":"2022-10-11T14:29:52","date_gmt":"2022-10-11T13:29:52","guid":{"rendered":"https:\/\/wir-lernen-weiter.ch\/?page_id=3487"},"modified":"2022-11-21T11:20:38","modified_gmt":"2022-11-21T10:20:38","slug":"academy","status":"publish","type":"page","link":"https:\/\/wir-lernen-weiter.ch\/fr\/academy\/","title":{"rendered":"Academy"},"content":{"rendered":"<div class=\"wp-block-media-text alignwide is-stacked-on-mobile has-primary-color has-text-color\" style=\"grid-template-columns:30% auto\"><figure class=\"wp-block-media-text__media\"><img loading=\"lazy\" decoding=\"async\" width=\"1080\" height=\"1080\" src=\"https:\/\/wir-lernen-weiter.ch\/wp-content\/uploads\/2022\/11\/1.png\" alt=\"\" class=\"wp-image-3580 size-full\" srcset=\"https:\/\/wir-lernen-weiter.ch\/wp-content\/uploads\/2022\/11\/1.png 1080w, https:\/\/wir-lernen-weiter.ch\/wp-content\/uploads\/2022\/11\/1-300x300.png 300w, https:\/\/wir-lernen-weiter.ch\/wp-content\/uploads\/2022\/11\/1-1024x1024.png 1024w, https:\/\/wir-lernen-weiter.ch\/wp-content\/uploads\/2022\/11\/1-150x150.png 150w, https:\/\/wir-lernen-weiter.ch\/wp-content\/uploads\/2022\/11\/1-768x768.png 768w, https:\/\/wir-lernen-weiter.ch\/wp-content\/uploads\/2022\/11\/1-50x50.png 50w, https:\/\/wir-lernen-weiter.ch\/wp-content\/uploads\/2022\/11\/1-12x12.png 12w\" sizes=\"auto, (max-width: 1080px) 100vw, 1080px\" \/><\/figure><div class=\"wp-block-media-text__content\">\n<p><strong>Surmenage num\u00e9rique<\/strong><\/p>\n\n\n\n<p class=\"has-secondary-background-color has-background\">De nos jours, les comp\u00e9tences num\u00e9riques prennent de plus en plus d'importance dans le monde du travail. Selon le reportage de SRF <strong><a rel=\"noreferrer noopener\" href=\"https:\/\/www.srf.ch\/news\/schweiz\/digitalisierung-und-armut-ein-viertel-der-schweizer-bevoelkerung-ist-digital-ueberfordert\" target=\"_blank\">d'octobre 2022<\/a> <\/strong>un quart des personnes r\u00e9sidant en Suisse ne disposent toutefois pas des capacit\u00e9s n\u00e9cessaires pour couvrir ces comp\u00e9tences de base en informatique. <br><strong>Nous voulons changer cela.<\/strong><\/p>\n<\/div><\/div>\n\n\n\n<div class=\"wp-block-media-text alignwide has-media-on-the-right is-stacked-on-mobile\" style=\"grid-template-columns:auto 30%\"><figure class=\"wp-block-media-text__media\"><img loading=\"lazy\" decoding=\"async\" width=\"1024\" height=\"1024\" src=\"https:\/\/wir-lernen-weiter.ch\/wp-content\/uploads\/2022\/11\/3-1024x1024.png\" alt=\"\" class=\"wp-image-3581 size-full\" srcset=\"https:\/\/wir-lernen-weiter.ch\/wp-content\/uploads\/2022\/11\/3-1024x1024.png 1024w, https:\/\/wir-lernen-weiter.ch\/wp-content\/uploads\/2022\/11\/3-300x300.png 300w, https:\/\/wir-lernen-weiter.ch\/wp-content\/uploads\/2022\/11\/3-150x150.png 150w, https:\/\/wir-lernen-weiter.ch\/wp-content\/uploads\/2022\/11\/3-768x768.png 768w, https:\/\/wir-lernen-weiter.ch\/wp-content\/uploads\/2022\/11\/3-50x50.png 50w, https:\/\/wir-lernen-weiter.ch\/wp-content\/uploads\/2022\/11\/3-12x12.png 12w, https:\/\/wir-lernen-weiter.ch\/wp-content\/uploads\/2022\/11\/3.png 1080w\" sizes=\"auto, (max-width: 1024px) 100vw, 1024px\" \/><\/figure><div class=\"wp-block-media-text__content\">\n<p class=\"has-text-align-right\"><strong>Notre mission<\/strong><\/p>\n\n\n\n<p class=\"has-secondary-background-color has-background\">Avec l'Academy, nous cr\u00e9ons une plate-forme d'apprentissage qui permet de suivre gratuitement des formations en ligne sur les comp\u00e9tences de base de la num\u00e9risation et de mettre en pratique et de v\u00e9rifier de diff\u00e9rentes mani\u00e8res les connaissances nouvellement acquises. Il est important pour nous que chaque personne r\u00e9sidant en Suisse ait acc\u00e8s au monde num\u00e9rique et ait la possibilit\u00e9 de s'y orienter.<\/p>\n<\/div><\/div>\n\n\n\n<hr class=\"wp-block-separator has-alpha-channel-opacity\"\/>\n\n\n\n<h2 class=\"alignwide has-text-align-center has-secondary-color has-text-color wp-block-heading\">Qu'est-ce qui rend notre Acad\u00e9mie unique ?<\/h2>\n\n\n\n<div class=\"wp-block-ht-blocks-accordion wp-block-hb-accordion\"><div class=\"wp-block-hb-accordion__section\" data-ht-blocks-accordion-block-state=\"closed\"><div class=\"wp-block-hb-accordion__title\"><span>Ind\u00e9pendant du lieu<\/span><\/div><div class=\"wp-block-hb-accordion__content\"><div class=\"wp-block-hb-accordion__contentwrap\">Apprends l\u00e0 o\u00f9 tu te sens bien et o\u00f9 tu as le temps. Avec la plateforme eLearning, tu n'as besoin que d'un appareil num\u00e9rique et d'un acc\u00e8s \u00e0 Internet.<br>Tu peux acc\u00e9der \u00e0 notre plateforme eLearning avec ton ordinateur portable, ton t\u00e9l\u00e9phone mobile, ta tablette ou ton PC via ton navigateur et reprendre \u00e0 chaque fois l\u00e0 o\u00f9 tu t'es arr\u00eat\u00e9.<\/div><\/div><\/div><div class=\"wp-block-hb-accordion__section\" data-ht-blocks-accordion-block-state=\"closed\"><div class=\"wp-block-hb-accordion__title\"><span>Gratuit<\/span><\/div><div class=\"wp-block-hb-accordion__content\"><div class=\"wp-block-hb-accordion__contentwrap\">L'Academy doit toujours \u00eatre utilisable gratuitement par l'apprenant. Il est important pour nous que la num\u00e9risation ne soit pas un privil\u00e8ge, mais un droit fondamental pour tous.<\/div><\/div><\/div><div class=\"wp-block-hb-accordion__section\" data-ht-blocks-accordion-block-state=\"closed\"><div class=\"wp-block-hb-accordion__title\"><span>Ind\u00e9pendant du temps<\/span><\/div><div class=\"wp-block-hb-accordion__content\"><div class=\"wp-block-hb-accordion__contentwrap\">De nos jours, il est important de rester flexible. Nous en sommes conscients et c'est pourquoi nous proposons des contenus d'apprentissage qui peuvent \u00eatre commenc\u00e9s, interrompus et termin\u00e9s \u00e0 n'importe quel moment. En outre, il est possible d'acc\u00e9der \u00e0 nouveau aux contenus d'apprentissage \u00e0 une date ult\u00e9rieure.<\/div><\/div><\/div><div class=\"wp-block-hb-accordion__section\" data-ht-blocks-accordion-block-state=\"closed\"><div class=\"wp-block-hb-accordion__title\"><span>Interactif<\/span><\/div><div class=\"wp-block-hb-accordion__content\"><div class=\"wp-block-hb-accordion__contentwrap\">Gr\u00e2ce \u00e0 un cadre d'apprentissage interactif, les apprenants acqui\u00e8rent de nouvelles connaissances de mani\u00e8re vari\u00e9e et restent ainsi motiv\u00e9s et actifs. En effet, les personnes qui apprennent avec plaisir conservent plus longtemps les connaissances qu'elles ont acquises.<\/div><\/div><\/div><div class=\"wp-block-hb-accordion__section\" data-ht-blocks-accordion-block-state=\"closed\"><div class=\"wp-block-hb-accordion__title\"><span>Certifi\u00e9<\/span><\/div><div class=\"wp-block-hb-accordion__content\"><div class=\"wp-block-hb-accordion__contentwrap\">Une fois les unit\u00e9s d'apprentissage termin\u00e9es, il est possible de passer un test afin de v\u00e9rifier les connaissances acquises. Apr\u00e8s avoir termin\u00e9 avec succ\u00e8s, chaque apprenant(e) re\u00e7oit un certificat pour cette section de l'Academy, qui peut \u00eatre joint \u00e0 une candidature.<\/div><\/div><\/div><\/div>\n\n\n\n<h2 class=\"alignfull has-text-align-center has-white-color has-secondary-background-color has-text-color has-background wp-block-heading\">Petit aper\u00e7u de l'eLearning<\/h2>\n\n\n\n<figure class=\"wp-block-video\"><video controls src=\"https:\/\/wir-lernen-weiter.ch\/wp-content\/uploads\/2022\/11\/Unbenannt.mp4\"><\/video><\/figure>\n\n\n\n<p>Mais cet aper\u00e7u n'est pas tout. Gr\u00e2ce \u00e0 l'offre vari\u00e9e d'interactions, de jeux, de vid\u00e9os, de fichiers audio, d'\u00e9nigmes, de quiz, de contr\u00f4les d'apprentissage, d'animations, d'images et d'objets 3D, l'apprenant dispose d'un cadre qui le motive et le divertit pour atteindre le succ\u00e8s d'apprentissage souhait\u00e9. <br>Car nous sommes convaincus que celui qui apprend en s'amusant prend plaisir \u00e0 long terme dans le monde num\u00e9rique.<\/p>\n\n\n\n<h2 class=\"alignfull has-secondary-background-color has-background wp-block-heading\"> <\/h2>\n\n\n\n<div class=\"wp-block-media-text alignwide is-stacked-on-mobile is-style-default\" style=\"grid-template-columns:30% auto\"><figure class=\"wp-block-media-text__media\"><img loading=\"lazy\" decoding=\"async\" width=\"1024\" height=\"1024\" src=\"https:\/\/wir-lernen-weiter.ch\/wp-content\/uploads\/2022\/11\/2-1-1024x1024.png\" alt=\"\" class=\"wp-image-3591 size-full\" srcset=\"https:\/\/wir-lernen-weiter.ch\/wp-content\/uploads\/2022\/11\/2-1-1024x1024.png 1024w, https:\/\/wir-lernen-weiter.ch\/wp-content\/uploads\/2022\/11\/2-1-300x300.png 300w, https:\/\/wir-lernen-weiter.ch\/wp-content\/uploads\/2022\/11\/2-1-150x150.png 150w, https:\/\/wir-lernen-weiter.ch\/wp-content\/uploads\/2022\/11\/2-1-768x768.png 768w, https:\/\/wir-lernen-weiter.ch\/wp-content\/uploads\/2022\/11\/2-1-50x50.png 50w, https:\/\/wir-lernen-weiter.ch\/wp-content\/uploads\/2022\/11\/2-1-12x12.png 12w, https:\/\/wir-lernen-weiter.ch\/wp-content\/uploads\/2022\/11\/2-1.png 1080w\" sizes=\"auto, (max-width: 1024px) 100vw, 1024px\" \/><\/figure><div class=\"wp-block-media-text__content\">\n<p><strong>Prochaines \u00e9tapes<\/strong><\/p>\n\n\n\n<p class=\"has-secondary-background-color has-background\">L'Academy entrera en phase de test d\u00e9but 2023 et devrait mettre \u00e0 disposition du public ses premiers eLearnings au cours du premier semestre 2023.<br>En attendant, nous sommes \u00e0 la recherche de points de contact appropri\u00e9s, pr\u00eats \u00e0 tester l'essai pilote de l'Academy et \u00e0 donner un feedback.<\/p>\n<\/div><\/div>\n\n\n\n<div class=\"wp-block-media-text alignwide has-media-on-the-right is-stacked-on-mobile\" style=\"grid-template-columns:auto 30%\"><figure class=\"wp-block-media-text__media\"><img loading=\"lazy\" decoding=\"async\" width=\"1024\" height=\"1024\" src=\"https:\/\/wir-lernen-weiter.ch\/wp-content\/uploads\/2022\/11\/Design-ohne-Titel-4-1024x1024.png\" alt=\"\" class=\"wp-image-3604 size-full\" srcset=\"https:\/\/wir-lernen-weiter.ch\/wp-content\/uploads\/2022\/11\/Design-ohne-Titel-4-1024x1024.png 1024w, https:\/\/wir-lernen-weiter.ch\/wp-content\/uploads\/2022\/11\/Design-ohne-Titel-4-300x300.png 300w, https:\/\/wir-lernen-weiter.ch\/wp-content\/uploads\/2022\/11\/Design-ohne-Titel-4-150x150.png 150w, https:\/\/wir-lernen-weiter.ch\/wp-content\/uploads\/2022\/11\/Design-ohne-Titel-4-768x768.png 768w, https:\/\/wir-lernen-weiter.ch\/wp-content\/uploads\/2022\/11\/Design-ohne-Titel-4-50x50.png 50w, https:\/\/wir-lernen-weiter.ch\/wp-content\/uploads\/2022\/11\/Design-ohne-Titel-4-12x12.png 12w, https:\/\/wir-lernen-weiter.ch\/wp-content\/uploads\/2022\/11\/Design-ohne-Titel-4.png 1080w\" sizes=\"auto, (max-width: 1024px) 100vw, 1024px\" \/><\/figure><div class=\"wp-block-media-text__content\">\n<p class=\"has-text-align-right\"><strong>Soutenir l'Academy<\/strong><\/p>\n\n\n\n<p class=\"has-secondary-background-color has-background\">Pour que l'Academy soit r\u00e9alisable, nous avons besoin d'aide. En faisant un don, tu contribues \u00e0 soutenir la Suisse sur le plan num\u00e9rique.<\/p>\n<\/div><\/div>\n\n\n\n<figure class=\"wp-block-image size-large\"><img loading=\"lazy\" decoding=\"async\" width=\"1024\" height=\"467\" src=\"https:\/\/wir-lernen-weiter.ch\/wp-content\/uploads\/2022\/11\/TWINT_Individueller-Betrag_DE-1024x467.png\" alt=\"\" class=\"wp-image-3606\" srcset=\"https:\/\/wir-lernen-weiter.ch\/wp-content\/uploads\/2022\/11\/TWINT_Individueller-Betrag_DE-1024x467.png 1024w, https:\/\/wir-lernen-weiter.ch\/wp-content\/uploads\/2022\/11\/TWINT_Individueller-Betrag_DE-300x137.png 300w, https:\/\/wir-lernen-weiter.ch\/wp-content\/uploads\/2022\/11\/TWINT_Individueller-Betrag_DE-768x350.png 768w, https:\/\/wir-lernen-weiter.ch\/wp-content\/uploads\/2022\/11\/TWINT_Individueller-Betrag_DE-50x23.png 50w, https:\/\/wir-lernen-weiter.ch\/wp-content\/uploads\/2022\/11\/TWINT_Individueller-Betrag_DE-18x8.png 18w, https:\/\/wir-lernen-weiter.ch\/wp-content\/uploads\/2022\/11\/TWINT_Individueller-Betrag_DE.png 1087w\" sizes=\"auto, (max-width: 1024px) 100vw, 1024px\" \/><\/figure>\n\n\n\n<h2 class=\"alignfull has-text-align-center has-white-color has-text-color has-background wp-block-heading\" style=\"background-color:#d98e9a\">Tu as d'autres questions sur l'Academy ou tu souhaites nous soutenir dans notre projet ? Nous nous r\u00e9jouissons d'avoir de tes nouvelles.<\/h2>\n\n\n\n<div class=\"wp-block-buttons is-content-justification-center is-layout-flex wp-container-core-buttons-is-layout-1 wp-block-buttons-is-layout-flex\">\n<div class=\"wp-block-button has-custom-width wp-block-button__width-75 is-style-fill\"><a class=\"wp-block-button__link has-secondary-background-color has-background\" href=\"mailto:academy@wir-lernen-weiter.ch\" style=\"border-radius:6px\" rel=\"\">Contact<\/a><\/div>\n<\/div>","protected":false},"excerpt":{"rendered":"<p>Surmenage num\u00e9rique De nos jours, les comp\u00e9tences num\u00e9riques acqui\u00e8rent une valeur toujours plus grande dans le monde du travail. Selon le reportage de la SRF d'octobre 2022, un quart des personnes r\u00e9sidant en Suisse ne disposent toutefois pas des aptitudes n\u00e9cessaires pour couvrir ces comp\u00e9tences de base en informatique. C'est ce que nous voulons changer. Notre mission Avec l'Academy, nous cr\u00e9ons une plate-forme d'apprentissage,...<\/p>","protected":false},"author":6,"featured_media":0,"parent":0,"menu_order":0,"comment_status":"closed","ping_status":"closed","template":"","meta":{"_eb_attr":"","footnotes":""},"class_list":["post-3487","page","type-page","status-publish","hentry"],"_links":{"self":[{"href":"https:\/\/wir-lernen-weiter.ch\/fr\/wp-json\/wp\/v2\/pages\/3487","targetHints":{"allow":["GET"]}}],"collection":[{"href":"https:\/\/wir-lernen-weiter.ch\/fr\/wp-json\/wp\/v2\/pages"}],"about":[{"href":"https:\/\/wir-lernen-weiter.ch\/fr\/wp-json\/wp\/v2\/types\/page"}],"author":[{"embeddable":true,"href":"https:\/\/wir-lernen-weiter.ch\/fr\/wp-json\/wp\/v2\/users\/6"}],"replies":[{"embeddable":true,"href":"https:\/\/wir-lernen-weiter.ch\/fr\/wp-json\/wp\/v2\/comments?post=3487"}],"version-history":[{"count":47,"href":"https:\/\/wir-lernen-weiter.ch\/fr\/wp-json\/wp\/v2\/pages\/3487\/revisions"}],"predecessor-version":[{"id":3639,"href":"https:\/\/wir-lernen-weiter.ch\/fr\/wp-json\/wp\/v2\/pages\/3487\/revisions\/3639"}],"wp:attachment":[{"href":"https:\/\/wir-lernen-weiter.ch\/fr\/wp-json\/wp\/v2\/media?parent=3487"}],"curies":[{"name":"wp","href":"https:\/\/api.w.org\/{rel}","templated":true}]}}