{"id":2339,"date":"2022-03-30T09:47:30","date_gmt":"2022-03-30T08:47:30","guid":{"rendered":"https:\/\/wir-lernen-weiter.ch\/?page_id=2339"},"modified":"2026-04-13T20:37:37","modified_gmt":"2026-04-13T19:37:37","slug":"partnerschaften","status":"publish","type":"page","link":"https:\/\/wir-lernen-weiter.ch\/fr\/partnerschaften\/","title":{"rendered":"Partenariats"},"content":{"rendered":"<div class=\"wp-block-media-text alignwide is-stacked-on-mobile is-style-tw-shadow\"><figure class=\"wp-block-media-text__media\"><img decoding=\"async\" width=\"1024\" height=\"683\" src=\"https:\/\/wir-lernen-weiter.ch\/wp-content\/uploads\/2023\/04\/DSC_6443-1024x683.jpg\" alt=\"\" class=\"wp-image-4300 size-full\" srcset=\"https:\/\/wir-lernen-weiter.ch\/wp-content\/uploads\/2023\/04\/DSC_6443-1024x683.jpg 1024w, https:\/\/wir-lernen-weiter.ch\/wp-content\/uploads\/2023\/04\/DSC_6443-300x200.jpg 300w, https:\/\/wir-lernen-weiter.ch\/wp-content\/uploads\/2023\/04\/DSC_6443-768x512.jpg 768w, https:\/\/wir-lernen-weiter.ch\/wp-content\/uploads\/2023\/04\/DSC_6443-50x33.jpg 50w, https:\/\/wir-lernen-weiter.ch\/wp-content\/uploads\/2023\/04\/DSC_6443-1536x1024.jpg 1536w, https:\/\/wir-lernen-weiter.ch\/wp-content\/uploads\/2023\/04\/DSC_6443-2048x1365.jpg 2048w, https:\/\/wir-lernen-weiter.ch\/wp-content\/uploads\/2023\/04\/DSC_6443-18x12.jpg 18w, https:\/\/wir-lernen-weiter.ch\/wp-content\/uploads\/2023\/04\/DSC_6443-1200x800.jpg 1200w, https:\/\/wir-lernen-weiter.ch\/wp-content\/uploads\/2023\/04\/DSC_6443-1980x1320.jpg 1980w, https:\/\/wir-lernen-weiter.ch\/wp-content\/uploads\/2023\/04\/DSC_6443-1320x880.jpg 1320w\" sizes=\"(max-width: 1024px) 100vw, 1024px\" \/><\/figure><div class=\"wp-block-media-text__content\">\n<p class=\"has-large-font-size\"><strong>Aider ensemble !<\/strong><\/p>\n\n\n\n<p>Vous avez besoin d'ordinateurs portables et nous devons savoir qui est effectivement pauvre. Le partenariat avec nous permet pr\u00e9cis\u00e9ment cela. <\/p>\n\n\n\n<p>Un partenariat qui profite massivement aux deux parties. Pourquoi ? Nous l'expliquons ici.<\/p>\n<\/div><\/div>\n\n\n\n<p class=\"wp-block-ht-blocks-messages wp-block-hb-message wp-block-hb-message--withicon is-style-success\"><strong> \ud83d\udcb5 Disponible chez nous pour seulement CHF 250 :<\/strong><br><br>- Ordinateur portable pr\u00eat \u00e0 l'emploi<br>- Programmes pr\u00e9install\u00e9s<br>- Des garanties claires<br>- Assistance gratuite<\/p>\n\n\n\n<div class=\"wp-block-buttons is-content-justification-center is-layout-flex wp-container-core-buttons-is-layout-a89b3969 wp-block-buttons-is-layout-flex\">\n<div class=\"wp-block-button\"><a class=\"wp-block-button__link wp-element-button\" href=\"https:\/\/wir-lernen-weiter.ch\/fr\/partnerschaft-beantragen\/\">Devenez partenaire maintenant !<\/a><\/div>\n<\/div>\n\n\n\n<div style=\"height:35px\" aria-hidden=\"true\" class=\"wp-block-spacer\"><\/div>\n\n\n\n<h2 class=\"wp-block-heading has-text-align-center\">Trois avantages clairs<\/h2>\n\n\n\n<p class=\"wp-block-ht-blocks-messages wp-block-hb-message wp-block-hb-message--withicon is-style-success\"><strong>\ud83d\udcca Des co\u00fbts clairs<\/strong><br><br>Notre petite contribution aux frais est imbattable. Et le mieux, c'est qu'elle reste toujours la m\u00eame, quelles que soient les exigences pos\u00e9es \u00e0 un appareil et le niveau d'assistance fourni. Cela simplifie consid\u00e9rablement l'\u00e9tablissement du budget.<br><\/p>\n\n\n\n<p class=\"wp-block-ht-blocks-messages wp-block-hb-message wp-block-hb-message--withicon is-style-success\"><strong>\ud83d\udd0e Pas de longue recherche d'appareils<\/strong><br><br>De nombreuses \u00e9coles imposent aujourd'hui certaines exigences aux appareils. Sur le Service Desk, ces documents peuvent \u00eatre t\u00e9l\u00e9charg\u00e9s lors de la commande. Nous vous livrons alors ce qui convient, sans que vous ayez \u00e0 chercher longtemps ce qui pourrait convenir.<\/p>\n\n\n\n<p class=\"wp-block-ht-blocks-messages wp-block-hb-message wp-block-hb-message--withicon is-style-success\"><strong>\ud83d\udc69\ud83c\udffc\u200d\ud83d\udd27 Assistance gratuite pour les b\u00e9n\u00e9ficiaires<\/strong><br><br>Gr\u00e2ce \u00e0 notre hotline de soutien Whatsapp, nous pouvons apporter une aide simple et \u00e0 bas seuil - et ce dans le cadre d'un \u00e9change direct avec les clients. Nous vous d\u00e9chargeons ainsi en tant que partenaire et pouvons aider tr\u00e8s rapidement les personnes en qu\u00eate d'aide.<\/p>\n\n\n\n<div class=\"wp-block-buttons is-content-justification-center is-layout-flex wp-container-core-buttons-is-layout-a89b3969 wp-block-buttons-is-layout-flex\">\n<div class=\"wp-block-button\"><a class=\"wp-block-button__link wp-element-button\" href=\"https:\/\/wir-lernen-weiter.ch\/fr\/partnerschaft-beantragen\/\">Devenez partenaire maintenant !<\/a><\/div>\n<\/div>\n\n\n\n<div style=\"height:35px\" aria-hidden=\"true\" class=\"wp-block-spacer\"><\/div>\n\n\n\n<h2 class=\"wp-block-heading has-text-align-center\">Avantages suppl\u00e9mentaires<\/h2>\n\n\n\n<p class=\"wp-block-ht-blocks-messages wp-block-hb-message wp-block-hb-message--withicon is-style-info\"><strong>\ud83c\udde8\ud83c\udded \u00c9prouv\u00e9 dans toute la Suisse<\/strong><br><br>Plus de 1\u2019100 communes, cantons et autres organisations collaborent d\u00e9j\u00e0 avec nous. Cliquez ici pour avoir un aper\u00e7u :<br><br><strong><a href=\"https:\/\/wir-lernen-weiter.ch\/fr\/partnergemeinden\/\" data-type=\"page\" data-id=\"2139\">Communes partenaires <\/a>| <a href=\"https:\/\/wir-lernen-weiter.ch\/fr\/partnerorganisationen\/\" data-type=\"page\" data-id=\"2132\">Organisations partenaires<\/a><\/strong><br><\/p>\n\n\n\n<p class=\"wp-block-ht-blocks-messages wp-block-hb-message wp-block-hb-message--withicon is-style-info\"><strong>\ud83e\udd11 Encore plus avantageux pour les partenaires du circuit<\/strong><br><br>Recevons-nous des appareils de votre commune ? Dans ce cas, la participation aux frais ne s'\u00e9l\u00e8ve qu'\u00e0 CHF 150.- par appareil ! <br><br>Pour plus d'informations, cliquer ici -&gt;. <a href=\"https:\/\/wir-lernen-weiter.ch\/fr\/kreislaufpartner\/\" data-type=\"page\" data-id=\"1891\"><strong>Partenaires circulaires<\/strong><\/a><\/p>\n\n\n\n<div style=\"height:35px\" aria-hidden=\"true\" class=\"wp-block-spacer\"><\/div>\n\n\n\n<h2 class=\"wp-block-heading has-text-align-center has-primary-color has-text-color\">Conditions<\/h2>\n\n\n\n<div class=\"wp-block-ht-blocks-accordion wp-block-hb-accordion\"><div class=\"wp-block-hb-accordion__section\" data-ht-blocks-accordion-block-state=\"closed\"><div class=\"wp-block-hb-accordion__title\"><span><strong>\ud83c\udf81 Les ordinateurs portables ne sont envoy\u00e9s qu'aux personnes en situation de pauvret\u00e9.<\/strong><\/span><\/div><div class=\"wp-block-hb-accordion__content\"><div class=\"wp-block-hb-accordion__contentwrap\">En tant que partenaire, vous avez la responsabilit\u00e9 de veiller \u00e0 ce que cette r\u00e8gle soit respect\u00e9e. Il doit donc exister un processus permettant d'\u00e9valuer la pauvret\u00e9 (par exemple le versement de l'aide sociale \u00e9conomique ou le formulaire de demande avec auto-d\u00e9claration). Nous vous aidons volontiers \u00e0 garantir cela.<br><br>Il est donc interdit, par exemple, de commander des ordinateurs portables \u00e0 usage partag\u00e9. Pour cela, vous avez, en tant que partenaire, des possibilit\u00e9s de budg\u00e9tisation que les particuliers n'ont pas. <\/div><\/div><\/div><div class=\"wp-block-hb-accordion__section\" data-ht-blocks-accordion-block-state=\"closed\"><div class=\"wp-block-hb-accordion__title\"><span><strong>\ud83d\udcdc Les ordinateurs portables appartiennent aux destinataires apr\u00e8s livraison<\/strong><\/span><\/div><div class=\"wp-block-hb-accordion__content\"><div class=\"wp-block-hb-accordion__contentwrap\">Les b\u00e9n\u00e9ficiaires peuvent donc en faire ce qu'ils veulent. <br><br>Nous conseillons toutefois clairement que vous, en tant que partenaire, signiez un accord avec les destinataires, par exemple si des contreparties claires sont attendues : Par exemple, un traitement soigneux et un r\u00e8glement pour le remplacement en cas de d\u00e9fauts.<\/div><\/div><\/div><div class=\"wp-block-hb-accordion__section\" data-ht-blocks-accordion-block-state=\"closed\"><div class=\"wp-block-hb-accordion__title\"><span><strong>\ud83d\udd10 La protection des donn\u00e9es doit \u00eatre assur\u00e9e<\/strong><\/span><\/div><div class=\"wp-block-hb-accordion__content\"><div class=\"wp-block-hb-accordion__contentwrap\">Pour le traitement des commandes, nous devons parfois recevoir des donn\u00e9es relatives aux destinataires. Tous les destinataires doivent \u00eatre inform\u00e9s \u00e0 l'avance de la transmission des donn\u00e9es. <br><br>En r\u00e8gle g\u00e9n\u00e9rale, vous avez d\u00e9j\u00e0 mis en place des processus \u00e0 cet effet. Si ce n'est pas le cas, nous nous ferons un plaisir de vous aider.<br><br>wLw utilise les donn\u00e9es re\u00e7ues uniquement dans le cadre du processus et en aucun cas \u00e0 des fins de marketing. Les donn\u00e9es ne sont pas non plus transmises \u00e0 des tiers.<\/div><\/div><\/div><\/div>\n\n\n\n<div style=\"height:35px\" aria-hidden=\"true\" class=\"wp-block-spacer\"><\/div>\n\n\n\n<h2 class=\"wp-block-heading has-text-align-center\">Vid\u00e9o explicative<\/h2>\n\n\n\n<p class=\"wp-block-ht-blocks-messages wp-block-hb-message wp-block-hb-message--withicon is-style-alert\"><strong>\ud83e\udd37 Trop de texte et beaucoup de choses pas encore claires ? <\/strong><br><br>Dans ce cas, la vid\u00e9o explicative suivante vous sera certainement utile.<\/p>\n\n\n\n<figure class=\"wp-block-embed is-type-video is-provider-youtube wp-block-embed-youtube wp-embed-aspect-16-9 wp-has-aspect-ratio\"><div class=\"wp-block-embed__wrapper\">\n<iframe title=\"Comment fonctionnent les partenariats chez wLw !\" width=\"800\" height=\"450\" src=\"https:\/\/www.youtube.com\/embed\/PAcNjgpXQyc?feature=oembed\" frameborder=\"0\" allow=\"accelerometer; autoplay; clipboard-write; encrypted-media; gyroscope; picture-in-picture; web-share\" referrerpolicy=\"strict-origin-when-cross-origin\" allowfullscreen><\/iframe>\n<\/div><\/figure>\n\n\n\n<hr class=\"wp-block-separator has-alpha-channel-opacity\"\/>\n\n\n\n<p class=\"wp-block-ht-blocks-messages wp-block-hb-message wp-block-hb-message--withicon is-style-info\"><strong>\u2049\ufe0f D'autres questions ? <\/strong><br><br>N'h\u00e9sitez pas \u00e0 nous envoyer un e-mail !<br><br><a href=\"mailto:kontakt@wir-lernen-weiter.ch?subject=Partnerschaftsfragen\" data-type=\"mailto\" data-id=\"mailto:kontakt@wir-lernen-weiter.ch?subject=Partnerschaftsfragen\"><strong>\u00c9crire un mail<\/strong><\/a><\/p>","protected":false},"excerpt":{"rendered":"<p>Gemeinsam helfen! Ihr ben\u00f6tigt Laptops und wir m\u00fcssen wissen, wer effektiv arm ist. Die Partnerschaft mit uns erm\u00f6glicht genau dies. Eine Partnerschaft, von der beide Seiten massiv profitieren. Warum? Das erkl\u00e4ren wir hier. Drei klare Vorteile Zus\u00e4tzliche Vorteile Bedingungen Erkl\u00e4rvideo<\/p>","protected":false},"author":6,"featured_media":0,"parent":0,"menu_order":0,"comment_status":"closed","ping_status":"closed","template":"","meta":{"iawp_total_views":59,"footnotes":""},"class_list":["post-2339","page","type-page","status-publish","hentry"],"_links":{"self":[{"href":"https:\/\/wir-lernen-weiter.ch\/fr\/wp-json\/wp\/v2\/pages\/2339","targetHints":{"allow":["GET"]}}],"collection":[{"href":"https:\/\/wir-lernen-weiter.ch\/fr\/wp-json\/wp\/v2\/pages"}],"about":[{"href":"https:\/\/wir-lernen-weiter.ch\/fr\/wp-json\/wp\/v2\/types\/page"}],"author":[{"embeddable":true,"href":"https:\/\/wir-lernen-weiter.ch\/fr\/wp-json\/wp\/v2\/users\/6"}],"replies":[{"embeddable":true,"href":"https:\/\/wir-lernen-weiter.ch\/fr\/wp-json\/wp\/v2\/comments?post=2339"}],"version-history":[{"count":0,"href":"https:\/\/wir-lernen-weiter.ch\/fr\/wp-json\/wp\/v2\/pages\/2339\/revisions"}],"wp:attachment":[{"href":"https:\/\/wir-lernen-weiter.ch\/fr\/wp-json\/wp\/v2\/media?parent=2339"}],"curies":[{"name":"wp","href":"https:\/\/api.w.org\/{rel}","templated":true}]}}