{"id":2336,"date":"2022-03-30T09:49:04","date_gmt":"2022-03-30T08:49:04","guid":{"rendered":"https:\/\/wir-lernen-weiter.ch\/?page_id=2336"},"modified":"2026-04-15T10:30:42","modified_gmt":"2026-04-15T09:30:42","slug":"laptops-beantragen","status":"publish","type":"page","link":"https:\/\/wir-lernen-weiter.ch\/fr\/laptops-beantragen\/","title":{"rendered":"Demander des ordinateurs portables"},"content":{"rendered":"<div class=\"wp-block-media-text alignwide is-stacked-on-mobile is-image-fill-element is-style-tw-shadow\" style=\"grid-template-columns:37% auto\"><figure class=\"wp-block-media-text__media\"><img decoding=\"async\" width=\"1024\" height=\"681\" src=\"https:\/\/wir-lernen-weiter.ch\/wp-content\/uploads\/2023\/01\/DSC_2189-1024x681.jpg\" alt=\"\" class=\"wp-image-3820 size-full\" style=\"object-position:100% 64%\" srcset=\"https:\/\/wir-lernen-weiter.ch\/wp-content\/uploads\/2023\/01\/DSC_2189-1024x681.jpg 1024w, https:\/\/wir-lernen-weiter.ch\/wp-content\/uploads\/2023\/01\/DSC_2189-300x200.jpg 300w, https:\/\/wir-lernen-weiter.ch\/wp-content\/uploads\/2023\/01\/DSC_2189-768x511.jpg 768w, https:\/\/wir-lernen-weiter.ch\/wp-content\/uploads\/2023\/01\/DSC_2189-50x33.jpg 50w, https:\/\/wir-lernen-weiter.ch\/wp-content\/uploads\/2023\/01\/DSC_2189-1536x1022.jpg 1536w, https:\/\/wir-lernen-weiter.ch\/wp-content\/uploads\/2023\/01\/DSC_2189-2048x1363.jpg 2048w, https:\/\/wir-lernen-weiter.ch\/wp-content\/uploads\/2023\/01\/DSC_2189-18x12.jpg 18w, https:\/\/wir-lernen-weiter.ch\/wp-content\/uploads\/2023\/01\/DSC_2189-1200x798.jpg 1200w, https:\/\/wir-lernen-weiter.ch\/wp-content\/uploads\/2023\/01\/DSC_2189-1980x1317.jpg 1980w, https:\/\/wir-lernen-weiter.ch\/wp-content\/uploads\/2023\/01\/DSC_2189-1320x878.jpg 1320w\" sizes=\"(max-width: 1024px) 100vw, 1024px\" \/><\/figure><div class=\"wp-block-media-text__content\">\n<h2 class=\"wp-block-heading\">Nous sommes heureux de vous aider !<\/h2>\n\n\n\n<p>Les ordinateurs portables peuvent \u00eatre command\u00e9s aupr\u00e8s de nos organisations partenaires. De nombreux services sociaux, services cantonaux et aussi des \u0153uvres d'entraide en font d\u00e9j\u00e0 partie.<\/p>\n\n\n\n<p>Clique sur le bouton qui correspond \u00e0 ta situation de pauvret\u00e9 et obtiens plus d'informations sur la proc\u00e9dure.<\/p>\n<\/div><\/div>\n\n\n\n<p class=\"wp-block-ht-blocks-messages wp-block-hb-message wp-block-hb-message--withicon is-style-danger\"><strong>\u26a0\ufe0f L'achat d'un ordinateur portable n'est possible que via des partenaires !<\/strong><br><br>Veuillez vous en tenir aux informations pr\u00e9sent\u00e9es. Si un partenaire existant ne veut pas te donner d'ordinateur portable, demande toujours une r\u00e9ponse \u00e9crite.<br><\/p>\n\n\n\n<h2 class=\"wp-block-heading has-text-align-center\">Trouver le bon point de contact<\/h2>\n\n\n\n<div class=\"wp-block-ht-blocks-accordion wp-block-hb-accordion\"><div class=\"wp-block-hb-accordion__section\" data-ht-blocks-accordion-block-state=\"closed\"><div class=\"wp-block-hb-accordion__title\"><span>Je re\u00e7ois une aide sociale.<\/span><\/div><div class=\"wp-block-hb-accordion__content\"><div class=\"wp-block-hb-accordion__contentwrap\">Dans ce cas, c'est ton service social communal qui est comp\u00e9tent. La carte ci-dessous te permet de trouver ta commune et d'obtenir les informations de contact.<br><br><a href=\"https:\/\/wir-lernen-weiter.ch\/fr\/partnergemeinden\/\" data-type=\"page\" data-id=\"2139\"><strong>Communes partenaires<\/strong><\/a><\/div><\/div><\/div><div class=\"wp-block-hb-accordion__section\" data-ht-blocks-accordion-block-state=\"closed\"><div class=\"wp-block-hb-accordion__title\"><span>Je suis en cours de migration ou d'asile.<\/span><\/div><div class=\"wp-block-hb-accordion__content\"><div class=\"wp-block-hb-accordion__contentwrap\">Adresse-toi directement \u00e0 ton service comp\u00e9tent. De nombreux services cantonaux ainsi que des organisations tierces collaborent avec nous. Il y a de grandes chances pour qu'un partenariat existe d\u00e9j\u00e0.<br><br>Comme les conditions d'obtention d'un ordinateur portable sont tr\u00e8s diverses, nous ne pouvons malheureusement pas partager plus d'informations ici. Contacte directement le service comp\u00e9tent.<\/div><\/div><\/div><div class=\"wp-block-hb-accordion__section\" data-ht-blocks-accordion-block-state=\"closed\"><div class=\"wp-block-hb-accordion__title\"><span>Ni l'un ni l'autre, mais je n'ai pas d'autre argent.<\/span><\/div><div class=\"wp-block-hb-accordion__content\"><div class=\"wp-block-hb-accordion__contentwrap\">Dans ce cas, nous te renvoyons volontiers \u00e0 la carte g\u00e9n\u00e9rale de nos organisations partenaires.<br><br>Veuillez noter que certaines organisations ont des conditions particuli\u00e8res - par exemple, elles ne peuvent aider que dans certaines situations ou ont besoin de documents suppl\u00e9mentaires de ta part.<br><br><a href=\"https:\/\/wir-lernen-weiter.ch\/fr\/partnerorganisationen\/\" data-type=\"page\" data-id=\"2132\"><strong>Organisations partenaires<\/strong><\/a><\/div><\/div><\/div><\/div>\n\n\n\n<p class=\"wp-block-ht-blocks-messages wp-block-hb-message wp-block-hb-message--withicon is-style-alert\"><strong>\ud83e\udd37 Vous n'avez pas trouv\u00e9 ce que vous cherchiez ?<\/strong><br><br>Notre petite association n'est pas encore connue de tous. Si, par exemple, ta commune ou une organisation particuli\u00e8re n'est pas encore membre de notre association, n'h\u00e9site pas \u00e0 nous en faire part.<\/p>\n\n\n\n<p><\/p>","protected":false},"excerpt":{"rendered":"<p>Nous sommes heureux de vous aider ! Les ordinateurs portables peuvent \u00eatre command\u00e9s aupr\u00e8s de nos organisations partenaires. De nombreux services sociaux, services cantonaux et \u0153uvres d'entraide en font d\u00e9j\u00e0 partie. Clique sur le bouton qui correspond \u00e0 ta situation de pauvret\u00e9 et obtiens plus d'informations sur la proc\u00e9dure. Trouve le bon point de contact<\/p>","protected":false},"author":6,"featured_media":0,"parent":0,"menu_order":0,"comment_status":"closed","ping_status":"closed","template":"","meta":{"iawp_total_views":375,"footnotes":""},"class_list":["post-2336","page","type-page","status-publish","hentry"],"_links":{"self":[{"href":"https:\/\/wir-lernen-weiter.ch\/fr\/wp-json\/wp\/v2\/pages\/2336","targetHints":{"allow":["GET"]}}],"collection":[{"href":"https:\/\/wir-lernen-weiter.ch\/fr\/wp-json\/wp\/v2\/pages"}],"about":[{"href":"https:\/\/wir-lernen-weiter.ch\/fr\/wp-json\/wp\/v2\/types\/page"}],"author":[{"embeddable":true,"href":"https:\/\/wir-lernen-weiter.ch\/fr\/wp-json\/wp\/v2\/users\/6"}],"replies":[{"embeddable":true,"href":"https:\/\/wir-lernen-weiter.ch\/fr\/wp-json\/wp\/v2\/comments?post=2336"}],"version-history":[{"count":1,"href":"https:\/\/wir-lernen-weiter.ch\/fr\/wp-json\/wp\/v2\/pages\/2336\/revisions"}],"predecessor-version":[{"id":6685,"href":"https:\/\/wir-lernen-weiter.ch\/fr\/wp-json\/wp\/v2\/pages\/2336\/revisions\/6685"}],"wp:attachment":[{"href":"https:\/\/wir-lernen-weiter.ch\/fr\/wp-json\/wp\/v2\/media?parent=2336"}],"curies":[{"name":"wp","href":"https:\/\/api.w.org\/{rel}","templated":true}]}}