{"id":2302,"date":"2022-03-25T10:46:58","date_gmt":"2022-03-25T09:46:58","guid":{"rendered":"https:\/\/wir-lernen-weiter.ch\/?page_id=2302"},"modified":"2022-03-25T10:46:59","modified_gmt":"2022-03-25T09:46:59","slug":"digitec-gewinnspiel","status":"publish","type":"page","link":"https:\/\/wir-lernen-weiter.ch\/fr\/digitec-gewinnspiel\/","title":{"rendered":"Jeu-concours digitec"},"content":{"rendered":"<p>Nous tirerons au sort un bon d'achat de 500 francs parmi toutes les personnes qui auront soit fait don d'un ordinateur portable utilisable samedi \u00e0 Zurich, soit particip\u00e9 en tant que b\u00e9n\u00e9vole, soit fait don d'un ordinateur portable \u00e0 \"Wir lernen weiter\" jusqu'au 31 mars 2022. En outre, trois autres heureux gagnants recevront chacun un appareil s\u00e9lectionn\u00e9 que nous avons test\u00e9 dans notre r\u00e9daction et dont nous n'avons plus besoin. Nous vous laissons la surprise de savoir de quoi il s'agit exactement.<\/p>\n\n\n\n<p>La participation au jeu-concours peut \u00eatre indiqu\u00e9e dans le formulaire de don le jour de l'\u00e9v\u00e9nement. Une participation n'est toutefois pas n\u00e9cessaire. Si tu participes, nous transmettrons ton adresse e-mail \u00e0 digitec \ud83d\ude42<\/p>","protected":false},"excerpt":{"rendered":"<p>Nous tirerons au sort un bon d'achat de 500 francs parmi toutes les personnes qui, soit feront don d'un ordinateur portable utilisable samedi \u00e0 Zurich, soit participeront en tant que b\u00e9n\u00e9voles, soit auront fait don d'un ordinateur portable \u00e0 \"Wir lernen weiter\" jusqu'au 31 mars 2022. De plus, trois autres heureux gagnants recevront chacun un appareil s\u00e9lectionn\u00e9 que nous...<\/p>","protected":false},"author":6,"featured_media":0,"parent":0,"menu_order":0,"comment_status":"closed","ping_status":"closed","template":"","meta":{"_eb_attr":"","footnotes":""},"class_list":["post-2302","page","type-page","status-publish","hentry"],"_links":{"self":[{"href":"https:\/\/wir-lernen-weiter.ch\/fr\/wp-json\/wp\/v2\/pages\/2302","targetHints":{"allow":["GET"]}}],"collection":[{"href":"https:\/\/wir-lernen-weiter.ch\/fr\/wp-json\/wp\/v2\/pages"}],"about":[{"href":"https:\/\/wir-lernen-weiter.ch\/fr\/wp-json\/wp\/v2\/types\/page"}],"author":[{"embeddable":true,"href":"https:\/\/wir-lernen-weiter.ch\/fr\/wp-json\/wp\/v2\/users\/6"}],"replies":[{"embeddable":true,"href":"https:\/\/wir-lernen-weiter.ch\/fr\/wp-json\/wp\/v2\/comments?post=2302"}],"version-history":[{"count":1,"href":"https:\/\/wir-lernen-weiter.ch\/fr\/wp-json\/wp\/v2\/pages\/2302\/revisions"}],"predecessor-version":[{"id":2303,"href":"https:\/\/wir-lernen-weiter.ch\/fr\/wp-json\/wp\/v2\/pages\/2302\/revisions\/2303"}],"wp:attachment":[{"href":"https:\/\/wir-lernen-weiter.ch\/fr\/wp-json\/wp\/v2\/media?parent=2302"}],"curies":[{"name":"wp","href":"https:\/\/api.w.org\/{rel}","templated":true}]}}