{"id":2139,"date":"2022-02-22T14:27:49","date_gmt":"2022-02-22T13:27:49","guid":{"rendered":"https:\/\/wir-lernen-weiter.ch\/?page_id=2139"},"modified":"2026-04-11T23:05:33","modified_gmt":"2026-04-11T22:05:33","slug":"partnergemeinden","status":"publish","type":"page","link":"https:\/\/wir-lernen-weiter.ch\/fr\/partnergemeinden\/","title":{"rendered":"Communes partenaires"},"content":{"rendered":"<p class=\"wp-block-ht-blocks-messages wp-block-hb-message wp-block-hb-message--withicon is-style-success\"><strong>\ud83d\uddb1\ufe0f Utilisation<\/strong><br><br>Utilise la fonction de recherche en haut \u00e0 droite (Rechercher une commune) pour voir si ta commune fait partie de nos activit\u00e9s ou non. <br><br>Clique ensuite sur ta commune pour voir quel service est comp\u00e9tent.<\/p>\n\n\n\n<iframe src=\"https:\/\/partnergemeinden.wir-lernen-weiter.ch\/\" !important\"=\"\" height=\"700px\"><\/iframe>\n\n\n\n<p class=\"wp-block-ht-blocks-messages wp-block-hb-message wp-block-hb-message--withicon is-style-danger\"><strong>\ud83d\udcd6 Important \u00e0 savoir ! <\/strong><br><br>Le fait que le service comp\u00e9tent commande ou non un ordinateur portable pour toi ne d\u00e9pend pas de nous. Il se peut tr\u00e8s bien que certaines conditions doivent \u00eatre remplies. <br><br>Tu obtiendras de plus amples informations \u00e0 ce sujet aupr\u00e8s du service comp\u00e9tent.<\/p>\n\n\n\n<p><\/p>","protected":false},"excerpt":{"rendered":"","protected":false},"author":6,"featured_media":0,"parent":0,"menu_order":0,"comment_status":"closed","ping_status":"closed","template":"","meta":{"iawp_total_views":27,"footnotes":""},"class_list":["post-2139","page","type-page","status-publish","hentry"],"_links":{"self":[{"href":"https:\/\/wir-lernen-weiter.ch\/fr\/wp-json\/wp\/v2\/pages\/2139","targetHints":{"allow":["GET"]}}],"collection":[{"href":"https:\/\/wir-lernen-weiter.ch\/fr\/wp-json\/wp\/v2\/pages"}],"about":[{"href":"https:\/\/wir-lernen-weiter.ch\/fr\/wp-json\/wp\/v2\/types\/page"}],"author":[{"embeddable":true,"href":"https:\/\/wir-lernen-weiter.ch\/fr\/wp-json\/wp\/v2\/users\/6"}],"replies":[{"embeddable":true,"href":"https:\/\/wir-lernen-weiter.ch\/fr\/wp-json\/wp\/v2\/comments?post=2139"}],"version-history":[{"count":0,"href":"https:\/\/wir-lernen-weiter.ch\/fr\/wp-json\/wp\/v2\/pages\/2139\/revisions"}],"wp:attachment":[{"href":"https:\/\/wir-lernen-weiter.ch\/fr\/wp-json\/wp\/v2\/media?parent=2139"}],"curies":[{"name":"wp","href":"https:\/\/api.w.org\/{rel}","templated":true}]}}