{"id":2132,"date":"2022-02-22T14:25:07","date_gmt":"2022-02-22T13:25:07","guid":{"rendered":"https:\/\/wir-lernen-weiter.ch\/?page_id=2132"},"modified":"2026-04-11T23:04:47","modified_gmt":"2026-04-11T22:04:47","slug":"partnerorganisationen","status":"publish","type":"page","link":"https:\/\/wir-lernen-weiter.ch\/fr\/partnerorganisationen\/","title":{"rendered":"Organisations partenaires"},"content":{"rendered":"<p class=\"wp-block-ht-blocks-messages wp-block-hb-message wp-block-hb-message--withicon is-style-success\"><strong>\ud83d\uddb1\ufe0f Utilisation<\/strong><br><br>Cherche sur la carte une organisation dans ton canton ou ta r\u00e9gion de r\u00e9sidence.<br><br>Clique ensuite sur l'ic\u00f4ne correspondante et connecte-toi.<\/p>\n\n\n\n<iframe src=\"https:\/\/www.google.com\/maps\/d\/u\/0\/embed?mid=1OIKIzS-y9mpFyUd6EWGOtG4e73S9P2Ab&amp;ehbc=2E312F\" width=\"500\" height=\"200\"><\/iframe>\n\n\n\n<p class=\"wp-block-ht-blocks-messages wp-block-hb-message wp-block-hb-message--withicon is-style-danger\"><strong>\ud83d\udcd6 Important \u00e0 savoir !<\/strong><br><br>Le fait qu'une organisation commande ou non un ordinateur portable pour toi ne d\u00e9pend pas de nous. Il se peut tr\u00e8s bien que certaines conditions doivent \u00eatre remplies.<br><br>Tu obtiendras de plus amples informations \u00e0 ce sujet aupr\u00e8s de l'organisation concern\u00e9e.<\/p>\n\n\n\n<p class=\"wp-block-ht-blocks-messages wp-block-hb-message wp-block-hb-message--withicon is-style-alert\"><strong>\ud83e\udd37Vous n'avez pas trouv\u00e9 ce que vous cherchiez ? <\/strong><br><br>Nous travaillons avec la fondation SOS Observateurs, qui peut aider dans presque tous les cas. Pour cela, il suffit de suivre les \u00e9tapes suivantes :<br><br>1) T\u00e9l\u00e9charge ce formulaire (<a href=\"https:\/\/wir-lernen-weiter.ch\/wp-content\/uploads\/2021\/01\/SOS-Gesuchsteller-2018.pdf\">t\u00e9l\u00e9charger<\/a>);<br>2) Remplis le formulaire de mani\u00e8re v\u00e9ridique ;<br>3) Envoie le formulaire rempli \u00e0 la fondation SOS Observateurs.<br><br>Tu trouveras plus d'informations sur la demande via la fondation SOS Beobachter sur <a href=\"https:\/\/www.beobachter.ch\/sos-beobachter\/gesuch-einreichen-wie-sie-hilfe-erhalten-konnen\" data-type=\"URL\" data-id=\"https:\/\/www.beobachter.ch\/sos-beobachter\/gesuch-einreichen-wie-sie-hilfe-erhalten-konnen\">de cette page<\/a>.<\/p>","protected":false},"excerpt":{"rendered":"","protected":false},"author":6,"featured_media":0,"parent":0,"menu_order":0,"comment_status":"closed","ping_status":"closed","template":"","meta":{"iawp_total_views":53,"footnotes":""},"class_list":["post-2132","page","type-page","status-publish","hentry"],"_links":{"self":[{"href":"https:\/\/wir-lernen-weiter.ch\/fr\/wp-json\/wp\/v2\/pages\/2132","targetHints":{"allow":["GET"]}}],"collection":[{"href":"https:\/\/wir-lernen-weiter.ch\/fr\/wp-json\/wp\/v2\/pages"}],"about":[{"href":"https:\/\/wir-lernen-weiter.ch\/fr\/wp-json\/wp\/v2\/types\/page"}],"author":[{"embeddable":true,"href":"https:\/\/wir-lernen-weiter.ch\/fr\/wp-json\/wp\/v2\/users\/6"}],"replies":[{"embeddable":true,"href":"https:\/\/wir-lernen-weiter.ch\/fr\/wp-json\/wp\/v2\/comments?post=2132"}],"version-history":[{"count":0,"href":"https:\/\/wir-lernen-weiter.ch\/fr\/wp-json\/wp\/v2\/pages\/2132\/revisions"}],"wp:attachment":[{"href":"https:\/\/wir-lernen-weiter.ch\/fr\/wp-json\/wp\/v2\/media?parent=2132"}],"curies":[{"name":"wp","href":"https:\/\/api.w.org\/{rel}","templated":true}]}}