{"id":1891,"date":"2021-11-17T07:44:16","date_gmt":"2021-11-17T07:44:16","guid":{"rendered":"https:\/\/wir-lernen-weiter.ch\/?page_id=1891"},"modified":"2026-04-16T13:59:46","modified_gmt":"2026-04-16T12:59:46","slug":"kreislaufpartner","status":"publish","type":"page","link":"https:\/\/wir-lernen-weiter.ch\/fr\/kreislaufpartner\/","title":{"rendered":"Partenaires circulaires"},"content":{"rendered":"<div class=\"wp-block-media-text alignwide is-stacked-on-mobile is-style-tw-shadow\"><figure class=\"wp-block-media-text__media\"><img decoding=\"async\" width=\"1024\" height=\"683\" src=\"https:\/\/wir-lernen-weiter.ch\/wp-content\/uploads\/2023\/06\/DSC_6521-1024x683.jpg\" alt=\"\" class=\"wp-image-4510 size-full\" srcset=\"https:\/\/wir-lernen-weiter.ch\/wp-content\/uploads\/2023\/06\/DSC_6521-1024x683.jpg 1024w, https:\/\/wir-lernen-weiter.ch\/wp-content\/uploads\/2023\/06\/DSC_6521-300x200.jpg 300w, https:\/\/wir-lernen-weiter.ch\/wp-content\/uploads\/2023\/06\/DSC_6521-768x512.jpg 768w, https:\/\/wir-lernen-weiter.ch\/wp-content\/uploads\/2023\/06\/DSC_6521-50x33.jpg 50w, https:\/\/wir-lernen-weiter.ch\/wp-content\/uploads\/2023\/06\/DSC_6521-1536x1024.jpg 1536w, https:\/\/wir-lernen-weiter.ch\/wp-content\/uploads\/2023\/06\/DSC_6521-2048x1365.jpg 2048w, https:\/\/wir-lernen-weiter.ch\/wp-content\/uploads\/2023\/06\/DSC_6521-18x12.jpg 18w, https:\/\/wir-lernen-weiter.ch\/wp-content\/uploads\/2023\/06\/DSC_6521-1200x800.jpg 1200w, https:\/\/wir-lernen-weiter.ch\/wp-content\/uploads\/2023\/06\/DSC_6521-1980x1320.jpg 1980w, https:\/\/wir-lernen-weiter.ch\/wp-content\/uploads\/2023\/06\/DSC_6521-1320x880.jpg 1320w\" sizes=\"(max-width: 1024px) 100vw, 1024px\" \/><\/figure><div class=\"wp-block-media-text__content\">\n<h2 class=\"wp-block-heading\">Cr\u00e9er un impact !<\/h2>\n\n\n\n<p>Notre travail est important, mais nous avons aussi besoin d'aide. <\/p>\n\n\n\n<p>En tant que partenaire, vous pouvez non seulement profiter de notre travail, mais aussi contribuer \u00e0 le rendre possible - tout en \u00e9conomisant beaucoup d'argent !<\/p>\n<\/div><\/div>\n\n\n\n<h2 class=\"wp-block-heading has-text-align-center\">Une nouvelle vie pour les vieux appareils<\/h2>\n\n\n\n<p class=\"wp-block-ht-blocks-messages wp-block-hb-message wp-block-hb-message--withicon is-style-alert\">\ud83e\udd37 <strong>Qu'advient-il de vos anciens appareils ? <\/strong><br><br>Si vous ne pouvez pas r\u00e9pondre vous-m\u00eame \u00e0 cette question, ce n'est pas un probl\u00e8me. La plupart du temps, c'est votre service informatique qui a la solution ou qui la cherche actuellement.<br><\/p>\n\n\n\n<p class=\"wp-block-ht-blocks-messages wp-block-hb-message wp-block-hb-message--withicon\">\ud83d\ude4b\ud83c\udffc <strong>Nous sommes des acheteurs reconnaissants !<\/strong><br><br>Notre association ne se contente pas d'\u00e9quiper les personnes en situation de pauvret\u00e9, elle fait aussi beaucoup pour les donateurs. Nous nous r\u00e9jouissons particuli\u00e8rement des communes et autres organisations qui bouclent compl\u00e8tement le cycle avec nous.<\/p>\n\n\n\n<div class=\"wp-block-media-text alignwide has-media-on-the-right is-stacked-on-mobile is-style-tw-shadow\" style=\"grid-template-columns:auto 47%\"><div class=\"wp-block-media-text__content\">\n<p class=\"has-large-font-size\"><strong>Avantages du circuit<\/strong><\/p>\n\n\n\n<ul class=\"wp-block-list is-style-tw-checkmark\">\n<li>\ud83d\udcbb Traitement gratuit<\/li>\n\n\n\n<li>\ud83d\udcdd Certifi\u00e9s <a href=\"https:\/\/wir-lernen-weiter.ch\/fr\/knowledge-base\/datenloeschung\/\" data-type=\"ht_kb\" data-id=\"2877\"><strong>Suppression des donn\u00e9es<\/strong><\/a><\/li>\n\n\n\n<li>\ud83d\udcb8 Moins de co\u00fbts<\/li>\n\n\n\n<li>\ud83c\udf33 Pr\u00e9server l'environnement<\/li>\n<\/ul>\n<\/div><figure class=\"wp-block-media-text__media\"><img decoding=\"async\" width=\"1024\" height=\"683\" src=\"https:\/\/wir-lernen-weiter.ch\/wp-content\/uploads\/2023\/04\/DSC_6468-1024x683.jpg\" alt=\"\" class=\"wp-image-4252 size-full\" srcset=\"https:\/\/wir-lernen-weiter.ch\/wp-content\/uploads\/2023\/04\/DSC_6468-1024x683.jpg 1024w, https:\/\/wir-lernen-weiter.ch\/wp-content\/uploads\/2023\/04\/DSC_6468-300x200.jpg 300w, https:\/\/wir-lernen-weiter.ch\/wp-content\/uploads\/2023\/04\/DSC_6468-768x512.jpg 768w, https:\/\/wir-lernen-weiter.ch\/wp-content\/uploads\/2023\/04\/DSC_6468-50x33.jpg 50w, https:\/\/wir-lernen-weiter.ch\/wp-content\/uploads\/2023\/04\/DSC_6468-1536x1024.jpg 1536w, https:\/\/wir-lernen-weiter.ch\/wp-content\/uploads\/2023\/04\/DSC_6468-2048x1365.jpg 2048w, https:\/\/wir-lernen-weiter.ch\/wp-content\/uploads\/2023\/04\/DSC_6468-18x12.jpg 18w, https:\/\/wir-lernen-weiter.ch\/wp-content\/uploads\/2023\/04\/DSC_6468-1200x800.jpg 1200w, https:\/\/wir-lernen-weiter.ch\/wp-content\/uploads\/2023\/04\/DSC_6468-1980x1320.jpg 1980w, https:\/\/wir-lernen-weiter.ch\/wp-content\/uploads\/2023\/04\/DSC_6468-1320x880.jpg 1320w\" sizes=\"(max-width: 1024px) 100vw, 1024px\" \/><\/figure><\/div>\n\n\n\n<h2 class=\"wp-block-heading has-text-align-center\">Plus d'infos<\/h2>\n\n\n\n<div class=\"wp-block-ht-blocks-accordion wp-block-hb-accordion\"><div class=\"wp-block-hb-accordion__section\" data-ht-blocks-accordion-block-state=\"closed\"><div class=\"wp-block-hb-accordion__title\"><span><strong>\ud83d\udd04 D\u00e9roulement de base<\/strong><\/span><\/div><div class=\"wp-block-hb-accordion__content\"><div class=\"wp-block-hb-accordion__contentwrap\">D\u00e8s que nous avons re\u00e7u un don de votre part, celui-ci est trait\u00e9. Il en r\u00e9sulte un contingent circulaire. Pour ce contingent, vous pouvez acheter des appareils \u00e0 prix r\u00e9duit.<\/div><\/div><\/div><div class=\"wp-block-hb-accordion__section\" data-ht-blocks-accordion-block-state=\"closed\"><div class=\"wp-block-hb-accordion__title\"><span>\u270f\ufe0f <strong>Calcul du contingent de circuits<\/strong><\/span><\/div><div class=\"wp-block-hb-accordion__content\"><div class=\"wp-block-hb-accordion__contentwrap\">Le quota de recyclage d'un don est calcul\u00e9 \u00e0 partir du nombre d'appareils r\u00e9utilisables d'un don.<br><br>Seuls les appareils internes \u00e0 l'organisation peuvent \u00eatre pris en compte pour le contingent de recyclage - donc par exemple les appareils scolaires ou administratifs d'une commune ou d'un canton.<\/div><\/div><\/div><div class=\"wp-block-hb-accordion__section\" data-ht-blocks-accordion-block-state=\"closed\"><div class=\"wp-block-hb-accordion__title\"><span><strong>\ud83d\udce2 Obligation d'inscription<\/strong><\/span><\/div><div class=\"wp-block-hb-accordion__content\"><div class=\"wp-block-hb-accordion__contentwrap\">Si un don doit \u00eatre utilis\u00e9 pour un partenariat circulaire, il faut nous le signaler avant le don : Simplement pour qu'il puisse \u00eatre effectivement pris en compte et ne soit pas oubli\u00e9.<\/div><\/div><\/div><\/div>\n\n\n\n<p class=\"wp-block-ht-blocks-messages wp-block-hb-message wp-block-hb-message--withicon\"><strong>\ud83e\uddd1\ud83c\udffc\u200d\ud83d\udd27 Notre travail<\/strong><br><br>Pour savoir comment effacer et contr\u00f4ler les appareils en toute s\u00e9curit\u00e9, consultez la page d'information suivante -&gt; -&gt; -&gt; -&gt; -&gt; -&gt; -&gt; -&gt; -&gt; -&gt; -&gt; -&gt; -&gt; -&gt; -&gt; -&gt; -&gt; -&gt; -&gt; -&gt; -&gt; -&gt; -&gt; -&gt; -&gt; -&gt; -&gt; -&gt; -&gt; -&gt; -&gt; -&gt; -&gt; -&gt; -&gt; -&gt; -&gt; -&gt; -&gt; -&gt; -&gt; -&gt; -&gt; -&gt; -&gt; -&gt; -&gt; -&gt; -&gt; -&gt; -&gt; -&gt; -&gt;. <strong><a href=\"https:\/\/wir-lernen-weiter.ch\/fr\/laptops-spenden\/\" data-type=\"page\" data-id=\"4251\">Donner des ordinateurs<\/a><\/strong><\/p>\n\n\n\n<hr class=\"wp-block-separator has-alpha-channel-opacity\"\/>\n\n\n\n<h2 class=\"wp-block-heading has-text-align-center\">Vous aussi, vous pouvez nous aider !<\/h2>\n\n\n\n<p class=\"wp-block-ht-blocks-messages wp-block-hb-message wp-block-hb-message--withicon is-style-info\">Plut\u00f4t que de donner d'autres raisons pour lesquelles le partenariat circulaire est judicieux, nous pr\u00e9f\u00e9rons vous montrer un exemple ici. Amusez-vous bien ! \ud83d\ude0e<\/p>\n\n\n\n<figure class=\"wp-block-embed is-type-video is-provider-youtube wp-block-embed-youtube wp-embed-aspect-16-9 wp-has-aspect-ratio\"><div class=\"wp-block-embed__wrapper\">\n<iframe title=\"Enl\u00e8vement d&#039;un ordinateur portable : de nouvelles perspectives gr\u00e2ce aux appareils d&#039;Uster \ud83e\udd1d\" width=\"800\" height=\"450\" src=\"https:\/\/www.youtube.com\/embed\/Cpc9jORvq00?feature=oembed\" frameborder=\"0\" allow=\"accelerometer; autoplay; clipboard-write; encrypted-media; gyroscope; picture-in-picture; web-share\" referrerpolicy=\"strict-origin-when-cross-origin\" allowfullscreen><\/iframe>\n<\/div><\/figure>\n\n\n\n<hr class=\"wp-block-separator has-alpha-channel-opacity\"\/>\n\n\n\n<h2 class=\"wp-block-heading has-text-align-center\">Annoncer un don<\/h2>\n\n\n\n<p class=\"wp-block-ht-blocks-messages wp-block-hb-message wp-block-hb-message--withicon\"><strong>\ud83d\udc8c Nous serions ravis ! <\/strong><br><br>Vous aussi, aidez-nous \u00e0 faire une vraie diff\u00e9rence dans notre pays. Vous savez maintenant ce que nous pouvons accomplir ensemble.<\/p>\n\n\n\n<div class=\"wp-block-buttons is-content-justification-center is-layout-flex wp-container-core-buttons-is-layout-a89b3969 wp-block-buttons-is-layout-flex\">\n<div class=\"wp-block-button\"><a class=\"wp-block-button__link has-secondary-background-color has-background wp-element-button\" href=\"mailto:kontakt@wir-lernen-weiter.ch?subject=Kreislaufspende\" style=\"border-radius:6px\">Signaler maintenant<\/a><\/div>\n<\/div>","protected":false},"excerpt":{"rendered":"<p>Impact schaffen! Unsere Arbeit ist wichtig, doch auch wir sind auf Hilfe angewiesen. Als Partner von uns k\u00f6nnt Ihr nicht nur von uns profitieren, sondern unsere Arbeit auch miterm\u00f6glichen &#8211; und dabei massig Geld sparen! Neues Leben f\u00fcr alte Ger\u00e4te Weitere Infos Auch Ihr k\u00f6nnt mithelfen! Spende anmelden<\/p>","protected":false},"author":6,"featured_media":0,"parent":0,"menu_order":0,"comment_status":"closed","ping_status":"closed","template":"","meta":{"iawp_total_views":27,"footnotes":""},"class_list":["post-1891","page","type-page","status-publish","hentry"],"_links":{"self":[{"href":"https:\/\/wir-lernen-weiter.ch\/fr\/wp-json\/wp\/v2\/pages\/1891","targetHints":{"allow":["GET"]}}],"collection":[{"href":"https:\/\/wir-lernen-weiter.ch\/fr\/wp-json\/wp\/v2\/pages"}],"about":[{"href":"https:\/\/wir-lernen-weiter.ch\/fr\/wp-json\/wp\/v2\/types\/page"}],"author":[{"embeddable":true,"href":"https:\/\/wir-lernen-weiter.ch\/fr\/wp-json\/wp\/v2\/users\/6"}],"replies":[{"embeddable":true,"href":"https:\/\/wir-lernen-weiter.ch\/fr\/wp-json\/wp\/v2\/comments?post=1891"}],"version-history":[{"count":1,"href":"https:\/\/wir-lernen-weiter.ch\/fr\/wp-json\/wp\/v2\/pages\/1891\/revisions"}],"predecessor-version":[{"id":6794,"href":"https:\/\/wir-lernen-weiter.ch\/fr\/wp-json\/wp\/v2\/pages\/1891\/revisions\/6794"}],"wp:attachment":[{"href":"https:\/\/wir-lernen-weiter.ch\/fr\/wp-json\/wp\/v2\/media?parent=1891"}],"curies":[{"name":"wp","href":"https:\/\/api.w.org\/{rel}","templated":true}]}}