{"id":174,"date":"2020-03-29T14:05:03","date_gmt":"2020-03-29T14:05:03","guid":{"rendered":"https:\/\/wir-lernen-weiter.ch\/?page_id=174"},"modified":"2026-04-14T13:00:39","modified_gmt":"2026-04-14T12:00:39","slug":"unterstuetzer","status":"publish","type":"page","link":"https:\/\/wir-lernen-weiter.ch\/fr\/unterstuetzer\/","title":{"rendered":"Supporters"},"content":{"rendered":"<div class=\"wp-block-media-text alignwide is-stacked-on-mobile is-style-tw-shadow\"><figure class=\"wp-block-media-text__media\"><img decoding=\"async\" width=\"1024\" height=\"570\" src=\"https:\/\/wir-lernen-weiter.ch\/wp-content\/uploads\/2023\/04\/Screenshot-2021-10-12-090826-1024x570.png\" alt=\"\" class=\"wp-image-4339 size-full\" srcset=\"https:\/\/wir-lernen-weiter.ch\/wp-content\/uploads\/2023\/04\/Screenshot-2021-10-12-090826-1024x570.png 1024w, https:\/\/wir-lernen-weiter.ch\/wp-content\/uploads\/2023\/04\/Screenshot-2021-10-12-090826-300x167.png 300w, https:\/\/wir-lernen-weiter.ch\/wp-content\/uploads\/2023\/04\/Screenshot-2021-10-12-090826-768x427.png 768w, https:\/\/wir-lernen-weiter.ch\/wp-content\/uploads\/2023\/04\/Screenshot-2021-10-12-090826-50x28.png 50w, https:\/\/wir-lernen-weiter.ch\/wp-content\/uploads\/2023\/04\/Screenshot-2021-10-12-090826-1536x854.png 1536w, https:\/\/wir-lernen-weiter.ch\/wp-content\/uploads\/2023\/04\/Screenshot-2021-10-12-090826-18x10.png 18w, https:\/\/wir-lernen-weiter.ch\/wp-content\/uploads\/2023\/04\/Screenshot-2021-10-12-090826-1200x667.png 1200w, https:\/\/wir-lernen-weiter.ch\/wp-content\/uploads\/2023\/04\/Screenshot-2021-10-12-090826.png 1656w\" sizes=\"(max-width: 1024px) 100vw, 1024px\" \/><\/figure><div class=\"wp-block-media-text__content\">\n<h2 class=\"wp-block-heading\">Nous ne sommes pas seuls !<\/h2>\n\n\n\n<p>De nombreuses organisations et entreprises soutiennent notre travail au quotidien. <\/p>\n\n\n\n<p>Sur cette page, tu d\u00e9couvriras qui est d\u00e9j\u00e0 pr\u00e9sent et comment nous sommes soutenus.<\/p>\n<\/div><\/div>\n\n\n\n<p class=\"wp-block-ht-blocks-messages wp-block-hb-message wp-block-hb-message--withicon\"><strong>\ud83c\udf81 G\u00e9n\u00e9reux donateurs<\/strong><br><br>Les ordinateurs portables sont la pierre angulaire de notre travail. Voici une s\u00e9lection d'entreprises qui font d\u00e9j\u00e0 la diff\u00e9rence avec nous.<\/p>\n\n\n\n<figure class=\"wp-block-gallery has-nested-images columns-default is-cropped wp-block-gallery-1 is-layout-flex wp-block-gallery-is-layout-flex\">\n<figure class=\"wp-block-image size-large\"><img decoding=\"async\" width=\"1024\" height=\"688\" data-id=\"4716\" src=\"https:\/\/wir-lernen-weiter.ch\/wp-content\/uploads\/2023\/11\/Bild3-1024x688.png?wsr\" alt=\"\" class=\"wp-image-4716\" srcset=\"https:\/\/wir-lernen-weiter.ch\/wp-content\/uploads\/2023\/11\/Bild3-1024x688.png 1024w, https:\/\/wir-lernen-weiter.ch\/wp-content\/uploads\/2023\/11\/Bild3-300x202.png 300w, https:\/\/wir-lernen-weiter.ch\/wp-content\/uploads\/2023\/11\/Bild3-768x516.png 768w, https:\/\/wir-lernen-weiter.ch\/wp-content\/uploads\/2023\/11\/Bild3-50x34.png 50w, https:\/\/wir-lernen-weiter.ch\/wp-content\/uploads\/2023\/11\/Bild3-18x12.png 18w, https:\/\/wir-lernen-weiter.ch\/wp-content\/uploads\/2023\/11\/Bild3.png 1071w\" sizes=\"(max-width: 1024px) 100vw, 1024px\" \/><\/figure>\n\n\n\n<figure class=\"wp-block-image size-full\"><img decoding=\"async\" width=\"843\" height=\"561\" data-id=\"4587\" src=\"https:\/\/wir-lernen-weiter.ch\/wp-content\/uploads\/2023\/08\/suva.png\" alt=\"\" class=\"wp-image-4587\" srcset=\"https:\/\/wir-lernen-weiter.ch\/wp-content\/uploads\/2023\/08\/suva.png 843w, https:\/\/wir-lernen-weiter.ch\/wp-content\/uploads\/2023\/08\/suva-300x200.png 300w, https:\/\/wir-lernen-weiter.ch\/wp-content\/uploads\/2023\/08\/suva-768x511.png 768w, https:\/\/wir-lernen-weiter.ch\/wp-content\/uploads\/2023\/08\/suva-50x33.png 50w, https:\/\/wir-lernen-weiter.ch\/wp-content\/uploads\/2023\/08\/suva-18x12.png 18w\" sizes=\"(max-width: 843px) 100vw, 843px\" \/><\/figure>\n\n\n\n<figure class=\"wp-block-image size-large\"><img decoding=\"async\" width=\"842\" height=\"559\" data-id=\"4597\" src=\"https:\/\/wir-lernen-weiter.ch\/wp-content\/uploads\/2023\/08\/sfs.png\" alt=\"\" class=\"wp-image-4597\" srcset=\"https:\/\/wir-lernen-weiter.ch\/wp-content\/uploads\/2023\/08\/sfs.png 842w, https:\/\/wir-lernen-weiter.ch\/wp-content\/uploads\/2023\/08\/sfs-300x199.png 300w, https:\/\/wir-lernen-weiter.ch\/wp-content\/uploads\/2023\/08\/sfs-768x510.png 768w, https:\/\/wir-lernen-weiter.ch\/wp-content\/uploads\/2023\/08\/sfs-50x33.png 50w, https:\/\/wir-lernen-weiter.ch\/wp-content\/uploads\/2023\/08\/sfs-18x12.png 18w\" sizes=\"(max-width: 842px) 100vw, 842px\" \/><\/figure>\n\n\n\n<figure class=\"wp-block-image size-large\"><img decoding=\"async\" width=\"1024\" height=\"680\" data-id=\"4595\" src=\"https:\/\/wir-lernen-weiter.ch\/wp-content\/uploads\/2023\/08\/sanitas-1024x680.png?wsr\" alt=\"\" class=\"wp-image-4595\" srcset=\"https:\/\/wir-lernen-weiter.ch\/wp-content\/uploads\/2023\/08\/sanitas-1024x680.png 1024w, https:\/\/wir-lernen-weiter.ch\/wp-content\/uploads\/2023\/08\/sanitas-300x199.png 300w, https:\/\/wir-lernen-weiter.ch\/wp-content\/uploads\/2023\/08\/sanitas-768x510.png 768w, https:\/\/wir-lernen-weiter.ch\/wp-content\/uploads\/2023\/08\/sanitas-50x33.png 50w, https:\/\/wir-lernen-weiter.ch\/wp-content\/uploads\/2023\/08\/sanitas-18x12.png 18w, https:\/\/wir-lernen-weiter.ch\/wp-content\/uploads\/2023\/08\/sanitas.png 1084w\" sizes=\"(max-width: 1024px) 100vw, 1024px\" \/><\/figure>\n\n\n\n<figure class=\"wp-block-image size-large\"><img decoding=\"async\" width=\"839\" height=\"556\" data-id=\"4593\" src=\"https:\/\/wir-lernen-weiter.ch\/wp-content\/uploads\/2023\/08\/ubs.png\" alt=\"\" class=\"wp-image-4593\" srcset=\"https:\/\/wir-lernen-weiter.ch\/wp-content\/uploads\/2023\/08\/ubs.png 839w, https:\/\/wir-lernen-weiter.ch\/wp-content\/uploads\/2023\/08\/ubs-300x199.png 300w, https:\/\/wir-lernen-weiter.ch\/wp-content\/uploads\/2023\/08\/ubs-768x509.png 768w, https:\/\/wir-lernen-weiter.ch\/wp-content\/uploads\/2023\/08\/ubs-50x33.png 50w, https:\/\/wir-lernen-weiter.ch\/wp-content\/uploads\/2023\/08\/ubs-18x12.png 18w\" sizes=\"(max-width: 839px) 100vw, 839px\" \/><\/figure>\n\n\n\n<figure class=\"wp-block-image size-large\"><img decoding=\"async\" width=\"841\" height=\"557\" data-id=\"4591\" src=\"https:\/\/wir-lernen-weiter.ch\/wp-content\/uploads\/2023\/08\/axa.png\" alt=\"\" class=\"wp-image-4591\" srcset=\"https:\/\/wir-lernen-weiter.ch\/wp-content\/uploads\/2023\/08\/axa.png 841w, https:\/\/wir-lernen-weiter.ch\/wp-content\/uploads\/2023\/08\/axa-300x199.png 300w, https:\/\/wir-lernen-weiter.ch\/wp-content\/uploads\/2023\/08\/axa-768x509.png 768w, https:\/\/wir-lernen-weiter.ch\/wp-content\/uploads\/2023\/08\/axa-50x33.png 50w, https:\/\/wir-lernen-weiter.ch\/wp-content\/uploads\/2023\/08\/axa-18x12.png 18w\" sizes=\"(max-width: 841px) 100vw, 841px\" \/><\/figure>\n\n\n\n<figure class=\"wp-block-image size-large\"><img decoding=\"async\" width=\"1024\" height=\"681\" data-id=\"4590\" src=\"https:\/\/wir-lernen-weiter.ch\/wp-content\/uploads\/2023\/08\/localsearch-1024x681.png?wsr\" alt=\"\" class=\"wp-image-4590\" srcset=\"https:\/\/wir-lernen-weiter.ch\/wp-content\/uploads\/2023\/08\/localsearch-1024x681.png 1024w, https:\/\/wir-lernen-weiter.ch\/wp-content\/uploads\/2023\/08\/localsearch-300x200.png 300w, https:\/\/wir-lernen-weiter.ch\/wp-content\/uploads\/2023\/08\/localsearch-768x511.png 768w, https:\/\/wir-lernen-weiter.ch\/wp-content\/uploads\/2023\/08\/localsearch-50x33.png 50w, https:\/\/wir-lernen-weiter.ch\/wp-content\/uploads\/2023\/08\/localsearch-18x12.png 18w, https:\/\/wir-lernen-weiter.ch\/wp-content\/uploads\/2023\/08\/localsearch.png 1082w\" sizes=\"(max-width: 1024px) 100vw, 1024px\" \/><\/figure>\n\n\n\n<figure class=\"wp-block-image size-large\"><img decoding=\"async\" width=\"1024\" height=\"679\" data-id=\"4589\" src=\"https:\/\/wir-lernen-weiter.ch\/wp-content\/uploads\/2023\/08\/dplan-1024x679.png?wsr\" alt=\"\" class=\"wp-image-4589\" srcset=\"https:\/\/wir-lernen-weiter.ch\/wp-content\/uploads\/2023\/08\/dplan-1024x679.png 1024w, https:\/\/wir-lernen-weiter.ch\/wp-content\/uploads\/2023\/08\/dplan-300x199.png 300w, https:\/\/wir-lernen-weiter.ch\/wp-content\/uploads\/2023\/08\/dplan-768x509.png 768w, https:\/\/wir-lernen-weiter.ch\/wp-content\/uploads\/2023\/08\/dplan-50x33.png 50w, https:\/\/wir-lernen-weiter.ch\/wp-content\/uploads\/2023\/08\/dplan-18x12.png 18w, https:\/\/wir-lernen-weiter.ch\/wp-content\/uploads\/2023\/08\/dplan.png 1086w\" sizes=\"(max-width: 1024px) 100vw, 1024px\" \/><\/figure>\n\n\n\n<figure class=\"wp-block-image size-large\"><img decoding=\"async\" width=\"843\" height=\"560\" data-id=\"4588\" src=\"https:\/\/wir-lernen-weiter.ch\/wp-content\/uploads\/2023\/08\/Rothschild.png\" alt=\"\" class=\"wp-image-4588\" srcset=\"https:\/\/wir-lernen-weiter.ch\/wp-content\/uploads\/2023\/08\/Rothschild.png 843w, https:\/\/wir-lernen-weiter.ch\/wp-content\/uploads\/2023\/08\/Rothschild-300x199.png 300w, https:\/\/wir-lernen-weiter.ch\/wp-content\/uploads\/2023\/08\/Rothschild-768x510.png 768w, https:\/\/wir-lernen-weiter.ch\/wp-content\/uploads\/2023\/08\/Rothschild-50x33.png 50w, https:\/\/wir-lernen-weiter.ch\/wp-content\/uploads\/2023\/08\/Rothschild-18x12.png 18w\" sizes=\"(max-width: 843px) 100vw, 843px\" \/><\/figure>\n<\/figure>\n\n\n\n<hr class=\"wp-block-separator has-alpha-channel-opacity\"\/>\n\n\n\n<p class=\"wp-block-ht-blocks-messages wp-block-hb-message wp-block-hb-message--withicon is-style-info\"><strong>\ud83d\udc69\ud83c\udffc\u200d\ud83d\udd27 Partenaires op\u00e9rationnels<\/strong><br><br>Notre infrastructure et tous les processus logistiques ne seraient pas possibles sans des partenaires \u00e9conomiques solides. <\/p>\n\n\n\n<div class=\"wp-block-columns alignwide is-layout-flex wp-container-core-columns-is-layout-d0b3c9c8 wp-block-columns-is-layout-flex\">\n<div class=\"wp-block-column is-layout-flow wp-block-column-is-layout-flow\" style=\"--col-width:33.34%;flex-basis:33.34%\"><div class=\"wp-block-image tw-mt-2 is-style-default\">\n<figure class=\"aligncenter size-large is-resized\"><a href=\"https:\/\/www.linkyard.ch\/de\/\"><img decoding=\"async\" width=\"670\" height=\"200\" src=\"https:\/\/wir-lernen-weiter.ch\/wp-content\/uploads\/2020\/07\/Partner_01.04.2020.png\" alt=\"\" class=\"wp-image-509\" style=\"width:296px;height:88px\" srcset=\"https:\/\/wir-lernen-weiter.ch\/wp-content\/uploads\/2020\/07\/Partner_01.04.2020.png 670w, https:\/\/wir-lernen-weiter.ch\/wp-content\/uploads\/2020\/07\/Partner_01.04.2020-300x90.png 300w\" sizes=\"(max-width: 670px) 100vw, 670px\" \/><\/a><\/figure>\n<\/div><\/div>\n\n\n\n<div class=\"wp-block-column is-layout-flow wp-block-column-is-layout-flow\" style=\"--col-width:33.34%;flex-basis:33.34%\"><div class=\"wp-block-image tw-mt-0 is-style-default\">\n<figure class=\"aligncenter size-large\"><a href=\"https:\/\/www.quali-night.ch\/de\"><img decoding=\"async\" width=\"300\" height=\"136\" src=\"https:\/\/wir-lernen-weiter.ch\/wp-content\/uploads\/2021\/03\/qualinight.png\" alt=\"\" class=\"wp-image-1387\"\/><\/a><\/figure>\n<\/div><\/div>\n\n\n\n<div class=\"wp-block-column is-layout-flow wp-block-column-is-layout-flow\" style=\"--col-width:33.33%;flex-basis:33.33%\">\n<figure class=\"wp-block-image size-large tw-mt-5 is-style-default\"><a href=\"https:\/\/www.cyberlink.ch\"><img decoding=\"async\" width=\"1024\" height=\"196\" src=\"https:\/\/wir-lernen-weiter.ch\/wp-content\/uploads\/2025\/03\/Logo_Cyberlink_pos_black-1024x196.png\" alt=\"\" class=\"wp-image-5521\" srcset=\"https:\/\/wir-lernen-weiter.ch\/wp-content\/uploads\/2025\/03\/Logo_Cyberlink_pos_black-1024x196.png 1024w, https:\/\/wir-lernen-weiter.ch\/wp-content\/uploads\/2025\/03\/Logo_Cyberlink_pos_black-300x57.png 300w, https:\/\/wir-lernen-weiter.ch\/wp-content\/uploads\/2025\/03\/Logo_Cyberlink_pos_black-768x147.png 768w, https:\/\/wir-lernen-weiter.ch\/wp-content\/uploads\/2025\/03\/Logo_Cyberlink_pos_black-50x10.png 50w, https:\/\/wir-lernen-weiter.ch\/wp-content\/uploads\/2025\/03\/Logo_Cyberlink_pos_black-1536x293.png 1536w, https:\/\/wir-lernen-weiter.ch\/wp-content\/uploads\/2025\/03\/Logo_Cyberlink_pos_black-2048x391.png 2048w, https:\/\/wir-lernen-weiter.ch\/wp-content\/uploads\/2025\/03\/Logo_Cyberlink_pos_black-18x3.png 18w, https:\/\/wir-lernen-weiter.ch\/wp-content\/uploads\/2025\/03\/Logo_Cyberlink_pos_black-1200x229.png 1200w, https:\/\/wir-lernen-weiter.ch\/wp-content\/uploads\/2025\/03\/Logo_Cyberlink_pos_black-1980x378.png 1980w\" sizes=\"(max-width: 1024px) 100vw, 1024px\" \/><\/a><\/figure>\n<\/div>\n<\/div>\n\n\n\n<hr class=\"wp-block-separator has-alpha-channel-opacity\"\/>\n\n\n\n<p class=\"wp-block-ht-blocks-messages wp-block-hb-message wp-block-hb-message--withicon is-style-alert\"><strong>\ud83c\udfdb\ufe0f Fondations<\/strong><br><br>La premi\u00e8re ann\u00e9e de l'association (2020), celle-ci ne disposait d'aucune ressource. Gr\u00e2ce \u00e0 ces porteurs de projets, nous avons pu prendre pied et mettre en place depuis lors quelque chose qui a un impact en Suisse.<\/p>\n\n\n\n<div class=\"wp-block-columns alignwide is-layout-flex wp-container-core-columns-is-layout-d0b3c9c8 wp-block-columns-is-layout-flex\">\n<div class=\"wp-block-column is-layout-flow wp-block-column-is-layout-flow\"><div class=\"wp-block-image tw-mt-0 is-style-default\">\n<figure class=\"aligncenter size-large\"><a href=\"https:\/\/walidad.ch\/\"><img decoding=\"async\" width=\"348\" height=\"145\" src=\"https:\/\/wir-lernen-weiter.ch\/wp-content\/uploads\/2021\/08\/WaliDad.png\" alt=\"\" class=\"wp-image-1766\" srcset=\"https:\/\/wir-lernen-weiter.ch\/wp-content\/uploads\/2021\/08\/WaliDad.png 348w, https:\/\/wir-lernen-weiter.ch\/wp-content\/uploads\/2021\/08\/WaliDad-300x125.png 300w\" sizes=\"(max-width: 348px) 100vw, 348px\" \/><\/a><\/figure>\n<\/div><\/div>\n\n\n\n<div class=\"wp-block-column is-layout-flow wp-block-column-is-layout-flow\"><div class=\"wp-block-image tw-mt-4 is-style-default\">\n<figure class=\"aligncenter size-large\"><a href=\"https:\/\/www.mueller-stiftung.ch\/\"><img decoding=\"async\" width=\"590\" height=\"85\" src=\"https:\/\/wir-lernen-weiter.ch\/wp-content\/uploads\/2021\/08\/Josef-Mueller-Stiftung.png\" alt=\"\" class=\"wp-image-1767\" srcset=\"https:\/\/wir-lernen-weiter.ch\/wp-content\/uploads\/2021\/08\/Josef-Mueller-Stiftung.png 590w, https:\/\/wir-lernen-weiter.ch\/wp-content\/uploads\/2021\/08\/Josef-Mueller-Stiftung-300x43.png 300w\" sizes=\"(max-width: 590px) 100vw, 590px\" \/><\/a><\/figure>\n<\/div><\/div>\n<\/div>","protected":false},"excerpt":{"rendered":"<p>Wir sind nicht allein! Viele Organisationen und Unternehmen unterst\u00fctzen unsere Arbeit jeden Tag. Auf dieser Seite findest Du heraus, wer alles schon dabei ist und wir wir unterst\u00fctzt werden.<\/p>","protected":false},"author":6,"featured_media":0,"parent":0,"menu_order":0,"comment_status":"closed","ping_status":"closed","template":"","meta":{"iawp_total_views":19,"footnotes":""},"class_list":["post-174","page","type-page","status-publish","hentry"],"_links":{"self":[{"href":"https:\/\/wir-lernen-weiter.ch\/fr\/wp-json\/wp\/v2\/pages\/174","targetHints":{"allow":["GET"]}}],"collection":[{"href":"https:\/\/wir-lernen-weiter.ch\/fr\/wp-json\/wp\/v2\/pages"}],"about":[{"href":"https:\/\/wir-lernen-weiter.ch\/fr\/wp-json\/wp\/v2\/types\/page"}],"author":[{"embeddable":true,"href":"https:\/\/wir-lernen-weiter.ch\/fr\/wp-json\/wp\/v2\/users\/6"}],"replies":[{"embeddable":true,"href":"https:\/\/wir-lernen-weiter.ch\/fr\/wp-json\/wp\/v2\/comments?post=174"}],"version-history":[{"count":0,"href":"https:\/\/wir-lernen-weiter.ch\/fr\/wp-json\/wp\/v2\/pages\/174\/revisions"}],"wp:attachment":[{"href":"https:\/\/wir-lernen-weiter.ch\/fr\/wp-json\/wp\/v2\/media?parent=174"}],"curies":[{"name":"wp","href":"https:\/\/api.w.org\/{rel}","templated":true}]}}