{"id":1445,"date":"2021-04-11T11:14:40","date_gmt":"2021-04-11T11:14:40","guid":{"rendered":"https:\/\/wir-lernen-weiter.ch\/?page_id=1445"},"modified":"2026-04-11T16:12:20","modified_gmt":"2026-04-11T15:12:20","slug":"hilfe","status":"publish","type":"page","link":"https:\/\/wir-lernen-weiter.ch\/fr\/hilfe\/","title":{"rendered":"Aide"},"content":{"rendered":"<div class=\"wp-block-media-text alignwide is-stacked-on-mobile is-style-tw-shadow\"><figure class=\"wp-block-media-text__media\"><img decoding=\"async\" src=\"https:\/\/wir-lernen-weiter.ch\/wp-content\/uploads\/2024\/04\/DSC_3823.jpg\" alt=\"\" class=\"wp-image-5122 size-full\"\/><\/figure><div class=\"wp-block-media-text__content\">\n<p class=\"has-large-font-size\"><strong>Tu fais la queue ? <\/strong><\/p>\n\n\n\n<p>Nous nous ferons un plaisir de t'aider. <\/p>\n\n\n\n<p>Consulte notre wiki, regarde notre vid\u00e9o d'instructions ou \u00e9cris-nous sur WhatsApp !<\/p>\n<\/div><\/div>\n\n\n\n<p class=\"wp-block-ht-blocks-messages wp-block-hb-message wp-block-hb-message--withicon\"><strong> \ud83d\ude4b\ud83c\udffc Assistance WhatsApp<\/strong><br><br>Il suffit de nous \u00e9crire directement sur Whatsapp \u00e0 : \ud83d\udcde <strong>+41 56 521 30 49<\/strong><br><br>Le support ici est gratuit et nous te r\u00e9pondons en g\u00e9n\u00e9ral tr\u00e8s rapidement. <br><br>Important : communique-nous \u00e0 chaque fois les informations suivantes :<br><br>- <strong>Num\u00e9ro WLW<\/strong> de ton ordinateur portable (WLW-xxxx, au dos)<br>- <strong>Probl\u00e8me pr\u00e9cis :<\/strong> dans le meilleur des cas, avec des vid\u00e9os\/images<br>- <strong>Depuis quand le probl\u00e8me existe-t-il ?<\/strong>quelque chose de sp\u00e9cial a \u00e9t\u00e9 fait, etc.<br><br><a href=\"https:\/\/wa.me\/41565213049\/?text=Hallo!%20Ich%20habe%20ein%20Problem%20mit%20meinem%20Laptop.%0A%0AGer%C3%A4te-Nummer%3A%20WLW-xxxx%0A%0AProblem%3A%20-%0A%0ASeit%3A%20-\"><strong>\u00c9crire sur Whatsapp maintenant<\/strong><\/a><br><\/p>\n\n\n\n<p class=\"wp-block-ht-blocks-messages wp-block-hb-message wp-block-hb-message--withicon is-style-success\"><strong>\ud83d\udcd6 wLw-Wiki<\/strong><br><br>Le wiki contient une s\u00e9lection de diff\u00e9rents guides sur les questions les plus fr\u00e9quentes et peut aider tr\u00e8s loin dans de nombreux cas.<br><br><a href=\"https:\/\/wir-lernen-weiter.ch\/fr\/article-categories\/unsere-gerate\/\" data-type=\"ht_kb_category\" data-id=\"42\"><strong>Vers le wiki<\/strong><\/a><\/p>\n\n\n\n<p class=\"wp-block-ht-blocks-messages wp-block-hb-message wp-block-hb-message--withicon\"><strong>\ud83d\udcfa YouTube<\/strong><br><br>Pour Zorin OS, nous avons quelques vid\u00e9os d'instructions sur YouTube qui t'aideront certainement \u00e0 l'utiliser.<br><br><a href=\"https:\/\/www.youtube.com\/watch?v=ZhbzFZbDY7I&amp;list=PL4_sJgHkZXBP0X9hykhUtkhOT3VfX_MII&amp;pp=gAQB\"><strong>Vers la playlist YouTube<\/strong><\/a><\/p>\n\n\n\n<p><\/p>","protected":false},"excerpt":{"rendered":"<p>Du stehst an? Wir helfen Dir gerne weiter. Schlage in unserem Wiki nach, schaue unsere Anleitungsvideo oder schreib uns in WhatsApp an!<\/p>","protected":false},"author":6,"featured_media":0,"parent":0,"menu_order":0,"comment_status":"closed","ping_status":"closed","template":"","meta":{"iawp_total_views":41,"footnotes":""},"class_list":["post-1445","page","type-page","status-publish","hentry"],"_links":{"self":[{"href":"https:\/\/wir-lernen-weiter.ch\/fr\/wp-json\/wp\/v2\/pages\/1445","targetHints":{"allow":["GET"]}}],"collection":[{"href":"https:\/\/wir-lernen-weiter.ch\/fr\/wp-json\/wp\/v2\/pages"}],"about":[{"href":"https:\/\/wir-lernen-weiter.ch\/fr\/wp-json\/wp\/v2\/types\/page"}],"author":[{"embeddable":true,"href":"https:\/\/wir-lernen-weiter.ch\/fr\/wp-json\/wp\/v2\/users\/6"}],"replies":[{"embeddable":true,"href":"https:\/\/wir-lernen-weiter.ch\/fr\/wp-json\/wp\/v2\/comments?post=1445"}],"version-history":[{"count":0,"href":"https:\/\/wir-lernen-weiter.ch\/fr\/wp-json\/wp\/v2\/pages\/1445\/revisions"}],"wp:attachment":[{"href":"https:\/\/wir-lernen-weiter.ch\/fr\/wp-json\/wp\/v2\/media?parent=1445"}],"curies":[{"name":"wp","href":"https:\/\/api.w.org\/{rel}","templated":true}]}}