{"id":636,"date":"2020-08-24T20:31:41","date_gmt":"2020-08-24T20:31:41","guid":{"rendered":"https:\/\/wir-lernen-weiter.ch\/?page_id=636"},"modified":"2026-05-12T07:38:52","modified_gmt":"2026-05-12T06:38:52","slug":"unser-verein","status":"publish","type":"page","link":"https:\/\/wir-lernen-weiter.ch\/en\/unser-verein\/","title":{"rendered":"Our association"},"content":{"rendered":"<div class=\"wp-block-media-text alignwide is-stacked-on-mobile is-style-tw-shadow\"><figure class=\"wp-block-media-text__media\"><img decoding=\"async\" width=\"1024\" height=\"683\" src=\"https:\/\/wir-lernen-weiter.ch\/wp-content\/uploads\/2025\/05\/FINAL-ZF200400-1024x683.jpg\" alt=\"\" class=\"wp-image-5663 size-full\" srcset=\"https:\/\/wir-lernen-weiter.ch\/wp-content\/uploads\/2025\/05\/FINAL-ZF200400-1024x683.jpg 1024w, https:\/\/wir-lernen-weiter.ch\/wp-content\/uploads\/2025\/05\/FINAL-ZF200400-300x200.jpg 300w, https:\/\/wir-lernen-weiter.ch\/wp-content\/uploads\/2025\/05\/FINAL-ZF200400-768x512.jpg 768w, https:\/\/wir-lernen-weiter.ch\/wp-content\/uploads\/2025\/05\/FINAL-ZF200400-50x33.jpg 50w, https:\/\/wir-lernen-weiter.ch\/wp-content\/uploads\/2025\/05\/FINAL-ZF200400-1536x1024.jpg 1536w, https:\/\/wir-lernen-weiter.ch\/wp-content\/uploads\/2025\/05\/FINAL-ZF200400-2048x1366.jpg 2048w, https:\/\/wir-lernen-weiter.ch\/wp-content\/uploads\/2025\/05\/FINAL-ZF200400-18x12.jpg 18w, https:\/\/wir-lernen-weiter.ch\/wp-content\/uploads\/2025\/05\/FINAL-ZF200400-1200x800.jpg 1200w, https:\/\/wir-lernen-weiter.ch\/wp-content\/uploads\/2025\/05\/FINAL-ZF200400-1980x1320.jpg 1980w\" sizes=\"(max-width: 1024px) 100vw, 1024px\" \/><\/figure><div class=\"wp-block-media-text__content\">\n<p class=\"has-large-font-size\"><strong>A lot of will for one goal<\/strong>!<\/p>\n\n\n\n<p>Every member of the association stands behind our important work.<\/p>\n\n\n\n<p>But to change something, you need action instead of words. You can find out how we do this here.<\/p>\n<\/div><\/div>\n\n\n\n<h2 class=\"wp-block-heading has-text-align-center\">How our organisation works<\/h2>\n\n\n\n<p class=\"wp-block-ht-blocks-messages wp-block-hb-message wp-block-hb-message--withicon\">The individual building blocks that make up our association are explained below. Click on a point to find out more.<\/p>\n\n\n\n<div class=\"wp-block-ht-blocks-accordion wp-block-hb-accordion\"><div class=\"wp-block-hb-accordion__section\" data-ht-blocks-accordion-block-state=\"closed\"><div class=\"wp-block-hb-accordion__title\"><span>Members<\/span><\/div><div class=\"wp-block-hb-accordion__content\"><div class=\"wp-block-hb-accordion__contentwrap\">Any natural person in Switzerland can become a member of the association. New members are admitted at the annual general meeting (GM).<\/div><\/div><\/div><div class=\"wp-block-hb-accordion__section\" data-ht-blocks-accordion-block-state=\"closed\"><div class=\"wp-block-hb-accordion__title\"><span>General Assembly<\/span><\/div><div class=\"wp-block-hb-accordion__content\"><div class=\"wp-block-hb-accordion__contentwrap\">It is the supreme body of the organisation. Once a year, it decides on accounts, budgets and much more. All members are entitled to vote<\/div><\/div><\/div><div class=\"wp-block-hb-accordion__section\" data-ht-blocks-accordion-block-state=\"closed\"><div class=\"wp-block-hb-accordion__title\"><span>Board of Directors<\/span><\/div><div class=\"wp-block-hb-accordion__content\"><div class=\"wp-block-hb-accordion__contentwrap\">Board members are elected for one year at the AGM. Any member of the Association may become a member of the Board.<br><br>Unser Vorstand besteht aus Beat Habegger, Dalia Sch\u00e4r und Daniel Rotzetter.<br><br><\/div><\/div><\/div><div class=\"wp-block-hb-accordion__section\" data-ht-blocks-accordion-block-state=\"closed\"><div class=\"wp-block-hb-accordion__title\"><span>(Co-)Presidium<\/span><\/div><div class=\"wp-block-hb-accordion__content\"><div class=\"wp-block-hb-accordion__contentwrap\">Das Pr\u00e4sidium ist eine vorstandsinterne Stelle, die das oberste F\u00fchrungsorgan des Vereins bildet. Ins Pr\u00e4sidium gew\u00e4hlt werden kann jedes Vorstandsmitglied. Seit 2021 wird das Pr\u00e4sidialamt im Co-Pr\u00e4sidium gef\u00fchrt. <br><br>Das Co-Pr\u00e4sidium besteht aus Beat Habegger und Dalia Sch\u00e4r.<\/div><\/div><\/div><div class=\"wp-block-hb-accordion__section\" data-ht-blocks-accordion-block-state=\"closed\"><div class=\"wp-block-hb-accordion__title\"><span>Management<\/span><\/div><div class=\"wp-block-hb-accordion__content\"><div class=\"wp-block-hb-accordion__contentwrap\">Represents the concerns of the operational team to the Executive Board and translates strategic goals into operational work. There is only one Managing Director.<br><br>The extended management team includes members of the operational team who are responsible for one or more business-critical areas of the operational team.<br><\/div><\/div><\/div><div class=\"wp-block-hb-accordion__section\" data-ht-blocks-accordion-block-state=\"closed\"><div class=\"wp-block-hb-accordion__title\"><span>Operational team<\/span><\/div><div class=\"wp-block-hb-accordion__content\"><div class=\"wp-block-hb-accordion__contentwrap\">The operational team consists of all association employees and is led by the management. A lot is done here every day in various areas of responsibility to ensure that our organisation can work effectively.<br><br>The association's work would no longer be possible on a purely voluntary basis. We invest a great deal in the transparency of this work, for example with a full <a href=\"https:\/\/wir-lernen-weiter.ch\/en\/knowledge-base\/arbeitsverhaeltnisse\/\" data-type=\"ht_kb\" data-id=\"2906\">Wage transparency<\/a>.<\/div><\/div><\/div><\/div>\n\n\n\n<p class=\"wp-block-ht-blocks-messages wp-block-hb-message wp-block-hb-message--withicon\"><strong>\ud83d\ude4b\ud83c\udffc Want more? <\/strong><br><br>In the wiki area \u00ab<a href=\"https:\/\/wir-lernen-weiter.ch\/en\/unsere-arbeit\/\" data-type=\"page\" data-id=\"5154\"><strong>Our work<\/strong><\/a>\u00bb you will find lots of information on how our operational team works on a daily basis and how we make a difference throughout Switzerland.<\/p>\n\n\n\n<div style=\"height:35px\" aria-hidden=\"true\" class=\"wp-block-spacer\"><\/div>\n\n\n\n<h2 class=\"wp-block-heading has-text-align-center\">The history of the organisation<\/h2>\n\n\n\n<figure class=\"wp-block-embed is-type-video is-provider-youtube wp-block-embed-youtube wp-embed-aspect-16-9 wp-has-aspect-ratio\"><div class=\"wp-block-embed__wrapper\">\n<iframe title=\"The story of Wir lernen weiter \ud83e\udd70\" width=\"800\" height=\"450\" src=\"https:\/\/www.youtube.com\/embed\/Io3BLK3l-uM?feature=oembed\" frameborder=\"0\" allow=\"accelerometer; autoplay; clipboard-write; encrypted-media; gyroscope; picture-in-picture; web-share\" referrerpolicy=\"strict-origin-when-cross-origin\" allowfullscreen><\/iframe>\n<\/div><\/figure>\n\n\n\n<div style=\"height:35px\" aria-hidden=\"true\" class=\"wp-block-spacer\"><\/div>\n\n\n\n<h2 class=\"wp-block-heading has-text-align-center\">Documents<\/h2>\n\n\n\n<div class=\"wp-block-file\"><a id=\"wp-block-file--media-64a77136-61bd-44c0-8c48-f97ecef4187a\" href=\"https:\/\/wir-lernen-weiter.ch\/wp-content\/uploads\/2023\/04\/Vereinsstatuten-WLW_Stand-01.04.2023.pdf\">Association statutes wLw_status 01.04.2023<\/a><a href=\"https:\/\/wir-lernen-weiter.ch\/wp-content\/uploads\/2023\/04\/Vereinsstatuten-WLW_Stand-01.04.2023.pdf\" class=\"wp-block-file__button wp-element-button\" download aria-describedby=\"wp-block-file--media-64a77136-61bd-44c0-8c48-f97ecef4187a\">Download<\/a><\/div>\n\n\n\n<div class=\"wp-block-file\"><a id=\"wp-block-file--media-e535883a-9a08-41ff-a94e-06fad97375b9\" href=\"https:\/\/wir-lernen-weiter.ch\/wp-content\/uploads\/2025\/05\/231117_Verfuegung-Steuerbefreiung.pdf\">Currently valid tax exemption Kt AG<\/a><a href=\"https:\/\/wir-lernen-weiter.ch\/wp-content\/uploads\/2025\/05\/231117_Verfuegung-Steuerbefreiung.pdf\" class=\"wp-block-file__button wp-element-button\" download aria-describedby=\"wp-block-file--media-e535883a-9a08-41ff-a94e-06fad97375b9\">Download<\/a><\/div>","protected":false},"excerpt":{"rendered":"<p>Viel Wille f\u00fcr ein Ziel! Jedes Vereinsmitglied steht hinter unserer wichtigen Arbeit. Doch um was zu \u00e4ndern, ben\u00f6tigt es Taten statt Worte. Wie wir das machen, findest Du hier heraus. So funktioniert unser Verein Die Geschichte des Vereins Dokumente<\/p>","protected":false},"author":6,"featured_media":0,"parent":0,"menu_order":0,"comment_status":"closed","ping_status":"closed","template":"","meta":{"iawp_total_views":162,"footnotes":""},"class_list":["post-636","page","type-page","status-publish","hentry"],"_links":{"self":[{"href":"https:\/\/wir-lernen-weiter.ch\/en\/wp-json\/wp\/v2\/pages\/636","targetHints":{"allow":["GET"]}}],"collection":[{"href":"https:\/\/wir-lernen-weiter.ch\/en\/wp-json\/wp\/v2\/pages"}],"about":[{"href":"https:\/\/wir-lernen-weiter.ch\/en\/wp-json\/wp\/v2\/types\/page"}],"author":[{"embeddable":true,"href":"https:\/\/wir-lernen-weiter.ch\/en\/wp-json\/wp\/v2\/users\/6"}],"replies":[{"embeddable":true,"href":"https:\/\/wir-lernen-weiter.ch\/en\/wp-json\/wp\/v2\/comments?post=636"}],"version-history":[{"count":2,"href":"https:\/\/wir-lernen-weiter.ch\/en\/wp-json\/wp\/v2\/pages\/636\/revisions"}],"predecessor-version":[{"id":6860,"href":"https:\/\/wir-lernen-weiter.ch\/en\/wp-json\/wp\/v2\/pages\/636\/revisions\/6860"}],"wp:attachment":[{"href":"https:\/\/wir-lernen-weiter.ch\/en\/wp-json\/wp\/v2\/media?parent=636"}],"curies":[{"name":"wp","href":"https:\/\/api.w.org\/{rel}","templated":true}]}}