{"id":5728,"date":"2025-10-22T08:55:31","date_gmt":"2025-10-22T07:55:31","guid":{"rendered":"https:\/\/wir-lernen-weiter.ch\/?page_id=5728"},"modified":"2026-04-10T21:19:44","modified_gmt":"2026-04-10T20:19:44","slug":"laptops-caritas","status":"publish","type":"page","link":"https:\/\/wir-lernen-weiter.ch\/en\/laptops-caritas\/","title":{"rendered":"Laptops Caritas"},"content":{"rendered":"<p class=\"wp-block-ht-blocks-messages wp-block-hb-message wp-block-hb-message--withicon\">This page contains all the information and guidelines for Caritas stores that order laptops from wLw. <\/p>\n\n\n\n<hr class=\"wp-block-separator has-alpha-channel-opacity\"\/>\n\n\n\n<h2 class=\"wp-block-heading\">Marketing the laptop cover<\/h2>\n\n\n\n<p class=\"wp-block-ht-blocks-messages wp-block-hb-message wp-block-hb-message--withicon is-style-danger\">The laptop subscription may only be marketed using the flyers and other advertising materials provided. The flyer contains all necessary information.<\/p>\n\n\n\n<hr class=\"wp-block-separator has-alpha-channel-opacity\"\/>\n\n\n\n<h2 class=\"wp-block-heading\">Order process<\/h2>\n\n\n\n<h4 class=\"wp-block-heading\">1. check subscription authorisation<\/h4>\n\n\n\n<p class=\"wp-block-ht-blocks-messages wp-block-hb-message wp-block-hb-message--withicon is-style-danger\"><strong><span style=\"text-decoration: underline;\">Persons who fulfil the following criteria are eligible:<\/span><\/strong><br><br>- valid cultural licence<br>- No economic social assistance <br><\/p>\n\n\n\n<p class=\"wp-block-ht-blocks-messages wp-block-hb-message wp-block-hb-message--withicon is-style-alert\"><strong><span style=\"text-decoration: underline;\">Laptops for people on social welfare:<\/span><\/strong><br><br>In principle, people are provided with economic social assistance via the responsible municipality or organisation. This demarcation serves to prevent double payments (e.g. Caritas and municipalities) or the assumption of costs by Caritas where municipalities would actually be responsible.<br><br>This restriction can be removed regionally so that those affected can still access a device.&nbsp;<br><\/p>\n\n\n\n<p class=\"wp-block-ht-blocks-messages wp-block-hb-message wp-block-hb-message--withicon is-style-info\"><strong><span style=\"text-decoration: underline;\">The target group therefore includes the following people in particular:<\/span><\/strong><br>- Working Poors<br>- People at risk of poverty<br>- Persons with EL\/IV benefits<\/p>\n\n\n\n<div style=\"height:35px\" aria-hidden=\"true\" class=\"wp-block-spacer\"><\/div>\n\n\n\n<h4 class=\"wp-block-heading\">2. Zahlung sicherstellen <\/h4>\n\n\n\n<p>wLw charges a fixed contribution towards expenses for each laptop, which is CHF 250.00 as standard (as of February 2026). Who pays these expenses is not relevant for wLw, but it must be ensured that the expenses can be paid before an order is placed.<\/p>\n\n\n\n<p class=\"wp-block-ht-blocks-messages wp-block-hb-message wp-block-hb-message--withicon\">Due to the various payment options in the Caritas stores, no payment method is defined here. It is important that Caritas has secured funding before the laptop is ordered.<\/p>\n\n\n\n<p>wLw issues invoices for purchased laptops directly to the RCOs one week after dispatch.<\/p>\n\n\n\n<p class=\"wp-block-ht-blocks-messages wp-block-hb-message wp-block-hb-message--withicon is-style-danger\">Even if a recipient pays the expenses themselves, the RCOs are liable for the timely transfer. <\/p>\n\n\n\n<div style=\"height:35px\" aria-hidden=\"true\" class=\"wp-block-spacer\"><\/div>\n\n\n\n<h4 class=\"wp-block-heading\">3. Laptop auf Service Desk bestellen&#187;<\/h4>\n\n\n\n<p>This process is based on the standardised processes at wLw. <\/p>\n\n\n\n<p>The instructions can be found here: <a href=\"https:\/\/wir-lernen-weiter.ch\/en\/knowledge-base\/laptops-bestellen\/\" data-type=\"ht_kb\" data-id=\"2944\"><strong>Order laptops<\/strong><\/a><\/p>\n\n\n\n<div style=\"height:35px\" aria-hidden=\"true\" class=\"wp-block-spacer\"><\/div>\n\n\n\n<h4 class=\"wp-block-heading\">4. handover \/ finalisation<\/h4>\n\n\n\n<p class=\"wp-block-ht-blocks-messages wp-block-hb-message wp-block-hb-message--withicon is-style-info\">wLw despatches devices every fortnight. The expected dispatch date is communicated when the order is placed. <\/p>\n\n\n\n<p>The laptops are delivered in a package that contains a suitable charging cable as well as a flyer that points out the support options offered by wLw.<\/p>\n\n\n\n<p>If several orders are placed in the same week for the same location, wLw will dispatch these devices together. In this case, all devices and charging cables are labelled accordingly so that allocation can be ensured.<\/p>\n\n\n\n<hr class=\"wp-block-separator has-alpha-channel-opacity\"\/>\n\n\n\n<h3 class=\"wp-block-heading\">Support for wLw devices<\/h3>\n\n\n\n<p class=\"wp-block-ht-blocks-messages wp-block-hb-message wp-block-hb-message--withicon is-style-danger\">If there are any problems with a delivered laptop or if there are any actual defects, the client must <strong>always directly with wLw<\/strong> via the team's free Whatsapp support.<\/p>\n\n\n\n<p>All information, resources and assistance can be found here: <a href=\"https:\/\/wir-lernen-weiter.ch\/en\/hilfe\/\" data-type=\"page\" data-id=\"1445\"><strong>Help portal<\/strong><\/a><\/p>\n\n\n\n<h3 class=\"wp-block-heading\">For general questions or problems<\/h3>\n\n\n\n<p>wLw relies on good communication between partners and the ordering organisation. Please pass on any problems and\/or questions promptly so that wLw can provide targeted help. Open communication is important for co-operation.<\/p>\n\n\n\n<p><strong><a href=\"mailto:kontakt@wir-lernen-weiter.ch\">kontakt@wir-lernen-weiter.ch<\/a> | +41 56 521 30 49<\/strong><\/p>\n\n\n\n<p><\/p>","protected":false},"excerpt":{"rendered":"<p>Vermarktung des Laptop-Bezuges Bestellprozess 1. Bezugsberechtigung pr\u00fcfen 2. Zahlung sicherstellen wLw verrechnet f\u00fcr jeden Laptop einen fixen Unkostenbeitrag, welcher standardm\u00e4ssig (Stand Februar 2026) CHF 250.- betr\u00e4gt. Wer diese Unkostenbeitr\u00e4ge bezahlt, ist f\u00fcr wLw nicht relevant, allerdings muss vor einer Bestellung sichergestellt werden, dass die Unkostenbeitr\u00e4ge bezahlt werden k\u00f6nnen. Die Rechnungen f\u00fcr bezogene Laptops stellt wLw&hellip;<\/p>","protected":false},"author":6,"featured_media":0,"parent":0,"menu_order":0,"comment_status":"closed","ping_status":"closed","template":"","meta":{"iawp_total_views":0,"footnotes":""},"class_list":["post-5728","page","type-page","status-publish","hentry"],"_links":{"self":[{"href":"https:\/\/wir-lernen-weiter.ch\/en\/wp-json\/wp\/v2\/pages\/5728","targetHints":{"allow":["GET"]}}],"collection":[{"href":"https:\/\/wir-lernen-weiter.ch\/en\/wp-json\/wp\/v2\/pages"}],"about":[{"href":"https:\/\/wir-lernen-weiter.ch\/en\/wp-json\/wp\/v2\/types\/page"}],"author":[{"embeddable":true,"href":"https:\/\/wir-lernen-weiter.ch\/en\/wp-json\/wp\/v2\/users\/6"}],"replies":[{"embeddable":true,"href":"https:\/\/wir-lernen-weiter.ch\/en\/wp-json\/wp\/v2\/comments?post=5728"}],"version-history":[{"count":0,"href":"https:\/\/wir-lernen-weiter.ch\/en\/wp-json\/wp\/v2\/pages\/5728\/revisions"}],"wp:attachment":[{"href":"https:\/\/wir-lernen-weiter.ch\/en\/wp-json\/wp\/v2\/media?parent=5728"}],"curies":[{"name":"wp","href":"https:\/\/api.w.org\/{rel}","templated":true}]}}