{"id":5154,"date":"2024-04-16T07:55:25","date_gmt":"2024-04-16T06:55:25","guid":{"rendered":"https:\/\/wir-lernen-weiter.ch\/?page_id=5154"},"modified":"2026-04-16T15:31:08","modified_gmt":"2026-04-16T14:31:08","slug":"unsere-arbeit","status":"publish","type":"page","link":"https:\/\/wir-lernen-weiter.ch\/en\/unsere-arbeit\/","title":{"rendered":"Our work"},"content":{"rendered":"<div class=\"wp-block-media-text alignwide is-stacked-on-mobile is-style-tw-shadow\"><figure class=\"wp-block-media-text__media\"><img decoding=\"async\" width=\"1024\" height=\"683\" src=\"https:\/\/wir-lernen-weiter.ch\/wp-content\/uploads\/2024\/04\/DSC_9340-1024x683.jpg\" alt=\"\" class=\"wp-image-5155 size-full\" srcset=\"https:\/\/wir-lernen-weiter.ch\/wp-content\/uploads\/2024\/04\/DSC_9340-1024x683.jpg 1024w, https:\/\/wir-lernen-weiter.ch\/wp-content\/uploads\/2024\/04\/DSC_9340-300x200.jpg 300w, https:\/\/wir-lernen-weiter.ch\/wp-content\/uploads\/2024\/04\/DSC_9340-768x512.jpg 768w, https:\/\/wir-lernen-weiter.ch\/wp-content\/uploads\/2024\/04\/DSC_9340-50x33.jpg 50w, https:\/\/wir-lernen-weiter.ch\/wp-content\/uploads\/2024\/04\/DSC_9340-1536x1024.jpg 1536w, https:\/\/wir-lernen-weiter.ch\/wp-content\/uploads\/2024\/04\/DSC_9340-2048x1365.jpg 2048w, https:\/\/wir-lernen-weiter.ch\/wp-content\/uploads\/2024\/04\/DSC_9340-18x12.jpg 18w, https:\/\/wir-lernen-weiter.ch\/wp-content\/uploads\/2024\/04\/DSC_9340-1200x800.jpg 1200w, https:\/\/wir-lernen-weiter.ch\/wp-content\/uploads\/2024\/04\/DSC_9340-1980x1320.jpg 1980w\" sizes=\"(max-width: 1024px) 100vw, 1024px\" \/><\/figure><div class=\"wp-block-media-text__content\">\n<p class=\"has-large-font-size\"><strong>Laptops for everyone!<\/strong><\/p>\n\n\n\n<p>Our organisation collects laptops throughout Switzerland, refurbishes them professionally and then passes them on to people living in poverty in Switzerland. <\/p>\n\n\n\n<p>You can find out what we do every day and how we work here.<\/p>\n<\/div><\/div>\n\n\n\n<h2 class=\"wp-block-heading has-text-align-center\">Very briefly<\/h2>\n\n\n\n<p class=\"wp-block-ht-blocks-messages wp-block-hb-message wp-block-hb-message--withicon\"><strong>\ud83d\ude9b 1. collect laptops<\/strong><br><br>We collect unused laptops throughout Switzerland. We often receive these devices from companies that want to support something good in Switzerland and at the same time want the devices to be processed professionally and free of charge. <br><br><a href=\"https:\/\/wir-lernen-weiter.ch\/en\/knowledge-base\/laptops-sammeln\/\" data-type=\"ht_kb\" data-id=\"6256\"><strong>More info<\/strong><\/a><\/p>\n\n\n\n<p class=\"wp-block-ht-blocks-messages wp-block-hb-message wp-block-hb-message--withicon\"><strong>\ud83e\uddf0 2. refurbish laptops<\/strong><br><br>As soon as we receive the devices, they are cleared of any data: either by deleting or destroying the data carriers. This is done using certified processes and procedures. Laptops are also repaired here.<br><br><strong><a href=\"https:\/\/wir-lernen-weiter.ch\/en\/knowledge-base\/laptops-aufbereiten\/\" data-type=\"ht_kb\" data-id=\"6261\">More info<\/a><\/strong><\/p>\n\n\n\n<p class=\"wp-block-ht-blocks-messages wp-block-hb-message wp-block-hb-message--withicon\"><strong>\ud83c\udf81 3. pass on laptops<\/strong><br><br>Our devices go exclusively to people living in poverty in our country. As we do not know who is poor and who is not, we work together with many partners (e.g. social services). They order devices from us, which we then send all over Switzerland.<br><br><a href=\"https:\/\/wir-lernen-weiter.ch\/en\/knowledge-base\/laptops-weitergeben\/\" data-type=\"ht_kb\" data-id=\"6263\"><strong>More info<\/strong><\/a><\/p>\n\n\n\n<p class=\"wp-block-ht-blocks-messages wp-block-hb-message wp-block-hb-message--withicon is-style-info\"><strong>\ud83d\ude4b\ud83c\udffc 4. Support and accompanying work<\/strong> (optional)<br><br>Now that a laptop has been delivered, our work is not quite finished. If help is needed, we are happy to help.<br><br><a href=\"https:\/\/wir-lernen-weiter.ch\/en\/hilfe\/\" data-type=\"page\" data-id=\"1445\"><strong>To the help page<\/strong><\/a><\/p>\n\n\n\n<div style=\"height:35px\" aria-hidden=\"true\" class=\"wp-block-spacer\"><\/div>\n\n\n\n<h2 class=\"wp-block-heading has-text-align-center\">How is the work financed?<\/h2>\n\n\n\n<p class=\"wp-block-ht-blocks-messages wp-block-hb-message wp-block-hb-message--withicon is-style-alert\"><strong>\ud83d\udcb8 No invoice is paid with thanks<\/strong><br><br>We receive a small contribution towards expenses for every laptop handed in. These contributions make up around 90% of our income. <br><br>You can also find exciting insights into our finances on the linked information page.<br><br><a href=\"https:\/\/wir-lernen-weiter.ch\/en\/knowledge-base\/finanzierung\/\" data-type=\"ht_kb\" data-id=\"6301\"><strong>More info<\/strong><\/a><br><\/p>\n\n\n\n<p class=\"wp-block-ht-blocks-messages wp-block-hb-message wp-block-hb-message--withicon is-style-info\"><strong>\ud83d\udcd6 Did you know? <\/strong><br><br>More than every 500th person in Switzerland already has one of our laptops. But we are far from finished! Around 10% of our country is affected by poverty.<\/p>\n\n\n\n<div style=\"height:35px\" aria-hidden=\"true\" class=\"wp-block-spacer\"><\/div>\n\n\n\n<h2 class=\"wp-block-heading has-text-align-center\">Why is our work necessary?<\/h2>\n\n\n\n<figure class=\"wp-block-embed is-type-video is-provider-youtube wp-block-embed-youtube wp-embed-aspect-16-9 wp-has-aspect-ratio\"><div class=\"wp-block-embed__wrapper\">\n<iframe title=\"This is &quot;Wir lernen weiter&quot; \u2764\" width=\"800\" height=\"450\" src=\"https:\/\/www.youtube.com\/embed\/kX-S5pFDEM0?feature=oembed\" frameborder=\"0\" allow=\"accelerometer; autoplay; clipboard-write; encrypted-media; gyroscope; picture-in-picture; web-share\" referrerpolicy=\"strict-origin-when-cross-origin\" allowfullscreen><\/iframe>\n<\/div><\/figure>\n\n\n\n<h2 class=\"wp-block-heading has-text-align-center\">Fancy more? <\/h2>\n\n\n\n<p class=\"wp-block-ht-blocks-messages wp-block-hb-message wp-block-hb-message--withicon\"><strong>\ud83d\udd0e Work transparently<\/strong><br><br>We are happy to direct you to the following subsections of our website, where you can browse at your leisure: <br><br>-&gt; <a href=\"https:\/\/wir-lernen-weiter.ch\/en\/wlw-wiki\/\" data-type=\"page\" data-id=\"2757\">wLw-Wiki<\/a> (really everything)<br>-&gt; <a href=\"https:\/\/wir-lernen-weiter.ch\/en\/article-categories\/vereinsjahre\/\" data-type=\"ht_kb_category\" data-id=\"49\">The association years<\/a><br>-&gt; <a href=\"https:\/\/wir-lernen-weiter.ch\/en\/unser-team\/\" data-type=\"page\" data-id=\"636\">Our operational team<\/a><br><\/p>\n\n\n\n<p><\/p>","protected":false},"excerpt":{"rendered":"<p>Laptops f\u00fcr alle! Unser Verein sammelt schweizweit Laptops, bereitet diese professionell auf und gibt sie danach gezielt an Armutsbetroffene in der Schweiz weiter. Was wir t\u00e4glich leisten und wie wir wirken, erf\u00e4hrst Du hier. Ganz kurz Wie wird die Arbeit finanziert? Warum ist unsere Arbeit n\u00f6tig? Lust auf mehr?<\/p>","protected":false},"author":6,"featured_media":0,"parent":0,"menu_order":0,"comment_status":"closed","ping_status":"closed","template":"","meta":{"iawp_total_views":29,"footnotes":""},"class_list":["post-5154","page","type-page","status-publish","hentry"],"_links":{"self":[{"href":"https:\/\/wir-lernen-weiter.ch\/en\/wp-json\/wp\/v2\/pages\/5154","targetHints":{"allow":["GET"]}}],"collection":[{"href":"https:\/\/wir-lernen-weiter.ch\/en\/wp-json\/wp\/v2\/pages"}],"about":[{"href":"https:\/\/wir-lernen-weiter.ch\/en\/wp-json\/wp\/v2\/types\/page"}],"author":[{"embeddable":true,"href":"https:\/\/wir-lernen-weiter.ch\/en\/wp-json\/wp\/v2\/users\/6"}],"replies":[{"embeddable":true,"href":"https:\/\/wir-lernen-weiter.ch\/en\/wp-json\/wp\/v2\/comments?post=5154"}],"version-history":[{"count":1,"href":"https:\/\/wir-lernen-weiter.ch\/en\/wp-json\/wp\/v2\/pages\/5154\/revisions"}],"predecessor-version":[{"id":6804,"href":"https:\/\/wir-lernen-weiter.ch\/en\/wp-json\/wp\/v2\/pages\/5154\/revisions\/6804"}],"wp:attachment":[{"href":"https:\/\/wir-lernen-weiter.ch\/en\/wp-json\/wp\/v2\/media?parent=5154"}],"curies":[{"name":"wp","href":"https:\/\/api.w.org\/{rel}","templated":true}]}}