{"id":4251,"date":"2023-04-24T07:45:58","date_gmt":"2023-04-24T06:45:58","guid":{"rendered":"https:\/\/wir-lernen-weiter.ch\/?page_id=4251"},"modified":"2026-04-16T15:27:03","modified_gmt":"2026-04-16T14:27:03","slug":"laptops-spenden","status":"publish","type":"page","link":"https:\/\/wir-lernen-weiter.ch\/en\/laptops-spenden\/","title":{"rendered":"Donate laptops"},"content":{"rendered":"<div class=\"wp-block-media-text alignwide is-stacked-on-mobile is-style-tw-shadow\"><figure class=\"wp-block-media-text__media\"><img decoding=\"async\" width=\"935\" height=\"623\" src=\"https:\/\/wir-lernen-weiter.ch\/wp-content\/uploads\/2026\/04\/2026-04-10_23-27.png\" alt=\"\" class=\"wp-image-6129 size-full\" srcset=\"https:\/\/wir-lernen-weiter.ch\/wp-content\/uploads\/2026\/04\/2026-04-10_23-27.png 935w, https:\/\/wir-lernen-weiter.ch\/wp-content\/uploads\/2026\/04\/2026-04-10_23-27-300x200.png 300w, https:\/\/wir-lernen-weiter.ch\/wp-content\/uploads\/2026\/04\/2026-04-10_23-27-768x512.png 768w, https:\/\/wir-lernen-weiter.ch\/wp-content\/uploads\/2026\/04\/2026-04-10_23-27-50x33.png 50w, https:\/\/wir-lernen-weiter.ch\/wp-content\/uploads\/2026\/04\/2026-04-10_23-27-18x12.png 18w\" sizes=\"(max-width: 935px) 100vw, 935px\" \/><\/figure><div class=\"wp-block-media-text__content\">\n<p class=\"has-large-font-size\"><strong>Safe and certified<\/strong><br><br>Anyone disposing of old devices must also be able to ensure data protection. <\/p>\n\n\n\n<p class=\"has-large-font-size\">Why not do something good for our country and save costs at the same time? We are sure that this would also be something for you!<br><\/p>\n<\/div><\/div>\n\n\n\n<h2 class=\"wp-block-heading has-text-align-center\">Help, but safely!<\/h2>\n\n\n\n<p><\/p>\n\n\n\n<p class=\"wp-block-ht-blocks-messages wp-block-hb-message wp-block-hb-message--withicon is-style-alert\"><strong>\ud83e\udd37 Did you know?<\/strong><br><br>Only a handful of organisations effectively use certified data destruction processes according to ISO\/IEC 21964. <strong>We are one of them.<\/strong><br><br>These professional services are anything but free. We can create opportunities with old hardware. One hand washes the other!<br><\/p>\n\n\n\n<div style=\"height:35px\" aria-hidden=\"true\" class=\"wp-block-spacer\"><\/div>\n\n\n\n<h2 class=\"wp-block-heading has-text-align-center\">Advantages of our dispensers<\/h2>\n\n\n\n<p class=\"wp-block-ht-blocks-messages wp-block-hb-message wp-block-hb-message--withicon\"><strong>\ud83e\uddfc Secure and traceable data erasure<\/strong><br><br>Data protection is an important concern for us. Every donated device is <a href=\"https:\/\/wir-lernen-weiter.ch\/en\/knowledge-base\/datenloeschung\/\" data-type=\"ht_kb\" data-id=\"6280\">Professional and certified<\/a> prepared by us. For each donation, we provide a complete <a href=\"https:\/\/wir-lernen-weiter.ch\/en\/knowledge-base\/audit-trail\/\" data-type=\"ht_kb\" data-id=\"5321\">Deletion documentation<\/a> delivered.<\/p>\n\n\n\n<p class=\"wp-block-ht-blocks-messages wp-block-hb-message wp-block-hb-message--withicon\"><strong>\ud83d\udcb8 Free of charge and with effect in Switzerland<\/strong><br><br>Processing by us costs nothing. In return, you can do a lot for people in our country who are not on the sunny side of life. <br><\/p>\n\n\n\n<p class=\"wp-block-ht-blocks-messages wp-block-hb-message wp-block-hb-message--withicon\"><strong>\ud83d\ude9b Little preparation and the simplest collection processes<\/strong><br><br>We collect donations of equipment from your premises or send you secure transport boxes. The accompanying processes are so simple that we are certain: You save a lot of administrative work here too.<\/p>\n\n\n\n<div style=\"height:35px\" aria-hidden=\"true\" class=\"wp-block-spacer\"><\/div>\n\n\n\n<h2 class=\"wp-block-heading has-text-align-center\">Further information<\/h2>\n\n\n\n<p class=\"wp-block-ht-blocks-messages wp-block-hb-message wp-block-hb-message--withicon is-style-alert\"><strong>\ud83d\udd0e More about our work<\/strong><br><br>We love transparency! That's why we like to refer you to our wiki area, which shows our work in full -&gt; <strong><a href=\"https:\/\/wir-lernen-weiter.ch\/en\/article-categories\/unsere-arbeit\/\" data-type=\"ht_kb_category\" data-id=\"51\">Our work<\/a><\/strong><\/p>\n\n\n\n<div style=\"height:35px\" aria-hidden=\"true\" class=\"wp-block-spacer\"><\/div>\n\n\n\n<h2 class=\"wp-block-heading has-text-align-center\">Register your donation now<\/h2>\n\n\n\n<p class=\"wp-block-ht-blocks-messages wp-block-hb-message wp-block-hb-message--withicon\"><strong>\ud83d\udee0\ufe0f Get in touch with us today! <\/strong><br><br>Our work does not work without equipment donations. We would therefore be delighted to be able to count you among our donors soon. Join us in making a difference that changes Switzerland with deeds instead of words!<br><\/p>\n\n\n\n<div class=\"wp-block-buttons is-content-justification-center is-layout-flex wp-container-core-buttons-is-layout-a89b3969 wp-block-buttons-is-layout-flex\">\n<div class=\"wp-block-button\"><a class=\"wp-block-button__link has-secondary-background-color has-background wp-element-button\" href=\"mailto:kontakt@wir-lernen-weiter.ch?subject=Laptopspende\" style=\"border-radius:6px\">Report now<\/a><\/div>\n<\/div>\n\n\n\n<p><\/p>","protected":false},"excerpt":{"rendered":"<p>Sicher und zertifiziert Wer alte Ger\u00e4te entsorgt, muss auch den Datenschutz sicherstellen k\u00f6nnen. Warum nicht zeitgleich was Gutes f\u00fcr unser Land tun und Kosten sparen? Wir sind sicher, dass das auch was f\u00fcr Euch w\u00e4re! Helfen, aber sicher! Vorteile unserer Spender Weitere Informationen Jetzt Spende anmelden<\/p>","protected":false},"author":6,"featured_media":0,"parent":0,"menu_order":0,"comment_status":"closed","ping_status":"closed","template":"","meta":{"iawp_total_views":107,"footnotes":""},"class_list":["post-4251","page","type-page","status-publish","hentry"],"_links":{"self":[{"href":"https:\/\/wir-lernen-weiter.ch\/en\/wp-json\/wp\/v2\/pages\/4251","targetHints":{"allow":["GET"]}}],"collection":[{"href":"https:\/\/wir-lernen-weiter.ch\/en\/wp-json\/wp\/v2\/pages"}],"about":[{"href":"https:\/\/wir-lernen-weiter.ch\/en\/wp-json\/wp\/v2\/types\/page"}],"author":[{"embeddable":true,"href":"https:\/\/wir-lernen-weiter.ch\/en\/wp-json\/wp\/v2\/users\/6"}],"replies":[{"embeddable":true,"href":"https:\/\/wir-lernen-weiter.ch\/en\/wp-json\/wp\/v2\/comments?post=4251"}],"version-history":[{"count":4,"href":"https:\/\/wir-lernen-weiter.ch\/en\/wp-json\/wp\/v2\/pages\/4251\/revisions"}],"predecessor-version":[{"id":6798,"href":"https:\/\/wir-lernen-weiter.ch\/en\/wp-json\/wp\/v2\/pages\/4251\/revisions\/6798"}],"wp:attachment":[{"href":"https:\/\/wir-lernen-weiter.ch\/en\/wp-json\/wp\/v2\/media?parent=4251"}],"curies":[{"name":"wp","href":"https:\/\/api.w.org\/{rel}","templated":true}]}}