{"id":4226,"date":"2023-04-24T06:45:14","date_gmt":"2023-04-24T05:45:14","guid":{"rendered":"https:\/\/wir-lernen-weiter.ch\/?page_id=4226"},"modified":"2026-04-16T15:29:34","modified_gmt":"2026-04-16T14:29:34","slug":"jetzt-helfen","status":"publish","type":"page","link":"https:\/\/wir-lernen-weiter.ch\/en\/jetzt-helfen\/","title":{"rendered":"Help now"},"content":{"rendered":"<div class=\"wp-block-media-text alignwide is-stacked-on-mobile is-style-tw-shadow has-white-background-color has-background\"><figure class=\"wp-block-media-text__media\"><img decoding=\"async\" width=\"1024\" height=\"681\" src=\"https:\/\/wir-lernen-weiter.ch\/wp-content\/uploads\/2023\/04\/DSC_2278-1024x681.jpg\" alt=\"\" class=\"wp-image-4227 size-full\" srcset=\"https:\/\/wir-lernen-weiter.ch\/wp-content\/uploads\/2023\/04\/DSC_2278-1024x681.jpg 1024w, https:\/\/wir-lernen-weiter.ch\/wp-content\/uploads\/2023\/04\/DSC_2278-300x200.jpg 300w, https:\/\/wir-lernen-weiter.ch\/wp-content\/uploads\/2023\/04\/DSC_2278-768x511.jpg 768w, https:\/\/wir-lernen-weiter.ch\/wp-content\/uploads\/2023\/04\/DSC_2278-50x33.jpg 50w, https:\/\/wir-lernen-weiter.ch\/wp-content\/uploads\/2023\/04\/DSC_2278-1536x1022.jpg 1536w, https:\/\/wir-lernen-weiter.ch\/wp-content\/uploads\/2023\/04\/DSC_2278-2048x1363.jpg 2048w, https:\/\/wir-lernen-weiter.ch\/wp-content\/uploads\/2023\/04\/DSC_2278-18x12.jpg 18w, https:\/\/wir-lernen-weiter.ch\/wp-content\/uploads\/2023\/04\/DSC_2278-1200x798.jpg 1200w, https:\/\/wir-lernen-weiter.ch\/wp-content\/uploads\/2023\/04\/DSC_2278-1980x1317.jpg 1980w, https:\/\/wir-lernen-weiter.ch\/wp-content\/uploads\/2023\/04\/DSC_2278-1320x878.jpg 1320w\" sizes=\"(max-width: 1024px) 100vw, 1024px\" \/><\/figure><div class=\"wp-block-media-text__content\">\n<p class=\"has-large-font-size\"><strong>Create impact!<\/strong><\/p>\n\n\n\n<p>We can't work without laptops, but we can be helped in various ways.<\/p>\n\n\n\n<p>Thank you for your contribution to making Switzerland more digital for everyone!<\/p>\n<\/div><\/div>\n\n\n\n<h2 class=\"wp-block-heading has-text-align-center\">For companies<\/h2>\n\n\n\n<p class=\"wp-block-ht-blocks-messages wp-block-hb-message wp-block-hb-message--withicon\"><strong>\ud83d\udcbb Donate laptops<\/strong><br><br>Make a difference in Switzerland with material that you have lying around anyway, but still needs to be professionally processed: free of charge, certified and tried and tested. <br><br>-&gt; <a href=\"https:\/\/wir-lernen-weiter.ch\/en\/laptops-spenden\/\" data-type=\"page\" data-id=\"4251\"><strong>Donate laptops<\/strong><\/a><br><\/p>\n\n\n\n<p class=\"wp-block-ht-blocks-messages wp-block-hb-message wp-block-hb-message--withicon is-style-info\"><strong>\ud83d\udcb0 Financial support<\/strong><br><br>If you can't help us with laptops, you can of course also donate money. However, we can clearly help more directly if we receive equipment. A donation receipt is issued for every donation.<br><br>-&gt; <a href=\"mailto:kontakt@wir-lernen-weiter.ch?subject=Geldspende\" data-type=\"mailto\" data-id=\"mailto:kontakt@wir-lernen-weiter.ch?subject=Geldespende\"><strong>Write a message<\/strong><\/a><\/p>\n\n\n\n<p class=\"wp-block-ht-blocks-messages wp-block-hb-message wp-block-hb-message--withicon is-style-info\"><strong>\ud83d\udde3\ufe0f Create visibility<\/strong><br><br>The history of our small organisation is worth a story. This is why we are increasingly being allowed to appear at customer events and as a social partner. This helps our visibility massively.<br><br>-&gt; <a href=\"mailto:kontakt@wir-lernen-weiter.ch?subject=Event-Anfrage\" data-type=\"mailto\" data-id=\"mailto:kontakt@wir-lernen-weiter.ch?subject=Geldespende\"><strong>Write a message<\/strong><\/a><\/p>\n\n\n\n<div style=\"height:35px\" aria-hidden=\"true\" class=\"wp-block-spacer\"><\/div>\n\n\n\n<h2 class=\"wp-block-heading has-text-align-center\">For private individuals<\/h2>\n\n\n\n<p class=\"wp-block-ht-blocks-messages wp-block-hb-message wp-block-hb-message--withicon is-style-success\"><strong>\ud83d\udd0a Tell us about us <\/strong><br><br>Many people do not yet know our organisation. Sometimes your word alone can remind someone of us or give them the final push to get in touch with us. <\/p>\n\n\n\n<p class=\"wp-block-ht-blocks-messages wp-block-hb-message wp-block-hb-message--withicon is-style-info\"><strong>\ud83d\udcb0 Financial support<\/strong><br><br>If you would like to send us a small donation, you are welcome to use the form below. You will receive a donation receipt for every donation.<\/p>\n\n\n\n<p class=\"wp-block-ht-blocks-messages wp-block-hb-message wp-block-hb-message--withicon is-style-alert\"><strong>\ud83e\udd37\ud83c\udffc No laptops? <\/strong><br><br>Unfortunately, we do not currently accept individual and private laptops. The effort involved is far too great and replacement material for individual devices is simply too expensive. <br><br>If you have an old machine, why not ask your friends? In most cases, you don't even have to look far to find a grateful buyer.<br><\/p>\n\n\n\n<div style=\"height:35px\" aria-hidden=\"true\" class=\"wp-block-spacer\"><\/div>\n\n\n\n<h2 class=\"wp-block-heading has-text-align-center\">Donate now<\/h2>\n\n\n\n<iframe id=\"tamaro-iframe\" allow=\"payment\" src=\"https:\/\/donate.raisenow.io\/ywkqv?analytics.channel=embed\" style=\"width: 100%; border:0\"><\/iframe>\n<script>\n  window.addEventListener(\n    'message',\n    e => {\n      const iframe = document.getElementById('tamaro-iframe')\n      if (iframe && e.origin === 'https:\/\/donate.raisenow.io') {\n        iframe.style.height = e.data.height + 'px'\n      }\n    }\n  )\n<\/script>","protected":false},"excerpt":{"rendered":"<p>Impact schaffen! Ohne Laptops k\u00f6nnen wir nicht wirken, doch man kann uns auf verschiedene Arten helfen. Danke f\u00fcr Deinen Beitrag dazu, dass die Schweiz f\u00fcr alle digitaler werden darf! F\u00fcr Unternehmen F\u00fcr Private Jetzt spenden<\/p>","protected":false},"author":6,"featured_media":0,"parent":0,"menu_order":0,"comment_status":"closed","ping_status":"closed","template":"","meta":{"iawp_total_views":182,"footnotes":""},"class_list":["post-4226","page","type-page","status-publish","hentry"],"_links":{"self":[{"href":"https:\/\/wir-lernen-weiter.ch\/en\/wp-json\/wp\/v2\/pages\/4226","targetHints":{"allow":["GET"]}}],"collection":[{"href":"https:\/\/wir-lernen-weiter.ch\/en\/wp-json\/wp\/v2\/pages"}],"about":[{"href":"https:\/\/wir-lernen-weiter.ch\/en\/wp-json\/wp\/v2\/types\/page"}],"author":[{"embeddable":true,"href":"https:\/\/wir-lernen-weiter.ch\/en\/wp-json\/wp\/v2\/users\/6"}],"replies":[{"embeddable":true,"href":"https:\/\/wir-lernen-weiter.ch\/en\/wp-json\/wp\/v2\/comments?post=4226"}],"version-history":[{"count":2,"href":"https:\/\/wir-lernen-weiter.ch\/en\/wp-json\/wp\/v2\/pages\/4226\/revisions"}],"predecessor-version":[{"id":6802,"href":"https:\/\/wir-lernen-weiter.ch\/en\/wp-json\/wp\/v2\/pages\/4226\/revisions\/6802"}],"wp:attachment":[{"href":"https:\/\/wir-lernen-weiter.ch\/en\/wp-json\/wp\/v2\/media?parent=4226"}],"curies":[{"name":"wp","href":"https:\/\/api.w.org\/{rel}","templated":true}]}}