{"id":2339,"date":"2022-03-30T09:47:30","date_gmt":"2022-03-30T08:47:30","guid":{"rendered":"https:\/\/wir-lernen-weiter.ch\/?page_id=2339"},"modified":"2026-04-13T20:37:37","modified_gmt":"2026-04-13T19:37:37","slug":"partnerschaften","status":"publish","type":"page","link":"https:\/\/wir-lernen-weiter.ch\/en\/partnerschaften\/","title":{"rendered":"Partnerships"},"content":{"rendered":"<div class=\"wp-block-media-text alignwide is-stacked-on-mobile is-style-tw-shadow\"><figure class=\"wp-block-media-text__media\"><img decoding=\"async\" width=\"1024\" height=\"683\" src=\"https:\/\/wir-lernen-weiter.ch\/wp-content\/uploads\/2023\/04\/DSC_6443-1024x683.jpg\" alt=\"\" class=\"wp-image-4300 size-full\" srcset=\"https:\/\/wir-lernen-weiter.ch\/wp-content\/uploads\/2023\/04\/DSC_6443-1024x683.jpg 1024w, https:\/\/wir-lernen-weiter.ch\/wp-content\/uploads\/2023\/04\/DSC_6443-300x200.jpg 300w, https:\/\/wir-lernen-weiter.ch\/wp-content\/uploads\/2023\/04\/DSC_6443-768x512.jpg 768w, https:\/\/wir-lernen-weiter.ch\/wp-content\/uploads\/2023\/04\/DSC_6443-50x33.jpg 50w, https:\/\/wir-lernen-weiter.ch\/wp-content\/uploads\/2023\/04\/DSC_6443-1536x1024.jpg 1536w, https:\/\/wir-lernen-weiter.ch\/wp-content\/uploads\/2023\/04\/DSC_6443-2048x1365.jpg 2048w, https:\/\/wir-lernen-weiter.ch\/wp-content\/uploads\/2023\/04\/DSC_6443-18x12.jpg 18w, https:\/\/wir-lernen-weiter.ch\/wp-content\/uploads\/2023\/04\/DSC_6443-1200x800.jpg 1200w, https:\/\/wir-lernen-weiter.ch\/wp-content\/uploads\/2023\/04\/DSC_6443-1980x1320.jpg 1980w, https:\/\/wir-lernen-weiter.ch\/wp-content\/uploads\/2023\/04\/DSC_6443-1320x880.jpg 1320w\" sizes=\"(max-width: 1024px) 100vw, 1024px\" \/><\/figure><div class=\"wp-block-media-text__content\">\n<p class=\"has-large-font-size\"><strong>Helping together!<\/strong><\/p>\n\n\n\n<p>You need laptops and we need to know who is effectively poor. The partnership with us makes exactly this possible. <\/p>\n\n\n\n<p>A partnership from which both sides benefit massively. Why? We explain that here.<\/p>\n<\/div><\/div>\n\n\n\n<p class=\"wp-block-ht-blocks-messages wp-block-hb-message wp-block-hb-message--withicon is-style-success\"><strong> \ud83d\udcb5 Available from us for just CHF 250:<\/strong><br><br>- Ready-to-use laptop<br>- Pre-installed programmes<br>- Clear warranty services<br>- Free support<\/p>\n\n\n\n<div class=\"wp-block-buttons is-content-justification-center is-layout-flex wp-container-core-buttons-is-layout-a89b3969 wp-block-buttons-is-layout-flex\">\n<div class=\"wp-block-button\"><a class=\"wp-block-button__link wp-element-button\" href=\"https:\/\/wir-lernen-weiter.ch\/en\/partnerschaft-beantragen\/\">Become a partner now!<\/a><\/div>\n<\/div>\n\n\n\n<div style=\"height:35px\" aria-hidden=\"true\" class=\"wp-block-spacer\"><\/div>\n\n\n\n<h2 class=\"wp-block-heading has-text-align-center\">Three clear advantages<\/h2>\n\n\n\n<p class=\"wp-block-ht-blocks-messages wp-block-hb-message wp-block-hb-message--withicon is-style-success\"><strong>\ud83d\udcca Clear costs<\/strong><br><br>Our small contribution towards costs is unbeatably low. And the best thing is that it always remains the same - no matter what requirements are placed on a device and how much support is provided. This makes budgeting much easier.<br><\/p>\n\n\n\n<p class=\"wp-block-ht-blocks-messages wp-block-hb-message wp-block-hb-message--withicon is-style-success\"><strong>\ud83d\udd0e No long search for devices<\/strong><br><br>Many schools today have specific requirements for devices. Such documents can be uploaded to the Service Desk when ordering. We will then deliver something suitable without you having to puzzle over what might fit.<\/p>\n\n\n\n<p class=\"wp-block-ht-blocks-messages wp-block-hb-message wp-block-hb-message--withicon is-style-success\"><strong>\ud83d\udc69\ud83c\udffc\u200d\ud83d\udd27 Free support for recipients<\/strong><br><br>With our WhatsApp support hotline, we can provide simple and low-threshold help - in direct dialogue with the client. In this way, we take the pressure off you as a partner and can help those seeking help extremely quickly.<\/p>\n\n\n\n<div class=\"wp-block-buttons is-content-justification-center is-layout-flex wp-container-core-buttons-is-layout-a89b3969 wp-block-buttons-is-layout-flex\">\n<div class=\"wp-block-button\"><a class=\"wp-block-button__link wp-element-button\" href=\"https:\/\/wir-lernen-weiter.ch\/en\/partnerschaft-beantragen\/\">Become a partner now!<\/a><\/div>\n<\/div>\n\n\n\n<div style=\"height:35px\" aria-hidden=\"true\" class=\"wp-block-spacer\"><\/div>\n\n\n\n<h2 class=\"wp-block-heading has-text-align-center\">Additional advantages<\/h2>\n\n\n\n<p class=\"wp-block-ht-blocks-messages wp-block-hb-message wp-block-hb-message--withicon is-style-info\"><strong>\ud83c\udde8\ud83c\udded Proven throughout Switzerland<\/strong><br><br>Over 1,100 municipalities, cantons and other organisations already work with us. Click here for an overview:<br><br><strong><a href=\"https:\/\/wir-lernen-weiter.ch\/en\/partnergemeinden\/\" data-type=\"page\" data-id=\"2139\">Partner communities <\/a>| <a href=\"https:\/\/wir-lernen-weiter.ch\/en\/partnerorganisationen\/\" data-type=\"page\" data-id=\"2132\">Partner organisations<\/a><\/strong><br><\/p>\n\n\n\n<p class=\"wp-block-ht-blocks-messages wp-block-hb-message wp-block-hb-message--withicon is-style-info\"><strong>\ud83e\udd11 Even more favourable for cycle partners<\/strong><br><br>Do we receive devices from your community? Then the contribution towards expenses is only CHF 150.- per device! <br><br>Further information can be found here -&gt; <a href=\"https:\/\/wir-lernen-weiter.ch\/en\/kreislaufpartner\/\" data-type=\"page\" data-id=\"1891\"><strong>Circulation partner<\/strong><\/a><\/p>\n\n\n\n<div style=\"height:35px\" aria-hidden=\"true\" class=\"wp-block-spacer\"><\/div>\n\n\n\n<h2 class=\"wp-block-heading has-text-align-center has-primary-color has-text-color\">Conditions<\/h2>\n\n\n\n<div class=\"wp-block-ht-blocks-accordion wp-block-hb-accordion\"><div class=\"wp-block-hb-accordion__section\" data-ht-blocks-accordion-block-state=\"closed\"><div class=\"wp-block-hb-accordion__title\"><span><strong>\ud83c\udf81 Laptops are only sent to people living in poverty.<\/strong><\/span><\/div><div class=\"wp-block-hb-accordion__content\"><div class=\"wp-block-hb-accordion__contentwrap\">As a partner, you are responsible for ensuring that this is adhered to. There must therefore be a process by which poverty is measured (e.g. payment of economic social assistance or application form with self-declaration). We are happy to help you ensure this.<br><br>It is therefore forbidden, for example, to order laptops for shared use. As a partner, you have budgeting options for this that private individuals do not have. <\/div><\/div><\/div><div class=\"wp-block-hb-accordion__section\" data-ht-blocks-accordion-block-state=\"closed\"><div class=\"wp-block-hb-accordion__title\"><span><strong>\ud83d\udcdc Laptops belong to the recipients after delivery<\/strong><\/span><\/div><div class=\"wp-block-hb-accordion__content\"><div class=\"wp-block-hb-accordion__contentwrap\">This means that the recipients can do what they want with it. <br><br>However, we clearly recommend that you as a partner sign an agreement with the recipients if, for example, clear quid pro quos are to be expected: For example, careful handling and a provision for replacement in the event of defects.<\/div><\/div><\/div><div class=\"wp-block-hb-accordion__section\" data-ht-blocks-accordion-block-state=\"closed\"><div class=\"wp-block-hb-accordion__title\"><span><strong>\ud83d\udd10 Data protection must be ensured<\/strong><\/span><\/div><div class=\"wp-block-hb-accordion__content\"><div class=\"wp-block-hb-accordion__contentwrap\">For order processing, we sometimes need to receive recipient-related data. All recipients must be informed in advance about the transfer of data. <br><br>As a rule, you will already have processes in place for this. If not, we will be happy to help you.<br><br>wLw uses the data received purely for process-related purposes and under no circumstances for marketing purposes. The data will also not be passed on.<\/div><\/div><\/div><\/div>\n\n\n\n<div style=\"height:35px\" aria-hidden=\"true\" class=\"wp-block-spacer\"><\/div>\n\n\n\n<h2 class=\"wp-block-heading has-text-align-center\">Explanatory video<\/h2>\n\n\n\n<p class=\"wp-block-ht-blocks-messages wp-block-hb-message wp-block-hb-message--withicon is-style-alert\"><strong>\ud83e\udd37 Too much text and a lot not yet clear? <\/strong><br><br>Then the following explanatory video will certainly help you.<\/p>\n\n\n\n<figure class=\"wp-block-embed is-type-video is-provider-youtube wp-block-embed-youtube wp-embed-aspect-16-9 wp-has-aspect-ratio\"><div class=\"wp-block-embed__wrapper\">\n<iframe title=\"How partnerships work at wLw!\" width=\"800\" height=\"450\" src=\"https:\/\/www.youtube.com\/embed\/PAcNjgpXQyc?feature=oembed\" frameborder=\"0\" allow=\"accelerometer; autoplay; clipboard-write; encrypted-media; gyroscope; picture-in-picture; web-share\" referrerpolicy=\"strict-origin-when-cross-origin\" allowfullscreen><\/iframe>\n<\/div><\/figure>\n\n\n\n<hr class=\"wp-block-separator has-alpha-channel-opacity\"\/>\n\n\n\n<p class=\"wp-block-ht-blocks-messages wp-block-hb-message wp-block-hb-message--withicon is-style-info\"><strong>\u2049\ufe0f Any other questions? <\/strong><br><br>Feel free to send us an e-mail!<br><br><a href=\"mailto:kontakt@wir-lernen-weiter.ch?subject=Partnerschaftsfragen\" data-type=\"mailto\" data-id=\"mailto:kontakt@wir-lernen-weiter.ch?subject=Partnerschaftsfragen\"><strong>Write mail<\/strong><\/a><\/p>","protected":false},"excerpt":{"rendered":"<p>Gemeinsam helfen! Ihr ben\u00f6tigt Laptops und wir m\u00fcssen wissen, wer effektiv arm ist. Die Partnerschaft mit uns erm\u00f6glicht genau dies. Eine Partnerschaft, von der beide Seiten massiv profitieren. Warum? Das erkl\u00e4ren wir hier. Drei klare Vorteile Zus\u00e4tzliche Vorteile Bedingungen Erkl\u00e4rvideo<\/p>","protected":false},"author":6,"featured_media":0,"parent":0,"menu_order":0,"comment_status":"closed","ping_status":"closed","template":"","meta":{"iawp_total_views":59,"footnotes":""},"class_list":["post-2339","page","type-page","status-publish","hentry"],"_links":{"self":[{"href":"https:\/\/wir-lernen-weiter.ch\/en\/wp-json\/wp\/v2\/pages\/2339","targetHints":{"allow":["GET"]}}],"collection":[{"href":"https:\/\/wir-lernen-weiter.ch\/en\/wp-json\/wp\/v2\/pages"}],"about":[{"href":"https:\/\/wir-lernen-weiter.ch\/en\/wp-json\/wp\/v2\/types\/page"}],"author":[{"embeddable":true,"href":"https:\/\/wir-lernen-weiter.ch\/en\/wp-json\/wp\/v2\/users\/6"}],"replies":[{"embeddable":true,"href":"https:\/\/wir-lernen-weiter.ch\/en\/wp-json\/wp\/v2\/comments?post=2339"}],"version-history":[{"count":0,"href":"https:\/\/wir-lernen-weiter.ch\/en\/wp-json\/wp\/v2\/pages\/2339\/revisions"}],"wp:attachment":[{"href":"https:\/\/wir-lernen-weiter.ch\/en\/wp-json\/wp\/v2\/media?parent=2339"}],"curies":[{"name":"wp","href":"https:\/\/api.w.org\/{rel}","templated":true}]}}