{"id":2336,"date":"2022-03-30T09:49:04","date_gmt":"2022-03-30T08:49:04","guid":{"rendered":"https:\/\/wir-lernen-weiter.ch\/?page_id=2336"},"modified":"2026-04-15T10:30:42","modified_gmt":"2026-04-15T09:30:42","slug":"laptops-beantragen","status":"publish","type":"page","link":"https:\/\/wir-lernen-weiter.ch\/en\/laptops-beantragen\/","title":{"rendered":"Apply for laptops"},"content":{"rendered":"<div class=\"wp-block-media-text alignwide is-stacked-on-mobile is-image-fill-element is-style-tw-shadow\" style=\"grid-template-columns:37% auto\"><figure class=\"wp-block-media-text__media\"><img decoding=\"async\" width=\"1024\" height=\"681\" src=\"https:\/\/wir-lernen-weiter.ch\/wp-content\/uploads\/2023\/01\/DSC_2189-1024x681.jpg\" alt=\"\" class=\"wp-image-3820 size-full\" style=\"object-position:100% 64%\" srcset=\"https:\/\/wir-lernen-weiter.ch\/wp-content\/uploads\/2023\/01\/DSC_2189-1024x681.jpg 1024w, https:\/\/wir-lernen-weiter.ch\/wp-content\/uploads\/2023\/01\/DSC_2189-300x200.jpg 300w, https:\/\/wir-lernen-weiter.ch\/wp-content\/uploads\/2023\/01\/DSC_2189-768x511.jpg 768w, https:\/\/wir-lernen-weiter.ch\/wp-content\/uploads\/2023\/01\/DSC_2189-50x33.jpg 50w, https:\/\/wir-lernen-weiter.ch\/wp-content\/uploads\/2023\/01\/DSC_2189-1536x1022.jpg 1536w, https:\/\/wir-lernen-weiter.ch\/wp-content\/uploads\/2023\/01\/DSC_2189-2048x1363.jpg 2048w, https:\/\/wir-lernen-weiter.ch\/wp-content\/uploads\/2023\/01\/DSC_2189-18x12.jpg 18w, https:\/\/wir-lernen-weiter.ch\/wp-content\/uploads\/2023\/01\/DSC_2189-1200x798.jpg 1200w, https:\/\/wir-lernen-weiter.ch\/wp-content\/uploads\/2023\/01\/DSC_2189-1980x1317.jpg 1980w, https:\/\/wir-lernen-weiter.ch\/wp-content\/uploads\/2023\/01\/DSC_2189-1320x878.jpg 1320w\" sizes=\"(max-width: 1024px) 100vw, 1024px\" \/><\/figure><div class=\"wp-block-media-text__content\">\n<h2 class=\"wp-block-heading\">We are happy to help!<\/h2>\n\n\n\n<p>Laptops can be ordered from our partner organisations. Many social welfare offices, cantonal authorities and aid organisations are already among them.<\/p>\n\n\n\n<p>Click on the button that matches your poverty situation and get more information about the process.<\/p>\n<\/div><\/div>\n\n\n\n<p class=\"wp-block-ht-blocks-messages wp-block-hb-message wp-block-hb-message--withicon is-style-danger\"><strong>\u26a0\ufe0f Laptop purchase is only possible via partners!<\/strong><br><br>Please adhere to the information provided. If an existing partner does not want to give you a laptop, always ask for a written reply.<br><\/p>\n\n\n\n<h2 class=\"wp-block-heading has-text-align-center\">Find the right contact point<\/h2>\n\n\n\n<div class=\"wp-block-ht-blocks-accordion wp-block-hb-accordion\"><div class=\"wp-block-hb-accordion__section\" data-ht-blocks-accordion-block-state=\"closed\"><div class=\"wp-block-hb-accordion__title\"><span>I receive social welfare.<\/span><\/div><div class=\"wp-block-hb-accordion__content\"><div class=\"wp-block-hb-accordion__contentwrap\">In this case, your local social welfare office is responsible. You can use the following map to search for your municipality and obtain contact information.<br><br><a href=\"https:\/\/wir-lernen-weiter.ch\/en\/partnergemeinden\/\" data-type=\"page\" data-id=\"2139\"><strong>Partner communities<\/strong><\/a><\/div><\/div><\/div><div class=\"wp-block-hb-accordion__section\" data-ht-blocks-accordion-block-state=\"closed\"><div class=\"wp-block-hb-accordion__title\"><span>I am in the migration or asylum process.<\/span><\/div><div class=\"wp-block-hb-accordion__content\"><div class=\"wp-block-hb-accordion__contentwrap\">Contact your responsible organisation directly. Many cantonal offices and third-party organisations work with us. There is a good chance that a partnership already exists.<br><br>As the requirements for obtaining a laptop are very different, we are unfortunately unable to share any further information here. Please contact the relevant office directly.<\/div><\/div><\/div><div class=\"wp-block-hb-accordion__section\" data-ht-blocks-accordion-block-state=\"closed\"><div class=\"wp-block-hb-accordion__title\"><span>Neither, but I don't have any other money.<\/span><\/div><div class=\"wp-block-hb-accordion__content\"><div class=\"wp-block-hb-accordion__contentwrap\">Then we would be happy to refer you to the overview map of our partner organisations.<br><br>Please note that individual organisations have certain conditions - for example, they can only help in certain situations or require additional documents from you.<br><br><a href=\"https:\/\/wir-lernen-weiter.ch\/en\/partnerorganisationen\/\" data-type=\"page\" data-id=\"2132\"><strong>Partner organisations<\/strong><\/a><\/div><\/div><\/div><\/div>\n\n\n\n<p class=\"wp-block-ht-blocks-messages wp-block-hb-message wp-block-hb-message--withicon is-style-alert\"><strong>\ud83e\udd37 Can't find anything suitable?<\/strong><br><br>Our small organisation is not yet known everywhere. If, for example, your municipality or a particular organisation is not yet a member, please refer them to us.<\/p>\n\n\n\n<p><\/p>","protected":false},"excerpt":{"rendered":"<p>Wir helfen gerne! Laptops k\u00f6nnen von unseren Partnerorganisationen bestellt werden. Viele Sozial\u00e4mter, Kantonale Stellen und auch Hilfswerke geh\u00f6ren schon dazu. Klicke auf die Schaltfl\u00e4che, die zu Deiner Armutssituation passt und erhalte weitere Infos zum Ablauf. Finde die richtige Anlaufstelle<\/p>","protected":false},"author":6,"featured_media":0,"parent":0,"menu_order":0,"comment_status":"closed","ping_status":"closed","template":"","meta":{"iawp_total_views":250,"footnotes":""},"class_list":["post-2336","page","type-page","status-publish","hentry"],"_links":{"self":[{"href":"https:\/\/wir-lernen-weiter.ch\/en\/wp-json\/wp\/v2\/pages\/2336","targetHints":{"allow":["GET"]}}],"collection":[{"href":"https:\/\/wir-lernen-weiter.ch\/en\/wp-json\/wp\/v2\/pages"}],"about":[{"href":"https:\/\/wir-lernen-weiter.ch\/en\/wp-json\/wp\/v2\/types\/page"}],"author":[{"embeddable":true,"href":"https:\/\/wir-lernen-weiter.ch\/en\/wp-json\/wp\/v2\/users\/6"}],"replies":[{"embeddable":true,"href":"https:\/\/wir-lernen-weiter.ch\/en\/wp-json\/wp\/v2\/comments?post=2336"}],"version-history":[{"count":1,"href":"https:\/\/wir-lernen-weiter.ch\/en\/wp-json\/wp\/v2\/pages\/2336\/revisions"}],"predecessor-version":[{"id":6685,"href":"https:\/\/wir-lernen-weiter.ch\/en\/wp-json\/wp\/v2\/pages\/2336\/revisions\/6685"}],"wp:attachment":[{"href":"https:\/\/wir-lernen-weiter.ch\/en\/wp-json\/wp\/v2\/media?parent=2336"}],"curies":[{"name":"wp","href":"https:\/\/api.w.org\/{rel}","templated":true}]}}